{"id":924,"date":"2021-08-03T20:39:40","date_gmt":"2021-08-03T23:39:40","guid":{"rendered":"http:\/\/transparencia.crea-pi.org.br\/?page_id=924"},"modified":"2021-08-04T21:11:17","modified_gmt":"2021-08-05T00:11:17","slug":"outubro-2020","status":"publish","type":"page","link":"https:\/\/transparencia.crea-pi.org.br\/index.php\/outubro-2020\/","title":{"rendered":"OUTUBRO\/2020"},"content":{"rendered":"<p>Nesta se\u00e7\u00e3o s\u00e3o divulgadas informa\u00e7\u00f5es sobre di\u00e1rias, passagens, previs\u00e3o e arrecada\u00e7\u00e3o de receita p\u00fablica e execu\u00e7\u00e3o or\u00e7ament\u00e1ria e financeira detalhada do CREA-PI.<\/p>\n<p><a href=\"http:\/\/transparencia.crea-pi.org.br\/wp-content\/uploads\/2021\/08\/Variacoes-Patrimoniais-9.pdf\">Varia\u00e7\u00f5es Patrimoniais<\/a><\/p>\n<p><a href=\"http:\/\/transparencia.crea-pi.org.br\/wp-content\/uploads\/2021\/08\/Relacao-de-Empenho-1.pdf\">Rela\u00e7\u00e3o de Empenho<\/a><\/p>\n<p><a href=\"http:\/\/transparencia.crea-pi.org.br\/wp-content\/uploads\/2021\/08\/receita-6.pdf\">Demonstrativos de Receitas<\/a><\/p>\n<p><a href=\"http:\/\/transparencia.crea-pi.org.br\/wp-content\/uploads\/2021\/08\/diarias-e-passagens-7.pdf\">Di\u00e1rias e passagens<\/a><\/p>\n<p><a href=\"http:\/\/transparencia.crea-pi.org.br\/wp-content\/uploads\/2021\/08\/DFC-1-1.pdf\">DFC<\/a><\/p>\n<p><a href=\"http:\/\/transparencia.crea-pi.org.br\/wp-content\/uploads\/2021\/08\/despesas-7.pdf\" target=\"_blank\" rel=\"noopener\">Demonstrativos de Despesas<\/a><\/p>\n<p><a href=\"http:\/\/transparencia.crea-pi.org.br\/wp-content\/uploads\/2021\/08\/Demonstrativo-Emepnho-e-Pagamento.pdf\">Demonstrativo Empenho e Pagamento<\/a><\/p>\n<p><a href=\"http:\/\/transparencia.crea-pi.org.br\/wp-content\/uploads\/2021\/08\/Balanco-Patrimonial-9.pdf\">Balan\u00e7o Patrimonial<\/a><\/p>\n<p><a href=\"http:\/\/transparencia.crea-pi.org.br\/wp-content\/uploads\/2021\/08\/Balanco-Orcamentario-9.pdf\">Balan\u00e7o Or\u00e7ament\u00e1rio<\/a><\/p>\n<p><a href=\"http:\/\/transparencia.crea-pi.org.br\/wp-content\/uploads\/2021\/08\/Balanco-Financeiro-7.pdf\" target=\"_blank\" rel=\"noopener\">Balan\u00e7o Financeiro<\/a><\/p>\n","protected":false},"excerpt":{"rendered":"<p>Nesta se\u00e7\u00e3o s\u00e3o divulgadas informa\u00e7\u00f5es sobre di\u00e1rias, passagens, previs\u00e3o e arrecada\u00e7\u00e3o de receita p\u00fablica e execu\u00e7\u00e3o or\u00e7ament\u00e1ria e financeira detalhada do CREA-PI. Varia\u00e7\u00f5es Patrimoniais Rela\u00e7\u00e3o de Empenho Demonstrativos de Receitas Di\u00e1rias e passagens DFC Demonstrativos de Despesas Demonstrativo Empenho e Pagamento Balan\u00e7o Patrimonial Balan\u00e7o Or\u00e7ament\u00e1rio Balan\u00e7o Financeiro<\/p>\n","protected":false},"author":3,"featured_media":0,"parent":0,"menu_order":0,"comment_status":"closed","ping_status":"closed","template":"","meta":{"om_disable_all_campaigns":false,"_monsterinsights_skip_tracking":false,"_monsterinsights_sitenote_active":false,"_monsterinsights_sitenote_note":"","_monsterinsights_sitenote_category":0,"_kad_post_transparent":"default","_kad_post_title":"default","_kad_post_layout":"default","_kad_post_sidebar_id":"","_kad_post_content_style":"default","_kad_post_vertical_padding":"default","_kad_post_feature":"","_kad_post_feature_position":"","_kad_post_header":false,"_kad_post_footer":false,"footnotes":""},"aioseo_notices":[],"_links":{"self":[{"href":"https:\/\/transparencia.crea-pi.org.br\/index.php\/wp-json\/wp\/v2\/pages\/924"}],"collection":[{"href":"https:\/\/transparencia.crea-pi.org.br\/index.php\/wp-json\/wp\/v2\/pages"}],"about":[{"href":"https:\/\/transparencia.crea-pi.org.br\/index.php\/wp-json\/wp\/v2\/types\/page"}],"author":[{"embeddable":true,"href":"https:\/\/transparencia.crea-pi.org.br\/index.php\/wp-json\/wp\/v2\/users\/3"}],"replies":[{"embeddable":true,"href":"https:\/\/transparencia.crea-pi.org.br\/index.php\/wp-json\/wp\/v2\/comments?post=924"}],"version-history":[{"count":3,"href":"https:\/\/transparencia.crea-pi.org.br\/index.php\/wp-json\/wp\/v2\/pages\/924\/revisions"}],"predecessor-version":[{"id":1170,"href":"https:\/\/transparencia.crea-pi.org.br\/index.php\/wp-json\/wp\/v2\/pages\/924\/revisions\/1170"}],"wp:attachment":[{"href":"https:\/\/transparencia.crea-pi.org.br\/index.php\/wp-json\/wp\/v2\/media?parent=924"}],"curies":[{"name":"wp","href":"https:\/\/api.w.org\/{rel}","templated":true}]}}