{"id":882,"date":"2021-08-03T20:05:15","date_gmt":"2021-08-03T23:05:15","guid":{"rendered":"http:\/\/transparencia.crea-pi.org.br\/?page_id=882"},"modified":"2021-08-30T19:49:55","modified_gmt":"2021-08-30T22:49:55","slug":"julho-2021","status":"publish","type":"page","link":"https:\/\/transparencia.crea-pi.org.br\/index.php\/julho-2021\/","title":{"rendered":"JULHO\/2021"},"content":{"rendered":"<p>Nesta se\u00e7\u00e3o s\u00e3o divulgadas informa\u00e7\u00f5es sobre di\u00e1rias, passagens, previs\u00e3o e arrecada\u00e7\u00e3o de receita p\u00fablica e execu\u00e7\u00e3o or\u00e7ament\u00e1ria e financeira detalhada do CREA-PI.<\/p>\n<p>Balan\u00e7o financeiro<br \/>\nBalan\u00e7o or\u00e7ament\u00e1rio<br \/>\nBalan\u00e7o patrimonial<br \/>\nDemonstrativos de despesas<br \/>\nDemonstrativos de receitas<br \/>\nDemonstrativos de empenhos e pagamentos<br \/>\nDFC<br \/>\nDi\u00e1rias e passagens<br \/>\nRela\u00e7\u00e3o de empenho<br \/>\nVaria\u00e7\u00f5es patrimoniais<\/p>\n","protected":false},"excerpt":{"rendered":"<p>Nesta se\u00e7\u00e3o s\u00e3o divulgadas informa\u00e7\u00f5es sobre di\u00e1rias, passagens, previs\u00e3o e arrecada\u00e7\u00e3o de receita p\u00fablica e execu\u00e7\u00e3o or\u00e7ament\u00e1ria e financeira detalhada do CREA-PI. Balan\u00e7o financeiro Balan\u00e7o or\u00e7ament\u00e1rio Balan\u00e7o patrimonial Demonstrativos de despesas Demonstrativos de receitas Demonstrativos de empenhos e pagamentos DFC Di\u00e1rias e passagens Rela\u00e7\u00e3o de empenho Varia\u00e7\u00f5es patrimoniais<\/p>\n","protected":false},"author":3,"featured_media":0,"parent":0,"menu_order":0,"comment_status":"closed","ping_status":"closed","template":"","meta":{"om_disable_all_campaigns":false,"_monsterinsights_skip_tracking":false,"_monsterinsights_sitenote_active":false,"_monsterinsights_sitenote_note":"","_monsterinsights_sitenote_category":0,"_kad_post_transparent":"default","_kad_post_title":"default","_kad_post_layout":"default","_kad_post_sidebar_id":"","_kad_post_content_style":"default","_kad_post_vertical_padding":"default","_kad_post_feature":"","_kad_post_feature_position":"","_kad_post_header":false,"_kad_post_footer":false,"footnotes":""},"aioseo_notices":[],"_links":{"self":[{"href":"https:\/\/transparencia.crea-pi.org.br\/index.php\/wp-json\/wp\/v2\/pages\/882"}],"collection":[{"href":"https:\/\/transparencia.crea-pi.org.br\/index.php\/wp-json\/wp\/v2\/pages"}],"about":[{"href":"https:\/\/transparencia.crea-pi.org.br\/index.php\/wp-json\/wp\/v2\/types\/page"}],"author":[{"embeddable":true,"href":"https:\/\/transparencia.crea-pi.org.br\/index.php\/wp-json\/wp\/v2\/users\/3"}],"replies":[{"embeddable":true,"href":"https:\/\/transparencia.crea-pi.org.br\/index.php\/wp-json\/wp\/v2\/comments?post=882"}],"version-history":[{"count":3,"href":"https:\/\/transparencia.crea-pi.org.br\/index.php\/wp-json\/wp\/v2\/pages\/882\/revisions"}],"predecessor-version":[{"id":1274,"href":"https:\/\/transparencia.crea-pi.org.br\/index.php\/wp-json\/wp\/v2\/pages\/882\/revisions\/1274"}],"wp:attachment":[{"href":"https:\/\/transparencia.crea-pi.org.br\/index.php\/wp-json\/wp\/v2\/media?parent=882"}],"curies":[{"name":"wp","href":"https:\/\/api.w.org\/{rel}","templated":true}]}}