{"id":74,"date":"2021-07-12T16:19:02","date_gmt":"2021-07-12T19:19:02","guid":{"rendered":"http:\/\/transparencia.crea-pi.org.br\/?page_id=74"},"modified":"2026-03-05T18:58:22","modified_gmt":"2026-03-05T21:58:22","slug":"sobre-o-crea-pi","status":"publish","type":"page","link":"https:\/\/transparencia.crea-pi.org.br\/index.php\/sobre-o-crea-pi\/","title":{"rendered":"Sobre o CREA-PI"},"content":{"rendered":"<div class=\"fusion-title title fusion-title-size-three\" data-raofz=\"14\">\n<h3 class=\"title-heading-left\" data-raofz=\"24\"><strong>Conhe\u00e7a o Crea-PI: Hist\u00f3ria e Legisla\u00e7\u00e3o<\/strong><\/h3>\n<\/div>\n<p data-raofz=\"14\">O Conselho Regional de Engenharia e Agronomia do Piau\u00ed \u2013 Crea-PI \u00e9 entidade aut\u00e1rquica de fiscaliza\u00e7\u00e3o do exerc\u00edcio e das atividades profissionais dotada de personalidade jur\u00eddica de direito p\u00fablico, constituindo servi\u00e7o p\u00fablico federal, vinculada ao Conselho Federal de Engenharia e Agronomia \u2013 Confea, com sede e foro na cidade de Teresina e jurisdi\u00e7\u00e3o no Estado do Piau\u00ed, institu\u00edda pela Resolu\u00e7\u00e3o n\u00ba 234, de 19 de setembro de 1975, na forma estabelecida pelo Decreto Federal n\u00ba 23.569, de 11 de dezembro de 1933, e mantida pela Lei n\u00b0 5.194, de 24 de dezembro de 1966, para exercer papel institucional de primeira e segunda inst\u00e2ncias no \u00e2mbito de sua jurisdi\u00e7\u00e3o. O Crea-PI possui 11 Inspetorias atuando no estado: Bom Jesus, Campo Maior, Corrente, Floriano, Parna\u00edba, Paulistana, Picos, Piripiri, S\u00e3o Raimundo Nonato, Oeiras e Uru\u00e7u\u00ed.<\/p>\n<p data-raofz=\"14\">\u00c9 o \u00f3rg\u00e3o de fiscaliza\u00e7\u00e3o, controle, orienta\u00e7\u00e3o e aprimoramento do exerc\u00edcio e das atividades profissionais da Engenharia da Agronomia, da Geologia, da Geografia e da Meteorologia, em seus n\u00edveis m\u00e9dio e superior, no territ\u00f3rio de sua jurisdi\u00e7\u00e3o. (artigos 1\u00ba e 2\u00ba do Regimento).<\/p>\n<p data-raofz=\"14\">Os Conselhos Profissionais n\u00e3o recebem nenhum tipo de subs\u00eddio do Governo, e assim como todos os outros CREAs distribu\u00eddos pelo Brasil, o CREA-PI \u00e9 vinculado ao Conselho Federal de Engenharia e Agronomia \u2013 Confea, que \u00e9 a inst\u00e2ncia superior de regulamenta\u00e7\u00e3o das profiss\u00f5es abrangidas. Cabe ao Confea garantir a unidade de a\u00e7\u00e3o e a normatiza\u00e7\u00e3o de todos os CREAs, exercendo fun\u00e7\u00f5es de supervis\u00e3o financeira e administrativa sobre eles, formando-se assim, o Sistema Confea\/Creas.<\/p>\n<p data-raofz=\"14\">Ciente da import\u00e2ncia do papel que desempenha na sociedade, o Conselho congrega, atualmente, aproximadamente 12 mil registros. S\u00e3o profissionais da Engenharia Civil; Geografia; Agrimensura; Engenharia El\u00e9trica e Eletr\u00f4nica, Eletrot\u00e9cnica; Engenharia Industrial, Mec\u00e2nica, T\u00eaxtil, Qu\u00edmica, Naval, Aeron\u00e1utica e Metal\u00fargica; Agronomia; Meteorologia; Geologia; Engenharia de Minas; Engenharia Florestal e Engenharia Qu\u00edmica. E, tamb\u00e9m, os Tecn\u00f3logos e os T\u00e9cnicos de N\u00edvel M\u00e9dio da \u00e1rea tecnol\u00f3gica.<\/p>\n<p data-raofz=\"14\">Fiscalizando o exerc\u00edcio de atividades fundamentais para o desenvolvimento socioecon\u00f4mico do estado, o Crea-PI congrega, atualmente, aproximadamente 12 mil registros nas diversas modalidades, e oferece, acima de tudo, prote\u00e7\u00e3o: tanto ao garantir o exerc\u00edcio apenas aos profissionais legalmente habilitado, como ao assegurar ao cidad\u00e3o que os servi\u00e7os, por ele contratados, possuam um respons\u00e1vel t\u00e9cnico qualificado. \u00c9 neste espa\u00e7o que atua a fiscaliza\u00e7\u00e3o do Regional que, atrav\u00e9s dos seus agentes fiscais e contando com a colabora\u00e7\u00e3o da sociedade por meio de den\u00fancias, percorre todo o estado verificando empresas p\u00fablicas e privadas, obras e reformas, receitu\u00e1rios agr\u00edcolas e os mais diversos servi\u00e7os t\u00e9cnicos, exigindo de seus executores a Anota\u00e7\u00e3o de Responsabilidade T\u00e9cnica (ART), documento que forma o acervo de cada profissional e garante \u00e0 sociedade a certeza de que aquele que executa o servi\u00e7o est\u00e1 habilitado a realiz\u00e1-lo.<\/p>\n<p data-raofz=\"14\"><a role=\"link\" href=\"https:\/\/www.crea-pi.org.br\/legislacao\/\" target=\"_blank\" rel=\"noopener\" data-raofz=\"14\">Acesse a base jur\u00eddica do Sistema Confea\/Crea<\/a><\/p>\n<div class=\"fusion-title title fusion-title-size-three\" data-raofz=\"14\">\n<h3 class=\"title-heading-left\" data-raofz=\"24\"><strong>Objetivos<\/strong><\/h3>\n<div class=\"title-sep-container\" data-raofz=\"14\">\n<div class=\"title-sep sep-double\" data-raofz=\"14\"><\/div>\n<\/div>\n<\/div>\n<p data-raofz=\"14\">Garantir \u00e0 sociedade que somente profissionais tecnicamente habilitados sejam respons\u00e1veis por servi\u00e7os e\/ou obras. Registrar profissionais e empresas da \u00e1rea tecnol\u00f3gica. Fiscalizar o exerc\u00edcio profissional em defesa da comunidade.<\/p>\n<div class=\"fusion-title title fusion-title-size-three\" data-raofz=\"14\">\n<h3 class=\"title-heading-left\" data-raofz=\"24\"><strong>Atribui\u00e7\u00f5es<\/strong><\/h3>\n<div class=\"title-sep-container\" data-raofz=\"14\">\n<div class=\"title-sep sep-double\" data-raofz=\"14\"><\/div>\n<\/div>\n<\/div>\n<p data-raofz=\"14\">Autorizar a atua\u00e7\u00e3o da empresa ou do profissional, atrav\u00e9s do seu registro. Manter o Acervo T\u00e9cnico do profissional, com registro de todas as suas obras\/servi\u00e7os. Exigir da sociedade que somente profissionais tecnicamente habilitados sejam respons\u00e1veis por obras\/servi\u00e7os da \u00e1rea tecnol\u00f3gica. Registrar a ART \u2013 Anota\u00e7\u00e3o de Responsabilidade T\u00e9cnica \u2013 documento que especifica as responsabilidades do profissional quanto aos servi\u00e7os\/obras executados<\/p>\n<div class=\"fusion-title title fusion-title-size-three\" data-raofz=\"14\">\n<h3 class=\"title-heading-left\" data-raofz=\"24\"><strong>Estrutura Organizacional (Organograma)<\/strong><\/h3>\n<p><a href=\"http:\/\/transparencia.crea-pi.org.br\/wp-content\/uploads\/2026\/03\/6-Organograma-FEV-2025.pdf\">Organograma<\/a><\/p>\n<p style=\"text-align: justify;\">\n<\/div>\n","protected":false},"excerpt":{"rendered":"<p>Conhe\u00e7a o Crea-PI: Hist\u00f3ria e Legisla\u00e7\u00e3o O Conselho Regional de Engenharia e Agronomia do Piau\u00ed \u2013 Crea-PI \u00e9 entidade aut\u00e1rquica de fiscaliza\u00e7\u00e3o do exerc\u00edcio e das atividades profissionais dotada de personalidade jur\u00eddica de direito p\u00fablico, constituindo servi\u00e7o p\u00fablico federal, vinculada ao Conselho Federal de Engenharia e Agronomia \u2013 Confea, com sede e foro na cidade&#8230;<\/p>\n","protected":false},"author":1,"featured_media":0,"parent":0,"menu_order":0,"comment_status":"closed","ping_status":"closed","template":"","meta":{"om_disable_all_campaigns":false,"_monsterinsights_skip_tracking":false,"_monsterinsights_sitenote_active":false,"_monsterinsights_sitenote_note":"","_monsterinsights_sitenote_category":0,"_kad_post_transparent":"default","_kad_post_title":"default","_kad_post_layout":"default","_kad_post_sidebar_id":"","_kad_post_content_style":"default","_kad_post_vertical_padding":"default","_kad_post_feature":"","_kad_post_feature_position":"","_kad_post_header":false,"_kad_post_footer":false,"footnotes":""},"aioseo_notices":[],"_links":{"self":[{"href":"https:\/\/transparencia.crea-pi.org.br\/index.php\/wp-json\/wp\/v2\/pages\/74"}],"collection":[{"href":"https:\/\/transparencia.crea-pi.org.br\/index.php\/wp-json\/wp\/v2\/pages"}],"about":[{"href":"https:\/\/transparencia.crea-pi.org.br\/index.php\/wp-json\/wp\/v2\/types\/page"}],"author":[{"embeddable":true,"href":"https:\/\/transparencia.crea-pi.org.br\/index.php\/wp-json\/wp\/v2\/users\/1"}],"replies":[{"embeddable":true,"href":"https:\/\/transparencia.crea-pi.org.br\/index.php\/wp-json\/wp\/v2\/comments?post=74"}],"version-history":[{"count":17,"href":"https:\/\/transparencia.crea-pi.org.br\/index.php\/wp-json\/wp\/v2\/pages\/74\/revisions"}],"predecessor-version":[{"id":7359,"href":"https:\/\/transparencia.crea-pi.org.br\/index.php\/wp-json\/wp\/v2\/pages\/74\/revisions\/7359"}],"wp:attachment":[{"href":"https:\/\/transparencia.crea-pi.org.br\/index.php\/wp-json\/wp\/v2\/media?parent=74"}],"curies":[{"name":"wp","href":"https:\/\/api.w.org\/{rel}","templated":true}]}}