{"id":710,"date":"2021-07-22T10:03:39","date_gmt":"2021-07-22T13:03:39","guid":{"rendered":"http:\/\/transparencia.crea-pi.org.br\/?page_id=710"},"modified":"2025-10-21T16:24:30","modified_gmt":"2025-10-21T19:24:30","slug":"contratos-vigente-2021","status":"publish","type":"page","link":"https:\/\/transparencia.crea-pi.org.br\/index.php\/contratos-vigente-2021\/","title":{"rendered":"SERVIDORES"},"content":{"rendered":"\t\t<div data-elementor-type=\"wp-page\" data-elementor-id=\"710\" class=\"elementor elementor-710\" data-elementor-post-type=\"page\">\n\t\t\t\t\t\t<section class=\"elementor-section elementor-top-section elementor-element elementor-element-4e85d173 elementor-section-boxed elementor-section-height-default elementor-section-height-default\" data-id=\"4e85d173\" data-element_type=\"section\">\n\t\t\t\t\t\t<div class=\"elementor-container elementor-column-gap-default\">\n\t\t\t\t\t<div class=\"elementor-column elementor-col-100 elementor-top-column elementor-element elementor-element-59474a35\" data-id=\"59474a35\" data-element_type=\"column\">\n\t\t\t<div class=\"elementor-widget-wrap elementor-element-populated\">\n\t\t\t\t\t\t<div class=\"elementor-element elementor-element-776d5a09 elementor-widget elementor-widget-text-editor\" data-id=\"776d5a09\" data-element_type=\"widget\" data-widget_type=\"text-editor.default\">\n\t\t\t\t<div class=\"elementor-widget-container\">\n\t\t\t\t\t\t\t\t\t<p style=\"text-align: justify;\">Nesta se\u00e7\u00e3o s\u00e3o divulgadas informa\u00e7\u00f5es sobre concursos p\u00fablicos de provimento de cargos e rela\u00e7\u00e3o dos servidores p\u00fablicos lotados ou em exerc\u00edcio no CREA-PI.<\/p>\n<h2 data-raofz=\"26\">Listagem de Servidores<\/h2>\t\t\t\t\t\t\t\t<\/div>\n\t\t\t\t<\/div>\n\t\t\t\t<div class=\"elementor-element elementor-element-9041dd1 elementor-widget elementor-widget-elementskit-accordion\" data-id=\"9041dd1\" data-element_type=\"widget\" data-widget_type=\"elementskit-accordion.default\">\n\t\t\t\t<div class=\"elementor-widget-container\">\n\t\t\t\t\t<div class=\"ekit-wid-con\" >\n        <div class=\"elementskit-accordion accoedion-primary\" id=\"accordion-69d2aa7c7acec\">\n\n            \n                <div class=\"elementskit-card active\">\n                    <div class=\"elementskit-card-header\" id=\"primaryHeading-0-9041dd1\">\n                        <a href=\"#collapse-455180769d2aa7c7acec\" class=\"ekit-accordion--toggler elementskit-btn-link collapsed\" data-ekit-toggle=\"collapse\" data-target=\"#Collapse-455180769d2aa7c7acec\" aria-expanded=\"true\" aria-controls=\"Collapse-455180769d2aa7c7acec\">\n                            \n                            <span class=\"ekit-accordion-title\">Empregados Comissionados<\/span>\n\n                            \n                                <div class=\"ekit_accordion_icon_group\">\n                                    <div class=\"ekit_accordion_normal_icon\">\n                                        <!-- Normal Icon -->\n\t\t\t\t\t\t\t\t\t\t<i class=\"icon icon-down-arrow1\"><\/i>                                    <\/div>\n\n                                    <div class=\"ekit_accordion_active_icon\">\n                                        <!-- Active Icon -->\n\t\t\t\t\t\t\t\t\t\t<i class=\"icon icon-up-arrow\"><\/i>                                    <\/div>\n                                <\/div>\n\n                            \n                                                    <\/a>\n                    <\/div>\n\n                    <div id=\"Collapse-455180769d2aa7c7acec\" class=\" show collapse\" aria-labelledby=\"primaryHeading-0-9041dd1\" data-parent=\"#accordion-69d2aa7c7acec\">\n\n                        <div class=\"elementskit-card-body ekit-accordion--content\">\n                            <p><a href=\"http:\/\/transparencia.crea-pi.org.br\/wp-content\/uploads\/2025\/07\/COMISSIONADOS-1.docx\">anexo 1<\/a><\/p><p><a href=\"http:\/\/transparencia.crea-pi.org.br\/wp-content\/uploads\/2025\/07\/CEDIDOS.docx\">anexo 2 - cedido\u00a0<\/a><\/p>                        <\/div>\n\n                    <\/div>\n\n                <\/div><!-- .elementskit-card END -->\n\n                \n                <div class=\"elementskit-card \">\n                    <div class=\"elementskit-card-header\" id=\"primaryHeading-1-9041dd1\">\n                        <a href=\"#collapse-417308b69d2aa7c7acec\" class=\"ekit-accordion--toggler elementskit-btn-link collapsed\" data-ekit-toggle=\"collapse\" data-target=\"#Collapse-417308b69d2aa7c7acec\" aria-expanded=\"false\" aria-controls=\"Collapse-417308b69d2aa7c7acec\">\n                            \n                            <span class=\"ekit-accordion-title\">Empregados Efetivos<\/span>\n\n                            \n                                <div class=\"ekit_accordion_icon_group\">\n                                    <div class=\"ekit_accordion_normal_icon\">\n                                        <!-- Normal Icon -->\n\t\t\t\t\t\t\t\t\t\t<i class=\"icon icon-down-arrow1\"><\/i>                                    <\/div>\n\n                                    <div class=\"ekit_accordion_active_icon\">\n                                        <!-- Active Icon -->\n\t\t\t\t\t\t\t\t\t\t<i class=\"icon icon-up-arrow\"><\/i>                                    <\/div>\n                                <\/div>\n\n                            \n                                                    <\/a>\n                    <\/div>\n\n                    <div id=\"Collapse-417308b69d2aa7c7acec\" class=\" collapse\" aria-labelledby=\"primaryHeading-1-9041dd1\" data-parent=\"#accordion-69d2aa7c7acec\">\n\n                        <div class=\"elementskit-card-body ekit-accordion--content\">\n                            <p><a href=\"http:\/\/transparencia.crea-pi.org.br\/wp-content\/uploads\/2025\/10\/Listagem-de-Empregados-Efetivos-09.2025.pdf\">anexo 1<\/a><\/p>                        <\/div>\n\n                    <\/div>\n\n                <\/div><!-- .elementskit-card END -->\n\n                \n                <div class=\"elementskit-card \">\n                    <div class=\"elementskit-card-header\" id=\"primaryHeading-2-9041dd1\">\n                        <a href=\"#collapse-1ab8ade69d2aa7c7acec\" class=\"ekit-accordion--toggler elementskit-btn-link collapsed\" data-ekit-toggle=\"collapse\" data-target=\"#Collapse-1ab8ade69d2aa7c7acec\" aria-expanded=\"false\" aria-controls=\"Collapse-1ab8ade69d2aa7c7acec\">\n                            \n                            <span class=\"ekit-accordion-title\">Empresas Terceirizadas<\/span>\n\n                            \n                                <div class=\"ekit_accordion_icon_group\">\n                                    <div class=\"ekit_accordion_normal_icon\">\n                                        <!-- Normal Icon -->\n\t\t\t\t\t\t\t\t\t\t<i class=\"icon icon-down-arrow1\"><\/i>                                    <\/div>\n\n                                    <div class=\"ekit_accordion_active_icon\">\n                                        <!-- Active Icon -->\n\t\t\t\t\t\t\t\t\t\t<i class=\"icon icon-up-arrow\"><\/i>                                    <\/div>\n                                <\/div>\n\n                            \n                                                    <\/a>\n                    <\/div>\n\n                    <div id=\"Collapse-1ab8ade69d2aa7c7acec\" class=\" collapse\" aria-labelledby=\"primaryHeading-2-9041dd1\" data-parent=\"#accordion-69d2aa7c7acec\">\n\n                        <div class=\"elementskit-card-body ekit-accordion--content\">\n                            <p><a href=\"http:\/\/transparencia.crea-pi.org.br\/wp-content\/uploads\/2025\/10\/LISTAGEM-DE-FUNCIONARIOS-LOKAL.pdf\">anexo 1\u00a0<\/a><\/p>                        <\/div>\n\n                    <\/div>\n\n                <\/div><!-- .elementskit-card END -->\n\n                \n                <div class=\"elementskit-card \">\n                    <div class=\"elementskit-card-header\" id=\"primaryHeading-3-9041dd1\">\n                        <a href=\"#collapse-80c1a5969d2aa7c7acec\" class=\"ekit-accordion--toggler elementskit-btn-link collapsed\" data-ekit-toggle=\"collapse\" data-target=\"#Collapse-80c1a5969d2aa7c7acec\" aria-expanded=\"false\" aria-controls=\"Collapse-80c1a5969d2aa7c7acec\">\n                            \n                            <span class=\"ekit-accordion-title\">Estagi\u00e1rios<\/span>\n\n                            \n                                <div class=\"ekit_accordion_icon_group\">\n                                    <div class=\"ekit_accordion_normal_icon\">\n                                        <!-- Normal Icon -->\n\t\t\t\t\t\t\t\t\t\t<i class=\"icon icon-down-arrow1\"><\/i>                                    <\/div>\n\n                                    <div class=\"ekit_accordion_active_icon\">\n                                        <!-- Active Icon -->\n\t\t\t\t\t\t\t\t\t\t<i class=\"icon icon-up-arrow\"><\/i>                                    <\/div>\n                                <\/div>\n\n                            \n                                                    <\/a>\n                    <\/div>\n\n                    <div id=\"Collapse-80c1a5969d2aa7c7acec\" class=\" collapse\" aria-labelledby=\"primaryHeading-3-9041dd1\" data-parent=\"#accordion-69d2aa7c7acec\">\n\n                        <div class=\"elementskit-card-body ekit-accordion--content\">\n                            <p><a href=\"http:\/\/transparencia.crea-pi.org.br\/wp-content\/uploads\/2025\/04\/Listagem-de-Estagiarios-04.2025.pdf\">anexo 1<\/a><\/p>                        <\/div>\n\n                    <\/div>\n\n                <\/div><!-- .elementskit-card END -->\n\n                \n                <div class=\"elementskit-card \">\n                    <div class=\"elementskit-card-header\" id=\"primaryHeading-4-9041dd1\">\n                        <a href=\"#collapse-8b47db569d2aa7c7acec\" class=\"ekit-accordion--toggler elementskit-btn-link collapsed\" data-ekit-toggle=\"collapse\" data-target=\"#Collapse-8b47db569d2aa7c7acec\" aria-expanded=\"false\" aria-controls=\"Collapse-8b47db569d2aa7c7acec\">\n                            \n                            <span class=\"ekit-accordion-title\">Menor Aprendiz<\/span>\n\n                            \n                                <div class=\"ekit_accordion_icon_group\">\n                                    <div class=\"ekit_accordion_normal_icon\">\n                                        <!-- Normal Icon -->\n\t\t\t\t\t\t\t\t\t\t<i class=\"icon icon-down-arrow1\"><\/i>                                    <\/div>\n\n                                    <div class=\"ekit_accordion_active_icon\">\n                                        <!-- Active Icon -->\n\t\t\t\t\t\t\t\t\t\t<i class=\"icon icon-up-arrow\"><\/i>                                    <\/div>\n                                <\/div>\n\n                            \n                                                    <\/a>\n                    <\/div>\n\n                    <div id=\"Collapse-8b47db569d2aa7c7acec\" class=\" collapse\" aria-labelledby=\"primaryHeading-4-9041dd1\" data-parent=\"#accordion-69d2aa7c7acec\">\n\n                        <div class=\"elementskit-card-body ekit-accordion--content\">\n                            <p><a href=\"http:\/\/transparencia.crea-pi.org.br\/wp-content\/uploads\/2025\/04\/Listagem-de-Aprendizes-04.2025.pdf\">anexo 1<\/a><\/p>                        <\/div>\n\n                    <\/div>\n\n                <\/div><!-- .elementskit-card END -->\n\n                \n                <div class=\"elementskit-card \">\n                    <div class=\"elementskit-card-header\" id=\"primaryHeading-5-9041dd1\">\n                        <a href=\"#collapse-4ca21a669d2aa7c7acec\" class=\"ekit-accordion--toggler elementskit-btn-link collapsed\" data-ekit-toggle=\"collapse\" data-target=\"#Collapse-4ca21a669d2aa7c7acec\" aria-expanded=\"false\" aria-controls=\"Collapse-4ca21a669d2aa7c7acec\">\n                            \n                            <span class=\"ekit-accordion-title\">Plano de Cargos, Carreira e Sal\u00e1rios<\/span>\n\n                            \n                                <div class=\"ekit_accordion_icon_group\">\n                                    <div class=\"ekit_accordion_normal_icon\">\n                                        <!-- Normal Icon -->\n\t\t\t\t\t\t\t\t\t\t<i class=\"icon icon-down-arrow1\"><\/i>                                    <\/div>\n\n                                    <div class=\"ekit_accordion_active_icon\">\n                                        <!-- Active Icon -->\n\t\t\t\t\t\t\t\t\t\t<i class=\"icon icon-up-arrow\"><\/i>                                    <\/div>\n                                <\/div>\n\n                            \n                                                    <\/a>\n                    <\/div>\n\n                    <div id=\"Collapse-4ca21a669d2aa7c7acec\" class=\" collapse\" aria-labelledby=\"primaryHeading-5-9041dd1\" data-parent=\"#accordion-69d2aa7c7acec\">\n\n                        <div class=\"elementskit-card-body ekit-accordion--content\">\n                            <p><a href=\"http:\/\/transparencia.crea-pi.org.br\/wp-content\/uploads\/2024\/11\/PLANO-DE-CARGOS-MAI-28-05-2012-Alterado-e-Aprovado-Em-vigor.pdf\">anexo 1<\/a><\/p>                        <\/div>\n\n                    <\/div>\n\n                <\/div><!-- .elementskit-card END -->\n\n                \n                <div class=\"elementskit-card \">\n                    <div class=\"elementskit-card-header\" id=\"primaryHeading-6-9041dd1\">\n                        <a href=\"#collapse-ac48e9869d2aa7c7acec\" class=\"ekit-accordion--toggler elementskit-btn-link collapsed\" data-ekit-toggle=\"collapse\" data-target=\"#Collapse-ac48e9869d2aa7c7acec\" aria-expanded=\"false\" aria-controls=\"Collapse-ac48e9869d2aa7c7acec\">\n                            \n                            <span class=\"ekit-accordion-title\">Acordo Coletivo<\/span>\n\n                            \n                                <div class=\"ekit_accordion_icon_group\">\n                                    <div class=\"ekit_accordion_normal_icon\">\n                                        <!-- Normal Icon -->\n\t\t\t\t\t\t\t\t\t\t<i class=\"icon icon-down-arrow1\"><\/i>                                    <\/div>\n\n                                    <div class=\"ekit_accordion_active_icon\">\n                                        <!-- Active Icon -->\n\t\t\t\t\t\t\t\t\t\t<i class=\"icon icon-up-arrow\"><\/i>                                    <\/div>\n                                <\/div>\n\n                            \n                                                    <\/a>\n                    <\/div>\n\n                    <div id=\"Collapse-ac48e9869d2aa7c7acec\" class=\" collapse\" aria-labelledby=\"primaryHeading-6-9041dd1\" data-parent=\"#accordion-69d2aa7c7acec\">\n\n                        <div class=\"elementskit-card-body ekit-accordion--content\">\n                            <ul><li><a href=\"https:\/\/transparencia.crea-pi.org.br\/wp-content\/uploads\/2021\/07\/ACORDO-COLETIVO-DE-TRABALHO-CREA-PI.pdf\" target=\"_blank\" rel=\"noopener\">Acordo Coletivo 2016\/2017<\/a><\/li><\/ul>                        <\/div>\n\n                    <\/div>\n\n                <\/div><!-- .elementskit-card END -->\n\n                \n                <div class=\"elementskit-card \">\n                    <div class=\"elementskit-card-header\" id=\"primaryHeading-7-9041dd1\">\n                        <a href=\"#collapse-6650ce369d2aa7c7acec\" class=\"ekit-accordion--toggler elementskit-btn-link collapsed\" data-ekit-toggle=\"collapse\" data-target=\"#Collapse-6650ce369d2aa7c7acec\" aria-expanded=\"false\" aria-controls=\"Collapse-6650ce369d2aa7c7acec\">\n                            \n                            <span class=\"ekit-accordion-title\">Regimento do CREA-PI<\/span>\n\n                            \n                                <div class=\"ekit_accordion_icon_group\">\n                                    <div class=\"ekit_accordion_normal_icon\">\n                                        <!-- Normal Icon -->\n\t\t\t\t\t\t\t\t\t\t<i class=\"icon icon-down-arrow1\"><\/i>                                    <\/div>\n\n                                    <div class=\"ekit_accordion_active_icon\">\n                                        <!-- Active Icon -->\n\t\t\t\t\t\t\t\t\t\t<i class=\"icon icon-up-arrow\"><\/i>                                    <\/div>\n                                <\/div>\n\n                            \n                                                    <\/a>\n                    <\/div>\n\n                    <div id=\"Collapse-6650ce369d2aa7c7acec\" class=\" collapse\" aria-labelledby=\"primaryHeading-7-9041dd1\" data-parent=\"#accordion-69d2aa7c7acec\">\n\n                        <div class=\"elementskit-card-body ekit-accordion--content\">\n                            <ul><li><a href=\"http:\/\/transparencia.crea-pi.org.br\/wp-content\/uploads\/2023\/07\/REGIMENTO-INTERNO-CREA-PI-2022-ESPELHO.pdf\" target=\"_blank\" rel=\"noopener\">Regimento do CREA-PI<\/a><\/li><\/ul>                        <\/div>\n\n                    <\/div>\n\n                <\/div><!-- .elementskit-card END -->\n\n                \n                <div class=\"elementskit-card \">\n                    <div class=\"elementskit-card-header\" id=\"primaryHeading-8-9041dd1\">\n                        <a href=\"#collapse-5cfd03b69d2aa7c7acec\" class=\"ekit-accordion--toggler elementskit-btn-link collapsed\" data-ekit-toggle=\"collapse\" data-target=\"#Collapse-5cfd03b69d2aa7c7acec\" aria-expanded=\"false\" aria-controls=\"Collapse-5cfd03b69d2aa7c7acec\">\n                            \n                            <span class=\"ekit-accordion-title\">Regulamento Auxiliar do CREA-PI<\/span>\n\n                            \n                                <div class=\"ekit_accordion_icon_group\">\n                                    <div class=\"ekit_accordion_normal_icon\">\n                                        <!-- Normal Icon -->\n\t\t\t\t\t\t\t\t\t\t<i class=\"icon icon-down-arrow1\"><\/i>                                    <\/div>\n\n                                    <div class=\"ekit_accordion_active_icon\">\n                                        <!-- Active Icon -->\n\t\t\t\t\t\t\t\t\t\t<i class=\"icon icon-up-arrow\"><\/i>                                    <\/div>\n                                <\/div>\n\n                            \n                                                    <\/a>\n                    <\/div>\n\n                    <div id=\"Collapse-5cfd03b69d2aa7c7acec\" class=\" collapse\" aria-labelledby=\"primaryHeading-8-9041dd1\" data-parent=\"#accordion-69d2aa7c7acec\">\n\n                        <div class=\"elementskit-card-body ekit-accordion--content\">\n                            <p><a href=\"http:\/\/transparencia.crea-pi.org.br\/wp-content\/uploads\/2025\/04\/13.-Regulamento-Auxiliar-10-03-2025-Versao-10.0.pdf\">anexo 1<\/a><\/p>                        <\/div>\n\n                    <\/div>\n\n                <\/div><!-- .elementskit-card END -->\n\n                \n                <div class=\"elementskit-card \">\n                    <div class=\"elementskit-card-header\" id=\"primaryHeading-9-9041dd1\">\n                        <a href=\"#collapse-83a858f69d2aa7c7acec\" class=\"ekit-accordion--toggler elementskit-btn-link collapsed\" data-ekit-toggle=\"collapse\" data-target=\"#Collapse-83a858f69d2aa7c7acec\" aria-expanded=\"false\" aria-controls=\"Collapse-83a858f69d2aa7c7acec\">\n                            \n                            <span class=\"ekit-accordion-title\">Concursos<\/span>\n\n                            \n                                <div class=\"ekit_accordion_icon_group\">\n                                    <div class=\"ekit_accordion_normal_icon\">\n                                        <!-- Normal Icon -->\n\t\t\t\t\t\t\t\t\t\t<i class=\"icon icon-down-arrow1\"><\/i>                                    <\/div>\n\n                                    <div class=\"ekit_accordion_active_icon\">\n                                        <!-- Active Icon -->\n\t\t\t\t\t\t\t\t\t\t<i class=\"icon icon-up-arrow\"><\/i>                                    <\/div>\n                                <\/div>\n\n                            \n                                                    <\/a>\n                    <\/div>\n\n                    <div id=\"Collapse-83a858f69d2aa7c7acec\" class=\" collapse\" aria-labelledby=\"primaryHeading-9-9041dd1\" data-parent=\"#accordion-69d2aa7c7acec\">\n\n                        <div class=\"elementskit-card-body ekit-accordion--content\">\n                            <p>N\u00e3o foram realizados concursos ou testes seletivos nos \u00faltimos anos.<\/p>                        <\/div>\n\n                    <\/div>\n\n                <\/div><!-- .elementskit-card END -->\n\n                                        <\/div>\n    <\/div>\t\t\t\t<\/div>\n\t\t\t\t<\/div>\n\t\t\t\t\t<\/div>\n\t\t<\/div>\n\t\t\t\t\t<\/div>\n\t\t<\/section>\n\t\t\t\t<\/div>\n\t\t","protected":false},"excerpt":{"rendered":"<p>Nesta se\u00e7\u00e3o s\u00e3o divulgadas informa\u00e7\u00f5es sobre concursos p\u00fablicos de provimento de cargos e rela\u00e7\u00e3o dos servidores p\u00fablicos lotados ou em exerc\u00edcio no CREA-PI. Listagem de Servidores Empregados Comissionados anexo 1 anexo 2 &#8211; cedido\u00a0 Empregados Efetivos anexo 1 Empresas Terceirizadas anexo 1\u00a0 Estagi\u00e1rios anexo 1 Menor Aprendiz anexo 1 Plano de Cargos, Carreira e Sal\u00e1rios&#8230;<\/p>\n","protected":false},"author":1,"featured_media":0,"parent":0,"menu_order":0,"comment_status":"closed","ping_status":"closed","template":"","meta":{"om_disable_all_campaigns":false,"_monsterinsights_skip_tracking":false,"_monsterinsights_sitenote_active":false,"_monsterinsights_sitenote_note":"","_monsterinsights_sitenote_category":0,"_kad_post_transparent":"default","_kad_post_title":"default","_kad_post_layout":"default","_kad_post_sidebar_id":"","_kad_post_content_style":"default","_kad_post_vertical_padding":"default","_kad_post_feature":"","_kad_post_feature_position":"","_kad_post_header":false,"_kad_post_footer":false,"footnotes":""},"aioseo_notices":[],"_links":{"self":[{"href":"https:\/\/transparencia.crea-pi.org.br\/index.php\/wp-json\/wp\/v2\/pages\/710"}],"collection":[{"href":"https:\/\/transparencia.crea-pi.org.br\/index.php\/wp-json\/wp\/v2\/pages"}],"about":[{"href":"https:\/\/transparencia.crea-pi.org.br\/index.php\/wp-json\/wp\/v2\/types\/page"}],"author":[{"embeddable":true,"href":"https:\/\/transparencia.crea-pi.org.br\/index.php\/wp-json\/wp\/v2\/users\/1"}],"replies":[{"embeddable":true,"href":"https:\/\/transparencia.crea-pi.org.br\/index.php\/wp-json\/wp\/v2\/comments?post=710"}],"version-history":[{"count":110,"href":"https:\/\/transparencia.crea-pi.org.br\/index.php\/wp-json\/wp\/v2\/pages\/710\/revisions"}],"predecessor-version":[{"id":7047,"href":"https:\/\/transparencia.crea-pi.org.br\/index.php\/wp-json\/wp\/v2\/pages\/710\/revisions\/7047"}],"wp:attachment":[{"href":"https:\/\/transparencia.crea-pi.org.br\/index.php\/wp-json\/wp\/v2\/media?parent=710"}],"curies":[{"name":"wp","href":"https:\/\/api.w.org\/{rel}","templated":true}]}}