{"id":635,"date":"2021-07-21T16:49:18","date_gmt":"2021-07-21T19:49:18","guid":{"rendered":"http:\/\/transparencia.crea-pi.org.br\/?page_id=635"},"modified":"2021-07-21T16:49:31","modified_gmt":"2021-07-21T19:49:31","slug":"formulario-visitante","status":"publish","type":"page","link":"https:\/\/transparencia.crea-pi.org.br\/index.php\/formulario-visitante\/","title":{"rendered":"FORMUL\u00c1RIO VISITANTE"},"content":{"rendered":"<div class=\"wpforms-container wpforms-container-full\" id=\"wpforms-574\"><form id=\"wpforms-form-574\" class=\"wpforms-validate wpforms-form wpforms-ajax-form\" data-formid=\"574\" method=\"post\" enctype=\"multipart\/form-data\" action=\"\/index.php\/wp-json\/wp\/v2\/pages\/635\" data-token=\"cf156d72cc1a34a3fe5c7edf9a59498a\" data-token-time=\"1776402093\"><noscript class=\"wpforms-error-noscript\">Ative o JavaScript no seu navegador para preencher este formul\u00e1rio.<\/noscript><div class=\"wpforms-field-container\"><div id=\"wpforms-574-field_4-container\" class=\"wpforms-field wpforms-field-text\" data-field-id=\"4\"><label class=\"wpforms-field-label\" for=\"wpforms-574-field_4\">NOME COMPLETO <span class=\"wpforms-required-label\">*<\/span><\/label><input type=\"text\" id=\"wpforms-574-field_4\" class=\"wpforms-field-large wpforms-field-required\" name=\"wpforms[fields][4]\" required><\/div><div id=\"wpforms-574-field_7-container\" class=\"wpforms-field wpforms-field-text\" data-field-id=\"7\"><label class=\"wpforms-field-label\" for=\"wpforms-574-field_7\">CPF <span class=\"wpforms-required-label\">*<\/span><\/label><input type=\"text\" id=\"wpforms-574-field_7\" class=\"wpforms-field-large wpforms-field-required wpforms-masked-input\" data-rule-inputmask-incomplete=\"1\" data-inputmask-mask=\"999.999.999-99\" name=\"wpforms[fields][7]\" required><\/div><div id=\"wpforms-574-field_5-container\" class=\"wpforms-field wpforms-field-text\" data-field-id=\"5\"><label class=\"wpforms-field-label\" for=\"wpforms-574-field_5\">CEP <span class=\"wpforms-required-label\">*<\/span><\/label><input type=\"text\" id=\"wpforms-574-field_5\" class=\"wpforms-field-large wpforms-field-required wpforms-masked-input\" data-rule-inputmask-incomplete=\"1\" data-inputmask-mask=\"99.999-999\" name=\"wpforms[fields][5]\" required><\/div><div id=\"wpforms-574-field_6-container\" class=\"wpforms-field wpforms-field-text wpforms-one-half wpforms-two-thirds wpforms-first\" data-field-id=\"6\"><label class=\"wpforms-field-label\" for=\"wpforms-574-field_6\">ENDERE\u00c7O FISICO <span class=\"wpforms-required-label\">*<\/span><\/label><input type=\"text\" id=\"wpforms-574-field_6\" class=\"wpforms-field-large wpforms-field-required\" name=\"wpforms[fields][6]\" required><\/div><div id=\"wpforms-574-field_8-container\" class=\"wpforms-field wpforms-field-text wpforms-one-third\" data-field-id=\"8\"><label class=\"wpforms-field-label\" for=\"wpforms-574-field_8\">N\u00daMERO <span class=\"wpforms-required-label\">*<\/span><\/label><input type=\"text\" id=\"wpforms-574-field_8\" class=\"wpforms-field-large wpforms-field-required\" name=\"wpforms[fields][8]\" required><\/div><div id=\"wpforms-574-field_9-container\" class=\"wpforms-field wpforms-field-text wpforms-two-thirds wpforms-first\" data-field-id=\"9\"><label class=\"wpforms-field-label\" for=\"wpforms-574-field_9\">COMPLEMENTO <span class=\"wpforms-required-label\">*<\/span><\/label><input type=\"text\" id=\"wpforms-574-field_9\" class=\"wpforms-field-large wpforms-field-required\" name=\"wpforms[fields][9]\" required><\/div><div id=\"wpforms-574-field_10-container\" class=\"wpforms-field wpforms-field-text wpforms-one-third\" data-field-id=\"10\"><label class=\"wpforms-field-label\" for=\"wpforms-574-field_10\">BAIRRO <span class=\"wpforms-required-label\">*<\/span><\/label><input type=\"text\" id=\"wpforms-574-field_10\" class=\"wpforms-field-large wpforms-field-required\" name=\"wpforms[fields][10]\" required><\/div><div id=\"wpforms-574-field_12-container\" class=\"wpforms-field wpforms-field-text wpforms-one-half wpforms-first\" data-field-id=\"12\"><label class=\"wpforms-field-label\" for=\"wpforms-574-field_12\">CIDADE <span class=\"wpforms-required-label\">*<\/span><\/label><input type=\"text\" id=\"wpforms-574-field_12\" class=\"wpforms-field-large wpforms-field-required\" name=\"wpforms[fields][12]\" required><\/div><div id=\"wpforms-574-field_22-container\" class=\"wpforms-field wpforms-field-select wpforms-one-half wpforms-field-select-style-modern\" data-field-id=\"22\"><label class=\"wpforms-field-label\" for=\"wpforms-574-field_22\">ESTADO<\/label><select id=\"wpforms-574-field_22\" class=\"wpforms-field-large choicesjs-select\" data-size-class=\"wpforms-field-row wpforms-field-large\" data-search-enabled=\"1\" name=\"wpforms[fields][22]\"><option value=\"\" class=\"placeholder\" disabled  selected='selected'><\/option><option value=\"SELECIONE O ESTADO\"  class=\"choice-1 depth-1\"  >SELECIONE O ESTADO<\/option><option value=\"Acre (AC) - Rio Branco\"  class=\"choice-4 depth-1\"  >Acre (AC) - Rio Branco<\/option><option value=\"Alagoas - AL\"  class=\"choice-5 depth-1\"  >Alagoas - AL<\/option><option value=\"Amap\u00e1 -  AP\"  class=\"choice-6 depth-1\"  >Amap\u00e1 -  AP<\/option><option value=\"Amazonas - AM\"  class=\"choice-7 depth-1\"  >Amazonas - AM<\/option><option value=\"Bahia - BA\"  class=\"choice-8 depth-1\"  >Bahia - BA<\/option><option value=\"Cear\u00e1 - CE\"  class=\"choice-9 depth-1\"  >Cear\u00e1 - CE<\/option><option value=\"Distrito Federal - DF\"  class=\"choice-10 depth-1\"  >Distrito Federal - DF<\/option><option value=\"Esp\u00edrito Santo - ES\"  class=\"choice-11 depth-1\"  >Esp\u00edrito Santo - ES<\/option><option value=\"Goi\u00e1s - GO\"  class=\"choice-12 depth-1\"  >Goi\u00e1s - GO<\/option><option value=\"Maranh\u00e3o - MA\"  class=\"choice-13 depth-1\"  >Maranh\u00e3o - MA<\/option><option value=\"Mato Grosso - MT\"  class=\"choice-14 depth-1\"  >Mato Grosso - MT<\/option><option value=\"Mato Grosso do Sul - MS\"  class=\"choice-15 depth-1\"  >Mato Grosso do Sul - MS<\/option><option value=\"Minas Gerais - MG\"  class=\"choice-16 depth-1\"  >Minas Gerais - MG<\/option><option value=\"Par\u00e1 - PA\"  class=\"choice-17 depth-1\"  >Par\u00e1 - PA<\/option><option value=\"Para\u00edba - PB\"  class=\"choice-18 depth-1\"  >Para\u00edba - PB<\/option><option value=\"Paran\u00e1 - PR\"  class=\"choice-19 depth-1\"  >Paran\u00e1 - PR<\/option><option value=\"Pernambuco - PE\"  class=\"choice-20 depth-1\"  >Pernambuco - PE<\/option><option value=\"Piau\u00ed - PI\"  class=\"choice-21 depth-1\"  >Piau\u00ed - PI<\/option><option value=\"Rio de Janeiro - RJ\"  class=\"choice-22 depth-1\"  >Rio de Janeiro - RJ<\/option><option value=\"Rio Grande do Norte - RN\"  class=\"choice-23 depth-1\"  >Rio Grande do Norte - RN<\/option><option value=\"Rio Grande do Sul - RS\"  class=\"choice-24 depth-1\"  >Rio Grande do Sul - RS<\/option><option value=\"Rond\u00f4nia - RO\"  class=\"choice-25 depth-1\"  >Rond\u00f4nia - RO<\/option><option value=\"\u2022 Roraima - RR\"  class=\"choice-26 depth-1\"  >\u2022 Roraima - RR<\/option><option value=\"Santa Catarina - SC\"  class=\"choice-27 depth-1\"  >Santa Catarina - SC<\/option><option value=\"S\u00e3o Paulo - SP\"  class=\"choice-28 depth-1\"  >S\u00e3o Paulo - SP<\/option><option value=\"Sergipe - SE\"  class=\"choice-29 depth-1\"  >Sergipe - SE<\/option><option value=\"Tocantins - TO\"  class=\"choice-30 depth-1\"  >Tocantins - TO<\/option><\/select><\/div><div id=\"wpforms-574-field_19-container\" class=\"wpforms-field wpforms-field-email wpforms-one-half wpforms-first\" data-field-id=\"19\"><label class=\"wpforms-field-label\" for=\"wpforms-574-field_19\">E-mail <span class=\"wpforms-required-label\">*<\/span><\/label><input type=\"email\" id=\"wpforms-574-field_19\" class=\"wpforms-field-large wpforms-field-required\" name=\"wpforms[fields][19]\" spellcheck=\"false\" required><\/div><div id=\"wpforms-574-field_14-container\" class=\"wpforms-field wpforms-field-text wpforms-one-half\" data-field-id=\"14\"><label class=\"wpforms-field-label\" for=\"wpforms-574-field_14\">N\u00daMERO DO CELULAR <span class=\"wpforms-required-label\">*<\/span><\/label><input type=\"text\" id=\"wpforms-574-field_14\" class=\"wpforms-field-large wpforms-field-required wpforms-masked-input\" data-rule-inputmask-incomplete=\"1\" data-inputmask-mask=\"(99) 9 9999.9999\" name=\"wpforms[fields][14]\" required><\/div><div id=\"wpforms-574-field_15-container\" class=\"wpforms-field wpforms-field-radio\" data-field-id=\"15\"><label class=\"wpforms-field-label\">Forma preferencial de recebimento da resposta:<\/label><ul id=\"wpforms-574-field_15\"><li class=\"choice-1 depth-1\"><input type=\"radio\" id=\"wpforms-574-field_15_1\" name=\"wpforms[fields][15]\" value=\"Correspond\u00eancia eletr\u00f4nica (e-mail)\"  ><label class=\"wpforms-field-label-inline\" for=\"wpforms-574-field_15_1\">Correspond\u00eancia eletr\u00f4nica (e-mail)<\/label><\/li><li class=\"choice-2 depth-1\"><input type=\"radio\" id=\"wpforms-574-field_15_2\" name=\"wpforms[fields][15]\" value=\"Buscar\/Consultar Pessoalmente\"  ><label class=\"wpforms-field-label-inline\" for=\"wpforms-574-field_15_2\">Buscar\/Consultar Pessoalmente<\/label><\/li><\/ul><\/div><div id=\"wpforms-574-field_16-container\" class=\"wpforms-field wpforms-field-select wpforms-field-select-style-modern\" data-field-id=\"16\"><label class=\"wpforms-field-label\" for=\"wpforms-574-field_16\">Selecione o motivo da solicita\u00e7\u00e3o com base no artigo 18 da Lei Federal n\u00ba 13.709\/2018 <span class=\"wpforms-required-label\">*<\/span><\/label><select id=\"wpforms-574-field_16\" class=\"wpforms-field-large wpforms-field-required choicesjs-select\" data-size-class=\"wpforms-field-row wpforms-field-large\" data-search-enabled=\"1\" name=\"wpforms[fields][16]\" required=\"required\"><option value=\"\" class=\"placeholder\" disabled  selected='selected'><\/option><option value=\"-- SELECIONE --\"  class=\"choice-10 depth-1\"  >-- SELECIONE --<\/option><option value=\"I - confirma\u00e7\u00e3o da exist\u00eancia de tratamento;\"  class=\"choice-11 depth-1\"  >I - confirma\u00e7\u00e3o da exist\u00eancia de tratamento;<\/option><option value=\"II - acesso aos dados;\"  class=\"choice-12 depth-1\"  >II - acesso aos dados;<\/option><option value=\"III - corre\u00e7\u00e3o de dados incompletos, inexatos ou desatualizados;\"  class=\"choice-13 depth-1\"  >III - corre\u00e7\u00e3o de dados incompletos, inexatos ou desatualizados;<\/option><option value=\"IV - anonimiza\u00e7\u00e3o, bloqueio ou elimina\u00e7\u00e3o de dados desnecess\u00e1rios, excessivos ou tratados em desconformidade com o disposto nesta Lei;\"  class=\"choice-14 depth-1\"  >IV - anonimiza\u00e7\u00e3o, bloqueio ou elimina\u00e7\u00e3o de dados desnecess\u00e1rios, excessivos ou tratados em desconformidade com o disposto nesta Lei;<\/option><option value=\"VI - elimina\u00e7\u00e3o dos dados pessoais tratados com o consentimento do titular, exceto nas hip\u00f3teses previstas no art. 16 desta Lei;\"  class=\"choice-15 depth-1\"  >VI - elimina\u00e7\u00e3o dos dados pessoais tratados com o consentimento do titular, exceto nas hip\u00f3teses previstas no art. 16 desta Lei;<\/option><option value=\"VII - informa\u00e7\u00e3o das entidades p\u00fablicas e privadas com as quais o controlador realizou uso compartilhado de dados;\"  class=\"choice-16 depth-1\"  >VII - informa\u00e7\u00e3o das entidades p\u00fablicas e privadas com as quais o controlador realizou uso compartilhado de dados;<\/option><option value=\"VIII - informa\u00e7\u00e3o sobre a possibilidade de n\u00e3o fornecer consentimento e sobre as consequ\u00eancias da negativa;\"  class=\"choice-17 depth-1\"  >VIII - informa\u00e7\u00e3o sobre a possibilidade de n\u00e3o fornecer consentimento e sobre as consequ\u00eancias da negativa;<\/option><option value=\"IX - revoga\u00e7\u00e3o do consentimento, nos termos do \u00a7 5\u00ba do art. 8\u00ba desta Lei;\"  class=\"choice-18 depth-1\"  >IX - revoga\u00e7\u00e3o do consentimento, nos termos do \u00a7 5\u00ba do art. 8\u00ba desta Lei;<\/option><\/select><div class=\"wpforms-field-description\">Requisi\u00e7\u00e3o de Portabilidade de dados pessoais n\u00e3o permitida, tendo em vista que Crea-PR \u00e9 Autarquia Federal regulamentada pela Lei Federal 5194\/1966, sendo tamb\u00e9m sujeita \u00e0 fiscaliza\u00e7\u00e3o de \u00f3rg\u00e3os de controle, n\u00e3o se tratando de fornecedor de servi\u00e7o ou produto, mas sim de \u00f3rg\u00e3o de fiscaliza\u00e7\u00e3o do exerc\u00edcio profissional.<\/div><\/div><div id=\"wpforms-574-field_17-container\" class=\"wpforms-field wpforms-field-checkbox wpforms-list-inline\" data-field-id=\"17\"><label class=\"wpforms-field-label\">Declara\u00e7\u00e3o <span class=\"wpforms-required-label\">*<\/span><\/label><ul id=\"wpforms-574-field_17\" class=\"wpforms-randomize wpforms-field-required\"><li class=\"choice-1 depth-1\"><input type=\"checkbox\" id=\"wpforms-574-field_17_1\" name=\"wpforms[fields][17][]\" value=\"Declaro que sou o titular dos dados. Li e entendi os termos deste Pedido de Acesso aos Dados do Titular e certifico que as informa\u00e7\u00f5es fornecidas neste formul\u00e1rio s\u00e3o verdadeiras. Entendo que \u00e9 necess\u00e1rio que o Crea-PR confirme a minha identidade e, para isto, pode ser necess\u00e1rio \u00e0 obten\u00e7\u00e3o de informa\u00e7\u00f5es mais detalhadas para localizarem os dados pessoais corretos que estou solicitando.\" required ><label class=\"wpforms-field-label-inline\" for=\"wpforms-574-field_17_1\">Declaro que sou o titular dos dados. Li e entendi os termos deste Pedido de Acesso aos Dados do Titular e certifico que as informa\u00e7\u00f5es fornecidas neste formul\u00e1rio s\u00e3o verdadeiras. Entendo que \u00e9 necess\u00e1rio que o Crea-PR confirme a minha identidade e, para isto, pode ser necess\u00e1rio \u00e0 obten\u00e7\u00e3o de informa\u00e7\u00f5es mais detalhadas para localizarem os dados pessoais corretos que estou solicitando.<\/label><\/li><\/ul><\/div><div id=\"wpforms-574-field_20-container\" class=\"wpforms-field wpforms-field-textarea\" data-field-id=\"20\"><label class=\"wpforms-field-label\" for=\"wpforms-574-field_20\">Especifica\u00e7\u00e3o do pedido <span class=\"wpforms-required-label\">*<\/span><\/label><textarea id=\"wpforms-574-field_20\" class=\"wpforms-field-medium wpforms-field-required\" name=\"wpforms[fields][20]\" required><\/textarea><\/div><div id=\"wpforms-574-field_21-container\" class=\"wpforms-field wpforms-field-text\" data-field-id=\"21\"><label class=\"wpforms-field-label\" for=\"wpforms-574-field_21\">Link de compartilhamento dos arquivos <span class=\"wpforms-required-label\">*<\/span><\/label><input type=\"text\" id=\"wpforms-574-field_21\" class=\"wpforms-field-large wpforms-field-required\" name=\"wpforms[fields][21]\" required><div class=\"wpforms-field-description\">Para Visitante \u00e9 obrigat\u00f3rio anexar c\u00f3pia do documento de identidade de quem faz o pedido. Insira um link de compartilhamento do Google Drive, OneDrive ou UbuntuOne<\/div><\/div><\/div><!-- .wpforms-field-container --><div class=\"wpforms-submit-container\" ><input type=\"hidden\" name=\"wpforms[id]\" value=\"574\"><input type=\"hidden\" name=\"page_title\" value=\"\"><input type=\"hidden\" name=\"page_url\" value=\"https:\/\/transparencia.crea-pi.org.br\/index.php\/wp-json\/wp\/v2\/pages\/635\"><input type=\"hidden\" name=\"url_referer\" value=\"\"><button type=\"submit\" name=\"wpforms[submit]\" id=\"wpforms-submit-574\" class=\"wpforms-submit\" data-alt-text=\"Enviando...\" data-submit-text=\"SOLICITAR ACESSO AOS DADOS\" aria-live=\"assertive\" value=\"wpforms-submit\">SOLICITAR ACESSO AOS DADOS<\/button><img decoding=\"async\" src=\"https:\/\/transparencia.crea-pi.org.br\/wp-content\/plugins\/wpforms-lite\/assets\/images\/submit-spin.svg\" class=\"wpforms-submit-spinner\" style=\"display: none;\" width=\"26\" height=\"26\" alt=\"Carregando\"><\/div><\/form><\/div>  <!-- .wpforms-container -->\n","protected":false},"excerpt":{"rendered":"","protected":false},"author":1,"featured_media":0,"parent":0,"menu_order":0,"comment_status":"closed","ping_status":"closed","template":"","meta":{"om_disable_all_campaigns":false,"_monsterinsights_skip_tracking":false,"_monsterinsights_sitenote_active":false,"_monsterinsights_sitenote_note":"","_monsterinsights_sitenote_category":0,"_kad_post_transparent":"default","_kad_post_title":"default","_kad_post_layout":"default","_kad_post_sidebar_id":"","_kad_post_content_style":"default","_kad_post_vertical_padding":"default","_kad_post_feature":"","_kad_post_feature_position":"","_kad_post_header":false,"_kad_post_footer":false,"footnotes":""},"aioseo_notices":[],"_links":{"self":[{"href":"https:\/\/transparencia.crea-pi.org.br\/index.php\/wp-json\/wp\/v2\/pages\/635"}],"collection":[{"href":"https:\/\/transparencia.crea-pi.org.br\/index.php\/wp-json\/wp\/v2\/pages"}],"about":[{"href":"https:\/\/transparencia.crea-pi.org.br\/index.php\/wp-json\/wp\/v2\/types\/page"}],"author":[{"embeddable":true,"href":"https:\/\/transparencia.crea-pi.org.br\/index.php\/wp-json\/wp\/v2\/users\/1"}],"replies":[{"embeddable":true,"href":"https:\/\/transparencia.crea-pi.org.br\/index.php\/wp-json\/wp\/v2\/comments?post=635"}],"version-history":[{"count":2,"href":"https:\/\/transparencia.crea-pi.org.br\/index.php\/wp-json\/wp\/v2\/pages\/635\/revisions"}],"predecessor-version":[{"id":637,"href":"https:\/\/transparencia.crea-pi.org.br\/index.php\/wp-json\/wp\/v2\/pages\/635\/revisions\/637"}],"wp:attachment":[{"href":"https:\/\/transparencia.crea-pi.org.br\/index.php\/wp-json\/wp\/v2\/media?parent=635"}],"curies":[{"name":"wp","href":"https:\/\/api.w.org\/{rel}","templated":true}]}}