{"id":63,"date":"2021-07-12T12:33:30","date_gmt":"2021-07-12T15:33:30","guid":{"rendered":"http:\/\/transparencia.crea-pi.org.br\/?page_id=63"},"modified":"2024-03-01T16:06:18","modified_gmt":"2024-03-01T19:06:18","slug":"sic-servico-de-informacao-ao-cidadao","status":"publish","type":"page","link":"https:\/\/transparencia.crea-pi.org.br\/index.php\/sic-servico-de-informacao-ao-cidadao\/","title":{"rendered":"SIC \u2013 Servi\u00e7o de Informa\u00e7\u00e3o ao Cidad\u00e3o"},"content":{"rendered":"<p data-raofz=\"14\">Nesta se\u00e7\u00e3o s\u00e3o divulgadas informa\u00e7\u00f5es sobre o Servi\u00e7o de Informa\u00e7\u00e3o ao Cidad\u00e3o (SIC), pertinentes ao seu funcionamento, localiza\u00e7\u00e3o e dados de contato no \u00e2mbito do CREA-PI. Tamb\u00e9m podem ser divulgados, nesta \u00e1rea, os relat\u00f3rios estat\u00edsticos de atendimento \u00e0 Lei de Acesso \u00e0 Informa\u00e7\u00e3o.<\/p>\n<p data-raofz=\"14\"><b>LOCALIZA\u00c7\u00c3O E CONTATO:<\/b><br \/>\nPra\u00e7a Dem\u00f3stenes Avelino, 1767 \/ Centro \u00b7 Teresina\/PI \u00b7 CEP: 64000-120<\/p>\n<p data-raofz=\"14\">\u00a0Email: ouvidoria@crea-pi.org.br<\/p>\n<p data-raofz=\"14\"><b>HOR\u00c1RIO DE ATENDIMENTO:<\/b><br \/>\nSegunda a sexta-feira<br \/>\n8h as 12h as 14h as 18h<\/p>\n<p data-raofz=\"14\"><strong>Servidor respons\u00e1vel pelo SIC: Rogerio de Oliveira Soares<br \/>\n<\/strong><\/p>\n<p data-raofz=\"14\"><b>PROTOCOLO DE PEDIDO DE ACESSO \u00c0 INFORMA\u00c7\u00c3O<\/b><\/p>\n<p data-raofz=\"14\">No endere\u00e7o acima, no hor\u00e1rio de atendimento, e nos instrumentos de comunica\u00e7\u00e3o indicados poder\u00e3o ser protocolados documentos e solicita\u00e7\u00f5es de acesso \u00e0 informa\u00e7\u00e3o. Para mais informa\u00e7\u00f5es sobre procedimentos e recursos. Fa\u00e7a o download da <a href=\"http:\/\/transparencia.crea-pi.org.br\/wp-content\/uploads\/2021\/07\/Portaria-Crea-PI-33-Acesso-a-Informacao.pdf\" target=\"_blank\" rel=\"noopener\">Portaria 33\/2016<\/a> que regulamenta a implementa\u00e7\u00e3o da LAI no Crea-PI.<\/p>\n<p data-raofz=\"14\"><strong>Autoridade de Monitoramento da implementa\u00e7\u00e3o da Lei de Acesso \u00e0 Informa\u00e7\u00e3o:<\/strong><\/p>\n<p data-raofz=\"14\">Marcelo Gon\u00e7alves Nunes de Oliveira Morais Filho<\/p>\n<p data-raofz=\"14\">\u00a0Email: lai@crea-pi.org.br<\/p>\n","protected":false},"excerpt":{"rendered":"<p>Nesta se\u00e7\u00e3o s\u00e3o divulgadas informa\u00e7\u00f5es sobre o Servi\u00e7o de Informa\u00e7\u00e3o ao Cidad\u00e3o (SIC), pertinentes ao seu funcionamento, localiza\u00e7\u00e3o e dados de contato no \u00e2mbito do CREA-PI. Tamb\u00e9m podem ser divulgados, nesta \u00e1rea, os relat\u00f3rios estat\u00edsticos de atendimento \u00e0 Lei de Acesso \u00e0 Informa\u00e7\u00e3o. LOCALIZA\u00c7\u00c3O E CONTATO: Pra\u00e7a Dem\u00f3stenes Avelino, 1767 \/ Centro \u00b7 Teresina\/PI \u00b7&#8230;<\/p>\n","protected":false},"author":1,"featured_media":0,"parent":0,"menu_order":0,"comment_status":"closed","ping_status":"closed","template":"","meta":{"om_disable_all_campaigns":false,"_monsterinsights_skip_tracking":false,"_monsterinsights_sitenote_active":false,"_monsterinsights_sitenote_note":"","_monsterinsights_sitenote_category":0,"_kad_post_transparent":"default","_kad_post_title":"default","_kad_post_layout":"default","_kad_post_sidebar_id":"","_kad_post_content_style":"default","_kad_post_vertical_padding":"default","_kad_post_feature":"","_kad_post_feature_position":"","_kad_post_header":false,"_kad_post_footer":false,"footnotes":""},"aioseo_notices":[],"_links":{"self":[{"href":"https:\/\/transparencia.crea-pi.org.br\/index.php\/wp-json\/wp\/v2\/pages\/63"}],"collection":[{"href":"https:\/\/transparencia.crea-pi.org.br\/index.php\/wp-json\/wp\/v2\/pages"}],"about":[{"href":"https:\/\/transparencia.crea-pi.org.br\/index.php\/wp-json\/wp\/v2\/types\/page"}],"author":[{"embeddable":true,"href":"https:\/\/transparencia.crea-pi.org.br\/index.php\/wp-json\/wp\/v2\/users\/1"}],"replies":[{"embeddable":true,"href":"https:\/\/transparencia.crea-pi.org.br\/index.php\/wp-json\/wp\/v2\/comments?post=63"}],"version-history":[{"count":8,"href":"https:\/\/transparencia.crea-pi.org.br\/index.php\/wp-json\/wp\/v2\/pages\/63\/revisions"}],"predecessor-version":[{"id":4603,"href":"https:\/\/transparencia.crea-pi.org.br\/index.php\/wp-json\/wp\/v2\/pages\/63\/revisions\/4603"}],"wp:attachment":[{"href":"https:\/\/transparencia.crea-pi.org.br\/index.php\/wp-json\/wp\/v2\/media?parent=63"}],"curies":[{"name":"wp","href":"https:\/\/api.w.org\/{rel}","templated":true}]}}