{"id":615,"date":"2021-07-21T16:11:57","date_gmt":"2021-07-21T19:11:57","guid":{"rendered":"http:\/\/transparencia.crea-pi.org.br\/?page_id=615"},"modified":"2021-08-04T15:11:51","modified_gmt":"2021-08-04T18:11:51","slug":"janeiro-2020","status":"publish","type":"page","link":"https:\/\/transparencia.crea-pi.org.br\/index.php\/janeiro-2020\/","title":{"rendered":"JANEIRO\/2020"},"content":{"rendered":"<p>Nesta se\u00e7\u00e3o s\u00e3o divulgadas informa\u00e7\u00f5es sobre di\u00e1rias, passagens, previs\u00e3o e arrecada\u00e7\u00e3o de receita p\u00fablica e execu\u00e7\u00e3o or\u00e7ament\u00e1ria e financeira detalhada do CREA-PI.<\/p>\n<p><a href=\"http:\/\/transparencia.crea-pi.org.br\/wp-content\/uploads\/2021\/07\/DFC-2.pdf\">DFC<\/a><\/p>\n<p><a href=\"http:\/\/transparencia.crea-pi.org.br\/wp-content\/uploads\/2021\/07\/Balanco-Patrimonial-2.pdf\">Balan\u00e7o Patrimonial<\/a><\/p>\n<p><a href=\"http:\/\/transparencia.crea-pi.org.br\/wp-content\/uploads\/2021\/07\/Variacoes-Patrimoniais-2.pdf\">Varia\u00e7\u00f5es Patrimoniais<\/a><\/p>\n<p><a href=\"http:\/\/transparencia.crea-pi.org.br\/wp-content\/uploads\/2021\/07\/Relacao-Empenho-2.pdf\">Rela\u00e7\u00e3o de Empenhos<\/a><\/p>\n<p><a href=\"http:\/\/transparencia.crea-pi.org.br\/wp-content\/uploads\/2021\/07\/Demonstrativos-de-Receitas.pdf\">Demonstrativos de Receitas<\/a><\/p>\n<p><a href=\"http:\/\/transparencia.crea-pi.org.br\/wp-content\/uploads\/2021\/07\/Diarias-e-Passagens.pdf\">Di\u00e1rias e passagens<\/a><\/p>\n<p><a href=\"http:\/\/transparencia.crea-pi.org.br\/wp-content\/uploads\/2021\/07\/Demonstrativos-de-Despesas.pdf\">Demonstrativos de Despesas<\/a><\/p>\n<p><a href=\"http:\/\/transparencia.crea-pi.org.br\/wp-content\/uploads\/2021\/07\/Demonstrativo-de-Empenhos-e-Pagamentos.pdf\">Demonstrativo de Empenho e Pagamentos<\/a><\/p>\n<p><a href=\"http:\/\/transparencia.crea-pi.org.br\/wp-content\/uploads\/2021\/07\/Balanco-Orcamentario-3.pdf\">Balan\u00e7o Or\u00e7ament\u00e1rio<\/a><\/p>\n<p><a href=\"http:\/\/transparencia.crea-pi.org.br\/wp-content\/uploads\/2021\/07\/Balanco-Financeiro-2.pdf\">Balan\u00e7o Financeiro<\/a><\/p>\n","protected":false},"excerpt":{"rendered":"<p>Nesta se\u00e7\u00e3o s\u00e3o divulgadas informa\u00e7\u00f5es sobre di\u00e1rias, passagens, previs\u00e3o e arrecada\u00e7\u00e3o de receita p\u00fablica e execu\u00e7\u00e3o or\u00e7ament\u00e1ria e financeira detalhada do CREA-PI. DFC Balan\u00e7o Patrimonial Varia\u00e7\u00f5es Patrimoniais Rela\u00e7\u00e3o de Empenhos Demonstrativos de Receitas Di\u00e1rias e passagens Demonstrativos de Despesas Demonstrativo de Empenho e Pagamentos Balan\u00e7o Or\u00e7ament\u00e1rio Balan\u00e7o Financeiro<\/p>\n","protected":false},"author":1,"featured_media":0,"parent":0,"menu_order":0,"comment_status":"closed","ping_status":"closed","template":"","meta":{"om_disable_all_campaigns":false,"_monsterinsights_skip_tracking":false,"_monsterinsights_sitenote_active":false,"_monsterinsights_sitenote_note":"","_monsterinsights_sitenote_category":0,"_kad_post_transparent":"default","_kad_post_title":"default","_kad_post_layout":"default","_kad_post_sidebar_id":"","_kad_post_content_style":"default","_kad_post_vertical_padding":"default","_kad_post_feature":"","_kad_post_feature_position":"","_kad_post_header":false,"_kad_post_footer":false,"footnotes":""},"aioseo_notices":[],"_links":{"self":[{"href":"https:\/\/transparencia.crea-pi.org.br\/index.php\/wp-json\/wp\/v2\/pages\/615"}],"collection":[{"href":"https:\/\/transparencia.crea-pi.org.br\/index.php\/wp-json\/wp\/v2\/pages"}],"about":[{"href":"https:\/\/transparencia.crea-pi.org.br\/index.php\/wp-json\/wp\/v2\/types\/page"}],"author":[{"embeddable":true,"href":"https:\/\/transparencia.crea-pi.org.br\/index.php\/wp-json\/wp\/v2\/users\/1"}],"replies":[{"embeddable":true,"href":"https:\/\/transparencia.crea-pi.org.br\/index.php\/wp-json\/wp\/v2\/comments?post=615"}],"version-history":[{"count":5,"href":"https:\/\/transparencia.crea-pi.org.br\/index.php\/wp-json\/wp\/v2\/pages\/615\/revisions"}],"predecessor-version":[{"id":1053,"href":"https:\/\/transparencia.crea-pi.org.br\/index.php\/wp-json\/wp\/v2\/pages\/615\/revisions\/1053"}],"wp:attachment":[{"href":"https:\/\/transparencia.crea-pi.org.br\/index.php\/wp-json\/wp\/v2\/media?parent=615"}],"curies":[{"name":"wp","href":"https:\/\/api.w.org\/{rel}","templated":true}]}}