{"id":611,"date":"2021-07-21T16:11:02","date_gmt":"2021-07-21T19:11:02","guid":{"rendered":"http:\/\/transparencia.crea-pi.org.br\/?page_id=611"},"modified":"2021-08-30T19:38:29","modified_gmt":"2021-08-30T22:38:29","slug":"fevereiro-2021","status":"publish","type":"page","link":"https:\/\/transparencia.crea-pi.org.br\/index.php\/fevereiro-2021\/","title":{"rendered":"FEVEREIRO\/2021"},"content":{"rendered":"<p>Nesta se\u00e7\u00e3o s\u00e3o divulgadas informa\u00e7\u00f5es sobre di\u00e1rias, passagens, previs\u00e3o e arrecada\u00e7\u00e3o de receita p\u00fablica e execu\u00e7\u00e3o or\u00e7ament\u00e1ria e financeira detalhada do CREA-PI.<\/p>\n<p><a href=\"http:\/\/transparencia.crea-pi.org.br\/wp-content\/uploads\/2021\/07\/Balanco-Financeiro-1.pdf\">Balan\u00e7o Financeiro<\/a><\/p>\n<p><a href=\"http:\/\/transparencia.crea-pi.org.br\/wp-content\/uploads\/2021\/07\/Balanco-Orcamentario-2.pdf\">Balan\u00e7o Or\u00e7ament\u00e1rio<\/a><\/p>\n<p><a href=\"http:\/\/transparencia.crea-pi.org.br\/wp-content\/uploads\/2021\/07\/Balanco-Patrimonial-1.pdf\">Balan\u00e7o Patrimonial<\/a><\/p>\n<p><a href=\"http:\/\/transparencia.crea-pi.org.br\/wp-content\/uploads\/2021\/07\/despesas.pdf\">Demonstrativos de Despesas<\/a><\/p>\n<p><a href=\"http:\/\/transparencia.crea-pi.org.br\/wp-content\/uploads\/2021\/07\/Receita.pdf\">Demonstrativos de Receitas<\/a><\/p>\n<p><a href=\"http:\/\/transparencia.crea-pi.org.br\/wp-content\/uploads\/2021\/07\/Demonstrativo-Empenho-e-Pagamento-1.pdf\">Demonstrativo Empenho e Pagamento<\/a><\/p>\n<p><a href=\"http:\/\/transparencia.crea-pi.org.br\/wp-content\/uploads\/2021\/07\/DFC-1.pdf\">DFC<\/a><\/p>\n<p><a href=\"http:\/\/transparencia.crea-pi.org.br\/wp-content\/uploads\/2021\/07\/Receita.pdf\">Di\u00e1rias e passagens<\/a><\/p>\n<p><a href=\"http:\/\/transparencia.crea-pi.org.br\/wp-content\/uploads\/2021\/07\/Relacao-Empenho-1.pdf\">Rela\u00e7\u00e3o Empenho<\/a><\/p>\n<p><a href=\"http:\/\/transparencia.crea-pi.org.br\/wp-content\/uploads\/2021\/07\/Variacoes-Patrimoniais-1.pdf\">Varia\u00e7\u00f5es Patrimoniais<\/a><\/p>\n","protected":false},"excerpt":{"rendered":"<p>Nesta se\u00e7\u00e3o s\u00e3o divulgadas informa\u00e7\u00f5es sobre di\u00e1rias, passagens, previs\u00e3o e arrecada\u00e7\u00e3o de receita p\u00fablica e execu\u00e7\u00e3o or\u00e7ament\u00e1ria e financeira detalhada do CREA-PI. Balan\u00e7o Financeiro Balan\u00e7o Or\u00e7ament\u00e1rio Balan\u00e7o Patrimonial Demonstrativos de Despesas Demonstrativos de Receitas Demonstrativo Empenho e Pagamento DFC Di\u00e1rias e passagens Rela\u00e7\u00e3o Empenho Varia\u00e7\u00f5es Patrimoniais<\/p>\n","protected":false},"author":1,"featured_media":0,"parent":0,"menu_order":0,"comment_status":"closed","ping_status":"closed","template":"","meta":{"om_disable_all_campaigns":false,"_monsterinsights_skip_tracking":false,"_monsterinsights_sitenote_active":false,"_monsterinsights_sitenote_note":"","_monsterinsights_sitenote_category":0,"_kad_post_transparent":"default","_kad_post_title":"default","_kad_post_layout":"default","_kad_post_sidebar_id":"","_kad_post_content_style":"default","_kad_post_vertical_padding":"default","_kad_post_feature":"","_kad_post_feature_position":"","_kad_post_header":false,"_kad_post_footer":false,"footnotes":""},"aioseo_notices":[],"_links":{"self":[{"href":"https:\/\/transparencia.crea-pi.org.br\/index.php\/wp-json\/wp\/v2\/pages\/611"}],"collection":[{"href":"https:\/\/transparencia.crea-pi.org.br\/index.php\/wp-json\/wp\/v2\/pages"}],"about":[{"href":"https:\/\/transparencia.crea-pi.org.br\/index.php\/wp-json\/wp\/v2\/types\/page"}],"author":[{"embeddable":true,"href":"https:\/\/transparencia.crea-pi.org.br\/index.php\/wp-json\/wp\/v2\/users\/1"}],"replies":[{"embeddable":true,"href":"https:\/\/transparencia.crea-pi.org.br\/index.php\/wp-json\/wp\/v2\/comments?post=611"}],"version-history":[{"count":8,"href":"https:\/\/transparencia.crea-pi.org.br\/index.php\/wp-json\/wp\/v2\/pages\/611\/revisions"}],"predecessor-version":[{"id":1268,"href":"https:\/\/transparencia.crea-pi.org.br\/index.php\/wp-json\/wp\/v2\/pages\/611\/revisions\/1268"}],"wp:attachment":[{"href":"https:\/\/transparencia.crea-pi.org.br\/index.php\/wp-json\/wp\/v2\/media?parent=611"}],"curies":[{"name":"wp","href":"https:\/\/api.w.org\/{rel}","templated":true}]}}