{"id":390,"date":"2021-07-19T15:06:32","date_gmt":"2021-07-19T18:06:32","guid":{"rendered":"http:\/\/transparencia.crea-pi.org.br\/?page_id=390"},"modified":"2025-03-12T15:26:59","modified_gmt":"2025-03-12T18:26:59","slug":"comissoes","status":"publish","type":"page","link":"https:\/\/transparencia.crea-pi.org.br\/index.php\/comissoes\/","title":{"rendered":"COMISS\u00d5ES"},"content":{"rendered":"<h2 data-raofz=\"26\"><strong>Conhe\u00e7a o Crea-PI:\u00a0Comiss\u00f5es<\/strong><\/h2>\n<p style=\"text-align: justify;\" data-raofz=\"14\">A <strong>Comiss\u00e3o Permanente<\/strong> \u00e9 o \u00f3rg\u00e3o deliberativo da estrutura de suporte, institu\u00eddo pelo Plen\u00e1rio, que tem por finalidade auxiliar o Plen\u00e1rio do Crea no desenvolvimento de atividades cont\u00ednuas relacionadas a um tema espec\u00edfico de car\u00e1ter legal, t\u00e9cnico ou administrativo.<\/p>\n<p style=\"text-align: justify;\" data-raofz=\"14\">A <strong>Comiss\u00e3o Especial<\/strong> \u00e9 o \u00f3rg\u00e3o, institu\u00eddo pelo Plen\u00e1rio quando necess\u00e1rio, que tem por finalidade auxiliar os \u00f3rg\u00e3os da estrutura b\u00e1sica no desenvolvimento de atividades de car\u00e1ter tempor\u00e1rio relacionadas a um tema espec\u00edfico de car\u00e1ter legal, t\u00e9cnico ou administrativo.<\/p>\n<p style=\"text-align: justify;\" data-raofz=\"14\">O <strong>Grupo de Trabalho<\/strong> \u00e9 o \u00f3rg\u00e3o de car\u00e1ter tempor\u00e1rio que tem por finalidade subsidiar os \u00f3rg\u00e3os da estrutura b\u00e1sica e da estrutura de suporte por interm\u00e9dio de estudo de tema espec\u00edfico, objetivando fixar entendimentos e apresentar propostas. \u00c9 institu\u00eddo pelo Plen\u00e1rio do Crea mediante proposta devidamente fundamentada e sugest\u00e3o de composi\u00e7\u00e3o apresentadas pela Presid\u00eancia, pela Diretoria ou por c\u00e2mara especializada.<\/p>\n<p data-raofz=\"14\"><strong>Mandato:<\/strong> Janeiro de 2025 a Janeiro de 2026<\/p>\n<h2 data-raofz=\"26\"><strong>COMPOSI\u00c7\u00c3O<\/strong><\/h2>\n<p data-raofz=\"14\"><strong><b>01 \u2013 Comiss\u00e3o Permanente de Educa\u00e7\u00e3o e Legisla\u00e7\u00e3o Profissional<\/b><\/strong><\/p>\n<ul>\n<li><strong>COORDENADOR:<\/strong>\u00a0 Fernando Silva Ara\u00fajo<\/li>\n<li><strong>COORD. ADJUNTO:<\/strong> \u00cdtalo Rodrigo Monte Soares<\/li>\n<li><strong>MEMBROS:\u00a0<\/strong> Bruno Bandeira Cardoso<\/li>\n<li>\u00a0 \u00a0 \u00a0 \u00a0 \u00a0 \u00a0 \u00a0 \u00a0 \u00a0 \u00a0 \u00a0Renan Maycon Mendes Gomes<\/li>\n<li>\u00a0 \u00a0 \u00a0 \u00a0 \u00a0 \u00a0 \u00a0 \u00a0 \u00a0 \u00a0 \u00a0Fabricio Napole\u00e3o Andrade<\/li>\n<\/ul>\n<p><strong style=\"font-family: var(--global-body-font-family);\"><b>02 \u2013 Comiss\u00e3o Permanente de Or\u00e7amento e Tomada de Contas<\/b><\/strong><\/p>\n<p data-raofz=\"14\">* \u00c9 vedado a membro da Diretoria pertencer esta comiss\u00e3o (art.\u00ba 89 do Regimento Interno do Crea-PI)<\/p>\n<ul>\n<li><strong>COORDENADOR:<\/strong> Edilson Rocha de Sousa<\/li>\n<li><strong>COORD. ADJUNTO:<\/strong> Aurino Cesar de Barros Nunes<\/li>\n<li><strong>MEMBROS:\u00a0<\/strong> Olivan Ara\u00fajo Gon\u00e7alves<\/li>\n<\/ul>\n<p data-raofz=\"14\"><strong><b>03 \u2013 Comiss\u00e3o Permanente de \u00c9tica Profissional<\/b><\/strong><\/p>\n<p style=\"text-align: justify;\" data-raofz=\"14\">* Esta Comiss\u00e3o ser\u00e1 assessorada juridicamente por um funcion\u00e1rio da estrutura auxiliar (par\u00e1grafo \u00fanico do art.\u00ba 136 do Regimento Interno do Crea-PI)<\/p>\n<p style=\"text-align: justify;\">\u00a0Esta Comiss\u00e3o ser\u00e1 assessorada juridicamente por um funcion\u00e1rio da estrutura auxiliar (par\u00e1grafo \u00fanico do art.\u00ba 136 do Regimento Interno do Crea-PI)<\/p>\n<ul>\n<li><strong>COORDENADOR:<\/strong> Leonardo Borges de Moura<\/li>\n<li><b>COORD. ADJUNTO:<\/b> Jos\u00e9 de Oliveira Brito Neto<\/li>\n<li><strong>MEMBROS:\u00a0<\/strong> Francisco Renato dos Santos J\u00fanior<\/li>\n<li>\u00a0 \u00a0 \u00a0 \u00a0 \u00a0 \u00a0 \u00a0 \u00a0 \u00a0 \u00a0 \u00a0Leandro \u00cdtalo Barbosa de Medeiros<\/li>\n<li>\u00a0 \u00a0 \u00a0 \u00a0 \u00a0 \u00a0 \u00a0 \u00a0 \u00a0 \u00a0 \u00a0Fabricio Napole\u00e3o Andrade<\/li>\n<li><strong>Conselheiro Suplente<\/strong><\/li>\n<li>Luana Le\u00f4ncio Amorim<\/li>\n<li>Gilberval Vieira Ferreira da Silva<\/li>\n<li>Daianny Cristina de Ara\u00fajo Albano<\/li>\n<li>Edilson Rocha de Sousa<\/li>\n<\/ul>\n<p><strong><b>04 \u2013 Comiss\u00e3o Permanente do Meio Ambiente<\/b><\/strong><\/p>\n<ul>\n<li><strong>COORDENADOR:<\/strong> Aurino Cesar de Barros Nunes<\/li>\n<li><strong>COORD. ADJUNTO:<\/strong> Fernando Silva Ara\u00fajo<\/li>\n<li><strong>MEMBROS:\u00a0<\/strong> Jaime de Paz Filho<\/li>\n<\/ul>\n<p><strong><b>05 \u2013 Comiss\u00e3o Permanente de Renova\u00e7\u00e3o do Ter\u00e7o do Crea-PI.<\/b><\/strong><\/p>\n<ul>\n<li><strong>COORDENADOR:<\/strong> Frank Pessoa Avelino<\/li>\n<li><b>COORD. ADJUNTO:<\/b> L\u00facio Vieira de Brito<\/li>\n<li><strong>MEMBROS:\u00a0<\/strong> Edilson Rocha de Sousa<\/li>\n<li>\u00a0 \u00a0 \u00a0 \u00a0 \u00a0 \u00a0 \u00a0 \u00a0 \u00a0 \u00a0 \u00a0Pedro Marques de Melo J\u00fanior<\/li>\n<li>\u00a0 \u00a0 \u00a0 \u00a0 \u00a0 \u00a0 \u00a0 \u00a0 \u00a0 \u00a0 \u00a0Gabriel Pires de Assun\u00e7\u00e3o J\u00fanior<\/li>\n<\/ul>\n<h2 data-raofz=\"26\"><strong><b>OUTRAS COMISS\u00d5ES \u2013 Crea-PI<\/b><\/strong><\/h2>\n<p><strong><b>01 \u2013 Comiss\u00e3o Eleitoral Regional \u2013 CER<\/b><\/strong><\/p>\n<ul>\n<li><strong>COORDENADOR:<\/strong> Jos\u00e9lia Correia Damasceno Galv\u00e3o<\/li>\n<li><strong>COORD. ADJUNTO:<\/strong> Francisco Renato dos Santos J\u00fanior<\/li>\n<li><strong>MEMBROS:\u00a0<\/strong> Fabricio Napole\u00e3o Andrade<\/li>\n<\/ul>\n<p><strong style=\"font-family: var(--global-body-font-family);\"><b>02 \u2013 Comiss\u00e3o Especial do M\u00e9rito<\/b><\/strong><\/p>\n<ul>\n<li><strong>COORDENADOR:<\/strong> Paulo Afonso Brand\u00e3o Alexandrino<\/li>\n<li><strong>COORD. ADJUNTO:<\/strong> Arnaud Azevedo Nunes<\/li>\n<li><strong>MEMBROS:\u00a0<\/strong> Lucio Vieira de Brito<\/li>\n<li>\u00a0 \u00a0 \u00a0 \u00a0 \u00a0 \u00a0 \u00a0 \u00a0 \u00a0 \u00a0 \u00a0Frank Pessoa Avelino<\/li>\n<li>\u00a0 \u00a0 \u00a0 \u00a0 \u00a0 \u00a0 \u00a0 \u00a0 \u00a0 \u00a0 \u00a0Giordano Tomaz Ulisses<\/li>\n<\/ul>\n<p><b>03- Comiss\u00e3o de Sindic\u00e2ncia e de Inqu\u00e9rito\u00a0<\/b><\/p>\n<p><strong>COORDENADOR:<\/strong> Rangel Barbosa de Moura<\/p>\n<p><strong>COORDENADOR ADJUNTO:<\/strong> Walterwilson Carvalho Leite<\/p>\n<p><strong>MEMBROS:<\/strong> Fabricio Napole\u00e3o Andrade<\/p>\n<p><strong>04- Comiss\u00e3o Crea J\u00fanior\u00a0<\/strong><\/p>\n<p><strong>COORDENADOR:<\/strong> Eric Marinho do Nascimento<\/p>\n<p><strong>COORDENADOR ADJUNTO:<\/strong> Dominique de Oliveira Moura<\/p>\n<p><strong>MEMBROS:<\/strong> Jos\u00e9lia Correia Damasceno Galv\u00e3o<\/p>\n<p><strong>05- Comiss\u00e3o Jovem Engenheiro &#8211; CJEng<\/strong><\/p>\n<p><strong>COORDENADORA:<\/strong> Dominique de Oliveira Moura<\/p>\n<p><strong>COORDENADOR ADJUNTO:<\/strong> \u00cdtalo Rodrigo Monte Soares<\/p>\n<p><strong>MEMBROS:<\/strong> Francisco Renato dos Santos J\u00fanior<\/p>\n<p>Bruno Bandeira Cardoso<\/p>\n<p><strong>06- Comiss\u00e3o do Conselho Editorial\u00a0<\/strong><\/p>\n<p><strong>COORDENADOR:<\/strong> Hercules Lima de Medeiros<\/p>\n<p><strong>COORDENADOR ADJUNTO:<\/strong> Luana Le\u00f4ncio Amorim<\/p>\n<p><strong>MEMBROS:<\/strong> Arnaud Azevedo Alves<\/p>\n<p><strong>07- Comiss\u00e3o Organizadora Regional do CEP<\/strong><\/p>\n<p><strong>COORDENADOR: <\/strong>Francisco das Chagas de Sousa<\/p>\n<p><strong>COORDENADOR ADJUNTO: <\/strong>L\u00facio Vieira de Brito<\/p>\n<p><strong>MEMBROS: <\/strong>Gabriel Pires de Assun\u00e7\u00e3o J\u00fanior<\/p>\n<p>Walterwilson Carvalho Leite<\/p>\n<p>Daianny Cristina de Ara\u00fajo Albano<\/p>\n<p>&nbsp;<\/p>\n<p>&nbsp;<\/p>\n","protected":false},"excerpt":{"rendered":"<p>Conhe\u00e7a o Crea-PI:\u00a0Comiss\u00f5es A Comiss\u00e3o Permanente \u00e9 o \u00f3rg\u00e3o deliberativo da estrutura de suporte, institu\u00eddo pelo Plen\u00e1rio, que tem por finalidade auxiliar o Plen\u00e1rio do Crea no desenvolvimento de atividades cont\u00ednuas relacionadas a um tema espec\u00edfico de car\u00e1ter legal, t\u00e9cnico ou administrativo. A Comiss\u00e3o Especial \u00e9 o \u00f3rg\u00e3o, institu\u00eddo pelo Plen\u00e1rio quando necess\u00e1rio, que tem&#8230;<\/p>\n","protected":false},"author":1,"featured_media":0,"parent":0,"menu_order":0,"comment_status":"closed","ping_status":"closed","template":"","meta":{"om_disable_all_campaigns":false,"_monsterinsights_skip_tracking":false,"_monsterinsights_sitenote_active":false,"_monsterinsights_sitenote_note":"","_monsterinsights_sitenote_category":0,"_kad_post_transparent":"default","_kad_post_title":"default","_kad_post_layout":"default","_kad_post_sidebar_id":"","_kad_post_content_style":"default","_kad_post_vertical_padding":"default","_kad_post_feature":"","_kad_post_feature_position":"","_kad_post_header":false,"_kad_post_footer":false,"footnotes":""},"aioseo_notices":[],"_links":{"self":[{"href":"https:\/\/transparencia.crea-pi.org.br\/index.php\/wp-json\/wp\/v2\/pages\/390"}],"collection":[{"href":"https:\/\/transparencia.crea-pi.org.br\/index.php\/wp-json\/wp\/v2\/pages"}],"about":[{"href":"https:\/\/transparencia.crea-pi.org.br\/index.php\/wp-json\/wp\/v2\/types\/page"}],"author":[{"embeddable":true,"href":"https:\/\/transparencia.crea-pi.org.br\/index.php\/wp-json\/wp\/v2\/users\/1"}],"replies":[{"embeddable":true,"href":"https:\/\/transparencia.crea-pi.org.br\/index.php\/wp-json\/wp\/v2\/comments?post=390"}],"version-history":[{"count":13,"href":"https:\/\/transparencia.crea-pi.org.br\/index.php\/wp-json\/wp\/v2\/pages\/390\/revisions"}],"predecessor-version":[{"id":6019,"href":"https:\/\/transparencia.crea-pi.org.br\/index.php\/wp-json\/wp\/v2\/pages\/390\/revisions\/6019"}],"wp:attachment":[{"href":"https:\/\/transparencia.crea-pi.org.br\/index.php\/wp-json\/wp\/v2\/media?parent=390"}],"curies":[{"name":"wp","href":"https:\/\/api.w.org\/{rel}","templated":true}]}}