{"id":39,"date":"2021-07-12T11:38:26","date_gmt":"2021-07-12T14:38:26","guid":{"rendered":"http:\/\/transparencia.crea-pi.org.br\/?page_id=39"},"modified":"2026-01-29T12:27:33","modified_gmt":"2026-01-29T15:27:33","slug":"home","status":"publish","type":"page","link":"https:\/\/transparencia.crea-pi.org.br\/","title":{"rendered":"HOME"},"content":{"rendered":"\t\t<div data-elementor-type=\"wp-page\" data-elementor-id=\"39\" class=\"elementor elementor-39\" data-elementor-post-type=\"page\">\n\t\t\t\t\t\t<section class=\"elementor-section elementor-top-section elementor-element elementor-element-4b6b5acf elementor-section-boxed elementor-section-height-default elementor-section-height-default\" data-id=\"4b6b5acf\" data-element_type=\"section\">\n\t\t\t\t\t\t<div class=\"elementor-container elementor-column-gap-default\">\n\t\t\t\t\t<div class=\"elementor-column elementor-col-100 elementor-top-column elementor-element elementor-element-6fe5515a\" data-id=\"6fe5515a\" data-element_type=\"column\">\n\t\t\t<div class=\"elementor-widget-wrap elementor-element-populated\">\n\t\t\t\t\t\t<div class=\"elementor-element elementor-element-4e9e42 elementor-widget elementor-widget-text-editor\" data-id=\"4e9e42\" data-element_type=\"widget\" data-widget_type=\"text-editor.default\">\n\t\t\t\t<div class=\"elementor-widget-container\">\n\t\t\t\t\t\t\t\t\t<p style=\"text-align: justify;\">Nesta p\u00e1gina voc\u00ea tem acesso \u00e0s informa\u00e7\u00f5es p\u00fablicas disponibilizadas pelo Conselho Regional de Engenharia e Agronomia do Piaui (Crea-PI) em cumprimento \u00e0 Lei n\u00ba 12.527, de 2011, a Lei de Acesso \u00e0 Informa\u00e7\u00e3o, observado o disposto no Decreto n\u00ba 7.724, de 2012.<\/p><p style=\"text-align: justify;\" data-raofz=\"14\">No menu est\u00e3o dispon\u00edveis informa\u00e7\u00f5es sobre o Crea-PI e temas de interesse da sociedade. Se a informa\u00e7\u00e3o n\u00e3o for localizada, basta clicar no \u00edcone \u2018Servi\u00e7o de Informa\u00e7\u00f5es ao Cidad\u00e3o (SIC)\u2019, para ser direcionado a um sistema ou funcionalidade que permita ao cidad\u00e3o solicitar uma informa\u00e7\u00e3o espec\u00edfica.<\/p>\t\t\t\t\t\t\t\t<\/div>\n\t\t\t\t<\/div>\n\t\t\t\t\t<\/div>\n\t\t<\/div>\n\t\t\t\t\t<\/div>\n\t\t<\/section>\n\t\t\t\t<\/div>\n\t\t","protected":false},"excerpt":{"rendered":"<p>Nesta p\u00e1gina voc\u00ea tem acesso \u00e0s informa\u00e7\u00f5es p\u00fablicas disponibilizadas pelo Conselho Regional de Engenharia e Agronomia do Piaui (Crea-PI) em cumprimento \u00e0 Lei n\u00ba 12.527, de 2011, a Lei de Acesso \u00e0 Informa\u00e7\u00e3o, observado o disposto no Decreto n\u00ba 7.724, de 2012. No menu est\u00e3o dispon\u00edveis informa\u00e7\u00f5es sobre o Crea-PI e temas de interesse da&#8230;<\/p>\n","protected":false},"author":1,"featured_media":0,"parent":0,"menu_order":0,"comment_status":"closed","ping_status":"closed","template":"","meta":{"om_disable_all_campaigns":false,"_monsterinsights_skip_tracking":false,"_monsterinsights_sitenote_active":false,"_monsterinsights_sitenote_note":"","_monsterinsights_sitenote_category":0,"_kad_post_transparent":"default","_kad_post_title":"default","_kad_post_layout":"default","_kad_post_sidebar_id":"","_kad_post_content_style":"default","_kad_post_vertical_padding":"default","_kad_post_feature":"","_kad_post_feature_position":"","_kad_post_header":false,"_kad_post_footer":false,"footnotes":""},"aioseo_notices":[],"_links":{"self":[{"href":"https:\/\/transparencia.crea-pi.org.br\/index.php\/wp-json\/wp\/v2\/pages\/39"}],"collection":[{"href":"https:\/\/transparencia.crea-pi.org.br\/index.php\/wp-json\/wp\/v2\/pages"}],"about":[{"href":"https:\/\/transparencia.crea-pi.org.br\/index.php\/wp-json\/wp\/v2\/types\/page"}],"author":[{"embeddable":true,"href":"https:\/\/transparencia.crea-pi.org.br\/index.php\/wp-json\/wp\/v2\/users\/1"}],"replies":[{"embeddable":true,"href":"https:\/\/transparencia.crea-pi.org.br\/index.php\/wp-json\/wp\/v2\/comments?post=39"}],"version-history":[{"count":8,"href":"https:\/\/transparencia.crea-pi.org.br\/index.php\/wp-json\/wp\/v2\/pages\/39\/revisions"}],"predecessor-version":[{"id":7294,"href":"https:\/\/transparencia.crea-pi.org.br\/index.php\/wp-json\/wp\/v2\/pages\/39\/revisions\/7294"}],"wp:attachment":[{"href":"https:\/\/transparencia.crea-pi.org.br\/index.php\/wp-json\/wp\/v2\/media?parent=39"}],"curies":[{"name":"wp","href":"https:\/\/api.w.org\/{rel}","templated":true}]}}