{"id":376,"date":"2021-07-17T21:47:59","date_gmt":"2021-07-18T00:47:59","guid":{"rendered":"http:\/\/transparencia.crea-pi.org.br\/?page_id=376"},"modified":"2025-12-02T15:13:09","modified_gmt":"2025-12-02T18:13:09","slug":"orcamento-e-reformulacoes","status":"publish","type":"page","link":"https:\/\/transparencia.crea-pi.org.br\/index.php\/orcamento-e-reformulacoes\/","title":{"rendered":"OR\u00c7AMENTO E REFORMULA\u00c7\u00d5ES"},"content":{"rendered":"\t\t<div data-elementor-type=\"wp-page\" data-elementor-id=\"376\" class=\"elementor elementor-376\" data-elementor-post-type=\"page\">\n\t\t\t\t\t\t<section class=\"elementor-section elementor-top-section elementor-element elementor-element-391054be elementor-section-boxed elementor-section-height-default elementor-section-height-default\" data-id=\"391054be\" data-element_type=\"section\">\n\t\t\t\t\t\t<div class=\"elementor-container elementor-column-gap-default\">\n\t\t\t\t\t<div class=\"elementor-column elementor-col-100 elementor-top-column elementor-element elementor-element-6dbdacc\" data-id=\"6dbdacc\" data-element_type=\"column\">\n\t\t\t<div class=\"elementor-widget-wrap elementor-element-populated\">\n\t\t\t\t\t\t<div class=\"elementor-element elementor-element-88c6bef elementor-widget elementor-widget-elementskit-accordion\" data-id=\"88c6bef\" data-element_type=\"widget\" data-widget_type=\"elementskit-accordion.default\">\n\t\t\t\t<div class=\"elementor-widget-container\">\n\t\t\t\t\t<div class=\"ekit-wid-con\" >\n        <div class=\"elementskit-accordion accoedion-primary\" id=\"accordion-69d2aa7c7c979\">\n\n            \n                <div class=\"elementskit-card active\">\n                    <div class=\"elementskit-card-header\" id=\"primaryHeading-0-88c6bef\">\n                        <a href=\"#collapse-b7ce8eb69d2aa7c7c979\" class=\"ekit-accordion--toggler elementskit-btn-link collapsed\" data-ekit-toggle=\"collapse\" data-target=\"#Collapse-b7ce8eb69d2aa7c7c979\" aria-expanded=\"true\" aria-controls=\"Collapse-b7ce8eb69d2aa7c7c979\">\n                            \n                            <span class=\"ekit-accordion-title\">2026<\/span>\n\n                            \n                                <div class=\"ekit_accordion_icon_group\">\n                                    <div class=\"ekit_accordion_normal_icon\">\n                                        <!-- Normal Icon -->\n\t\t\t\t\t\t\t\t\t\t<i class=\"icon icon-down-arrow1\"><\/i>                                    <\/div>\n\n                                    <div class=\"ekit_accordion_active_icon\">\n                                        <!-- Active Icon -->\n\t\t\t\t\t\t\t\t\t\t<i class=\"icon icon-up-arrow\"><\/i>                                    <\/div>\n                                <\/div>\n\n                            \n                                                    <\/a>\n                    <\/div>\n\n                    <div id=\"Collapse-b7ce8eb69d2aa7c7c979\" class=\" show collapse\" aria-labelledby=\"primaryHeading-0-88c6bef\" data-parent=\"#accordion-69d2aa7c7c979\">\n\n                        <div class=\"elementskit-card-body ekit-accordion--content\">\n                            <p><a href=\"http:\/\/transparencia.crea-pi.org.br\/wp-content\/uploads\/2025\/12\/Orcamento2026.pdf\">Or\u00e7amento<\/a><\/p>                        <\/div>\n\n                    <\/div>\n\n                <\/div><!-- .elementskit-card END -->\n\n                \n                <div class=\"elementskit-card \">\n                    <div class=\"elementskit-card-header\" id=\"primaryHeading-1-88c6bef\">\n                        <a href=\"#collapse-9ea9df069d2aa7c7c979\" class=\"ekit-accordion--toggler elementskit-btn-link collapsed\" data-ekit-toggle=\"collapse\" data-target=\"#Collapse-9ea9df069d2aa7c7c979\" aria-expanded=\"false\" aria-controls=\"Collapse-9ea9df069d2aa7c7c979\">\n                            \n                            <span class=\"ekit-accordion-title\">2025<\/span>\n\n                            \n                                <div class=\"ekit_accordion_icon_group\">\n                                    <div class=\"ekit_accordion_normal_icon\">\n                                        <!-- Normal Icon -->\n\t\t\t\t\t\t\t\t\t\t<i class=\"icon icon-down-arrow1\"><\/i>                                    <\/div>\n\n                                    <div class=\"ekit_accordion_active_icon\">\n                                        <!-- Active Icon -->\n\t\t\t\t\t\t\t\t\t\t<i class=\"icon icon-up-arrow\"><\/i>                                    <\/div>\n                                <\/div>\n\n                            \n                                                    <\/a>\n                    <\/div>\n\n                    <div id=\"Collapse-9ea9df069d2aa7c7c979\" class=\" collapse\" aria-labelledby=\"primaryHeading-1-88c6bef\" data-parent=\"#accordion-69d2aa7c7c979\">\n\n                        <div class=\"elementskit-card-body ekit-accordion--content\">\n                            <p><a href=\"http:\/\/transparencia.crea-pi.org.br\/wp-content\/uploads\/2025\/02\/Orcamento2025.pdf\">Or\u00e7amento<\/a><\/p><p><a href=\"http:\/\/transparencia.crea-pi.org.br\/wp-content\/uploads\/2025\/05\/reformulacao-unica.pdf\">1 Reformula\u00e7\u00e3o<\/a><\/p>                        <\/div>\n\n                    <\/div>\n\n                <\/div><!-- .elementskit-card END -->\n\n                \n                <div class=\"elementskit-card \">\n                    <div class=\"elementskit-card-header\" id=\"primaryHeading-2-88c6bef\">\n                        <a href=\"#collapse-16b78e569d2aa7c7c979\" class=\"ekit-accordion--toggler elementskit-btn-link collapsed\" data-ekit-toggle=\"collapse\" data-target=\"#Collapse-16b78e569d2aa7c7c979\" aria-expanded=\"false\" aria-controls=\"Collapse-16b78e569d2aa7c7c979\">\n                            \n                            <span class=\"ekit-accordion-title\">2024<\/span>\n\n                            \n                                <div class=\"ekit_accordion_icon_group\">\n                                    <div class=\"ekit_accordion_normal_icon\">\n                                        <!-- Normal Icon -->\n\t\t\t\t\t\t\t\t\t\t<i class=\"icon icon-down-arrow1\"><\/i>                                    <\/div>\n\n                                    <div class=\"ekit_accordion_active_icon\">\n                                        <!-- Active Icon -->\n\t\t\t\t\t\t\t\t\t\t<i class=\"icon icon-up-arrow\"><\/i>                                    <\/div>\n                                <\/div>\n\n                            \n                                                    <\/a>\n                    <\/div>\n\n                    <div id=\"Collapse-16b78e569d2aa7c7c979\" class=\" collapse\" aria-labelledby=\"primaryHeading-2-88c6bef\" data-parent=\"#accordion-69d2aa7c7c979\">\n\n                        <div class=\"elementskit-card-body ekit-accordion--content\">\n                            <p><a href=\"http:\/\/transparencia.crea-pi.org.br\/wp-content\/uploads\/2024\/02\/Proposta-Orcamentaria-2024-Unificado-1.pdf\">Or\u00e7amento<\/a>\u00a0<\/p><p><a href=\"http:\/\/transparencia.crea-pi.org.br\/wp-content\/uploads\/2024\/06\/1o-Reformulacao-Orcamentaria-2024.pdf\">1 Reformula\u00e7\u00e3o<\/a><\/p><p><a href=\"http:\/\/transparencia.crea-pi.org.br\/wp-content\/uploads\/2024\/08\/2a-Reformulacao-1.pdf\">2 Reformula\u00e7\u00e3o<\/a><\/p>                        <\/div>\n\n                    <\/div>\n\n                <\/div><!-- .elementskit-card END -->\n\n                \n                <div class=\"elementskit-card \">\n                    <div class=\"elementskit-card-header\" id=\"primaryHeading-3-88c6bef\">\n                        <a href=\"#collapse-5fd56f569d2aa7c7c979\" class=\"ekit-accordion--toggler elementskit-btn-link collapsed\" data-ekit-toggle=\"collapse\" data-target=\"#Collapse-5fd56f569d2aa7c7c979\" aria-expanded=\"false\" aria-controls=\"Collapse-5fd56f569d2aa7c7c979\">\n                            \n                            <span class=\"ekit-accordion-title\">2023<\/span>\n\n                            \n                                <div class=\"ekit_accordion_icon_group\">\n                                    <div class=\"ekit_accordion_normal_icon\">\n                                        <!-- Normal Icon -->\n\t\t\t\t\t\t\t\t\t\t<i class=\"icon icon-down-arrow1\"><\/i>                                    <\/div>\n\n                                    <div class=\"ekit_accordion_active_icon\">\n                                        <!-- Active Icon -->\n\t\t\t\t\t\t\t\t\t\t<i class=\"icon icon-up-arrow\"><\/i>                                    <\/div>\n                                <\/div>\n\n                            \n                                                    <\/a>\n                    <\/div>\n\n                    <div id=\"Collapse-5fd56f569d2aa7c7c979\" class=\" collapse\" aria-labelledby=\"primaryHeading-3-88c6bef\" data-parent=\"#accordion-69d2aa7c7c979\">\n\n                        <div class=\"elementskit-card-body ekit-accordion--content\">\n                            <p><a href=\"http:\/\/Or\u00e7amentohttp:\/\/transparencia.crea-pi.org.br\/wp-content\/uploads\/2022\/12\/Proposta-Orcamentaria-2023.pdf\">Or\u00e7amento<\/a><\/p><p><a href=\"http:\/\/transparencia.crea-pi.org.br\/wp-content\/uploads\/2023\/05\/1a-reformulacao.pdf\">1 Reformula\u00e7\u00e3o<\/a><\/p>                        <\/div>\n\n                    <\/div>\n\n                <\/div><!-- .elementskit-card END -->\n\n                \n                <div class=\"elementskit-card \">\n                    <div class=\"elementskit-card-header\" id=\"primaryHeading-4-88c6bef\">\n                        <a href=\"#collapse-ddff3c069d2aa7c7c979\" class=\"ekit-accordion--toggler elementskit-btn-link collapsed\" data-ekit-toggle=\"collapse\" data-target=\"#Collapse-ddff3c069d2aa7c7c979\" aria-expanded=\"false\" aria-controls=\"Collapse-ddff3c069d2aa7c7c979\">\n                            \n                            <span class=\"ekit-accordion-title\">2022<\/span>\n\n                            \n                                <div class=\"ekit_accordion_icon_group\">\n                                    <div class=\"ekit_accordion_normal_icon\">\n                                        <!-- Normal Icon -->\n\t\t\t\t\t\t\t\t\t\t<i class=\"icon icon-down-arrow1\"><\/i>                                    <\/div>\n\n                                    <div class=\"ekit_accordion_active_icon\">\n                                        <!-- Active Icon -->\n\t\t\t\t\t\t\t\t\t\t<i class=\"icon icon-up-arrow\"><\/i>                                    <\/div>\n                                <\/div>\n\n                            \n                                                    <\/a>\n                    <\/div>\n\n                    <div id=\"Collapse-ddff3c069d2aa7c7c979\" class=\" collapse\" aria-labelledby=\"primaryHeading-4-88c6bef\" data-parent=\"#accordion-69d2aa7c7c979\">\n\n                        <div class=\"elementskit-card-body ekit-accordion--content\">\n                            <ul><li><a href=\"http:\/\/transparencia.crea-pi.org.br\/wp-content\/uploads\/2022\/01\/Proposta-Orcamentaria2022.pdf\" target=\"_blank\" rel=\"noopener\">Or\u00e7amento<\/a><\/li><li><a href=\"https:\/\/transparencia.crea-pi.org.br\/wp-content\/uploads\/2021\/07\/1o-Reformulacao-2021.pdf\">1\u00ba Reformula\u00e7\u00e3o<\/a><\/li><li><a href=\"http:\/\/transparencia.crea-pi.org.br\/wp-content\/uploads\/2022\/11\/2a-Reformulacao.pdf\">2\u00ba Reformula\u00e7\u00e3o<\/a><\/li><\/ul>                        <\/div>\n\n                    <\/div>\n\n                <\/div><!-- .elementskit-card END -->\n\n                \n                <div class=\"elementskit-card \">\n                    <div class=\"elementskit-card-header\" id=\"primaryHeading-5-88c6bef\">\n                        <a href=\"#collapse-9e9986e69d2aa7c7c979\" class=\"ekit-accordion--toggler elementskit-btn-link collapsed\" data-ekit-toggle=\"collapse\" data-target=\"#Collapse-9e9986e69d2aa7c7c979\" aria-expanded=\"false\" aria-controls=\"Collapse-9e9986e69d2aa7c7c979\">\n                            \n                            <span class=\"ekit-accordion-title\">2021<\/span>\n\n                            \n                                <div class=\"ekit_accordion_icon_group\">\n                                    <div class=\"ekit_accordion_normal_icon\">\n                                        <!-- Normal Icon -->\n\t\t\t\t\t\t\t\t\t\t<i class=\"icon icon-down-arrow1\"><\/i>                                    <\/div>\n\n                                    <div class=\"ekit_accordion_active_icon\">\n                                        <!-- Active Icon -->\n\t\t\t\t\t\t\t\t\t\t<i class=\"icon icon-up-arrow\"><\/i>                                    <\/div>\n                                <\/div>\n\n                            \n                                                    <\/a>\n                    <\/div>\n\n                    <div id=\"Collapse-9e9986e69d2aa7c7c979\" class=\" collapse\" aria-labelledby=\"primaryHeading-5-88c6bef\" data-parent=\"#accordion-69d2aa7c7c979\">\n\n                        <div class=\"elementskit-card-body ekit-accordion--content\">\n                            <ul><li><a href=\"http:\/\/transparencia.crea-pi.org.br\/wp-content\/uploads\/2021\/07\/Orcamento-2021.pdf\" target=\"_blank\" rel=\"noopener\">Or\u00e7amento<\/a><\/li><li><a href=\"http:\/\/transparencia.crea-pi.org.br\/wp-content\/uploads\/2021\/07\/1o-Reformulacao-2021.pdf\" target=\"_blank\" rel=\"noopener\">1\u00ba Reformula\u00e7\u00e3o<\/a><\/li><li><a href=\"http:\/\/transparencia.crea-pi.org.br\/wp-content\/uploads\/2021\/12\/2o-Reformulacao.pdf\" target=\"_blank\" rel=\"noopener\">2\u00ba Reformula\u00e7\u00e3o<\/a><\/li><\/ul>                        <\/div>\n\n                    <\/div>\n\n                <\/div><!-- .elementskit-card END -->\n\n                \n                <div class=\"elementskit-card \">\n                    <div class=\"elementskit-card-header\" id=\"primaryHeading-6-88c6bef\">\n                        <a href=\"#collapse-ad66af169d2aa7c7c979\" class=\"ekit-accordion--toggler elementskit-btn-link collapsed\" data-ekit-toggle=\"collapse\" data-target=\"#Collapse-ad66af169d2aa7c7c979\" aria-expanded=\"false\" aria-controls=\"Collapse-ad66af169d2aa7c7c979\">\n                            \n                            <span class=\"ekit-accordion-title\">2020<\/span>\n\n                            \n                                <div class=\"ekit_accordion_icon_group\">\n                                    <div class=\"ekit_accordion_normal_icon\">\n                                        <!-- Normal Icon -->\n\t\t\t\t\t\t\t\t\t\t<i class=\"icon icon-down-arrow1\"><\/i>                                    <\/div>\n\n                                    <div class=\"ekit_accordion_active_icon\">\n                                        <!-- Active Icon -->\n\t\t\t\t\t\t\t\t\t\t<i class=\"icon icon-up-arrow\"><\/i>                                    <\/div>\n                                <\/div>\n\n                            \n                                                    <\/a>\n                    <\/div>\n\n                    <div id=\"Collapse-ad66af169d2aa7c7c979\" class=\" collapse\" aria-labelledby=\"primaryHeading-6-88c6bef\" data-parent=\"#accordion-69d2aa7c7c979\">\n\n                        <div class=\"elementskit-card-body ekit-accordion--content\">\n                            <ul><li><a href=\"http:\/\/transparencia.crea-pi.org.br\/wp-content\/uploads\/2021\/07\/Orcamento-2020.pdf\" target=\"_blank\" rel=\"noopener\">Or\u00e7amento<\/a><\/li><li><a href=\"http:\/\/transparencia.crea-pi.org.br\/wp-content\/uploads\/2021\/07\/1-Reformulacao-2020.pdf\" target=\"_blank\" rel=\"noopener\">1 Reformula\u00e7\u00e3o<\/a><\/li><\/ul>                        <\/div>\n\n                    <\/div>\n\n                <\/div><!-- .elementskit-card END -->\n\n                \n                <div class=\"elementskit-card \">\n                    <div class=\"elementskit-card-header\" id=\"primaryHeading-7-88c6bef\">\n                        <a href=\"#collapse-395848369d2aa7c7c979\" class=\"ekit-accordion--toggler elementskit-btn-link collapsed\" data-ekit-toggle=\"collapse\" data-target=\"#Collapse-395848369d2aa7c7c979\" aria-expanded=\"false\" aria-controls=\"Collapse-395848369d2aa7c7c979\">\n                            \n                            <span class=\"ekit-accordion-title\">2019<\/span>\n\n                            \n                                <div class=\"ekit_accordion_icon_group\">\n                                    <div class=\"ekit_accordion_normal_icon\">\n                                        <!-- Normal Icon -->\n\t\t\t\t\t\t\t\t\t\t<i class=\"icon icon-down-arrow1\"><\/i>                                    <\/div>\n\n                                    <div class=\"ekit_accordion_active_icon\">\n                                        <!-- Active Icon -->\n\t\t\t\t\t\t\t\t\t\t<i class=\"icon icon-up-arrow\"><\/i>                                    <\/div>\n                                <\/div>\n\n                            \n                                                    <\/a>\n                    <\/div>\n\n                    <div id=\"Collapse-395848369d2aa7c7c979\" class=\" collapse\" aria-labelledby=\"primaryHeading-7-88c6bef\" data-parent=\"#accordion-69d2aa7c7c979\">\n\n                        <div class=\"elementskit-card-body ekit-accordion--content\">\n                            <ul><li><a href=\"http:\/\/transparencia.crea-pi.org.br\/wp-content\/uploads\/2021\/07\/Orcamento-2019.pdf\" target=\"_blank\" rel=\"noopener\">Or\u00e7amento<\/a><\/li><li><a href=\"http:\/\/transparencia.crea-pi.org.br\/wp-content\/uploads\/2021\/07\/1o-Reformulacao-2019.pdf\" target=\"_blank\" rel=\"noopener\">1\u00ba Reformula\u00e7\u00e3o<\/a><\/li><\/ul>                        <\/div>\n\n                    <\/div>\n\n                <\/div><!-- .elementskit-card END -->\n\n                \n                <div class=\"elementskit-card \">\n                    <div class=\"elementskit-card-header\" id=\"primaryHeading-8-88c6bef\">\n                        <a href=\"#collapse-e8088dc69d2aa7c7c979\" class=\"ekit-accordion--toggler elementskit-btn-link collapsed\" data-ekit-toggle=\"collapse\" data-target=\"#Collapse-e8088dc69d2aa7c7c979\" aria-expanded=\"false\" aria-controls=\"Collapse-e8088dc69d2aa7c7c979\">\n                            \n                            <span class=\"ekit-accordion-title\">2018<\/span>\n\n                            \n                                <div class=\"ekit_accordion_icon_group\">\n                                    <div class=\"ekit_accordion_normal_icon\">\n                                        <!-- Normal Icon -->\n\t\t\t\t\t\t\t\t\t\t<i class=\"icon icon-down-arrow1\"><\/i>                                    <\/div>\n\n                                    <div class=\"ekit_accordion_active_icon\">\n                                        <!-- Active Icon -->\n\t\t\t\t\t\t\t\t\t\t<i class=\"icon icon-up-arrow\"><\/i>                                    <\/div>\n                                <\/div>\n\n                            \n                                                    <\/a>\n                    <\/div>\n\n                    <div id=\"Collapse-e8088dc69d2aa7c7c979\" class=\" collapse\" aria-labelledby=\"primaryHeading-8-88c6bef\" data-parent=\"#accordion-69d2aa7c7c979\">\n\n                        <div class=\"elementskit-card-body ekit-accordion--content\">\n                            <ul><li><a href=\"http:\/\/transparencia.crea-pi.org.br\/wp-content\/uploads\/2021\/07\/orcamento-1.pdf\" target=\"_blank\" rel=\"noopener\">Or\u00e7amento<\/a><\/li><li><a href=\"http:\/\/transparencia.crea-pi.org.br\/wp-content\/uploads\/2021\/07\/1o-reformulacao-orcamento.pdf\" target=\"_blank\" rel=\"noopener\">1\u00ba reformula\u00e7\u00e3o<\/a><\/li><\/ul>                        <\/div>\n\n                    <\/div>\n\n                <\/div><!-- .elementskit-card END -->\n\n                                        <\/div>\n    <\/div>\t\t\t\t<\/div>\n\t\t\t\t<\/div>\n\t\t\t\t\t<\/div>\n\t\t<\/div>\n\t\t\t\t\t<\/div>\n\t\t<\/section>\n\t\t\t\t<\/div>\n\t\t","protected":false},"excerpt":{"rendered":"<p>2026 Or\u00e7amento 2025 Or\u00e7amento 1 Reformula\u00e7\u00e3o 2024 Or\u00e7amento\u00a0 1 Reformula\u00e7\u00e3o 2 Reformula\u00e7\u00e3o 2023 Or\u00e7amento 1 Reformula\u00e7\u00e3o 2022 Or\u00e7amento 1\u00ba Reformula\u00e7\u00e3o 2\u00ba Reformula\u00e7\u00e3o 2021 Or\u00e7amento 1\u00ba Reformula\u00e7\u00e3o 2\u00ba Reformula\u00e7\u00e3o 2020 Or\u00e7amento 1 Reformula\u00e7\u00e3o 2019 Or\u00e7amento 1\u00ba Reformula\u00e7\u00e3o 2018 Or\u00e7amento 1\u00ba reformula\u00e7\u00e3o<\/p>\n","protected":false},"author":3,"featured_media":0,"parent":0,"menu_order":0,"comment_status":"closed","ping_status":"closed","template":"","meta":{"om_disable_all_campaigns":false,"_monsterinsights_skip_tracking":false,"_monsterinsights_sitenote_active":false,"_monsterinsights_sitenote_note":"","_monsterinsights_sitenote_category":0,"_kad_post_transparent":"default","_kad_post_title":"default","_kad_post_layout":"default","_kad_post_sidebar_id":"","_kad_post_content_style":"default","_kad_post_vertical_padding":"default","_kad_post_feature":"","_kad_post_feature_position":"","_kad_post_header":false,"_kad_post_footer":false,"footnotes":""},"aioseo_notices":[],"_links":{"self":[{"href":"https:\/\/transparencia.crea-pi.org.br\/index.php\/wp-json\/wp\/v2\/pages\/376"}],"collection":[{"href":"https:\/\/transparencia.crea-pi.org.br\/index.php\/wp-json\/wp\/v2\/pages"}],"about":[{"href":"https:\/\/transparencia.crea-pi.org.br\/index.php\/wp-json\/wp\/v2\/types\/page"}],"author":[{"embeddable":true,"href":"https:\/\/transparencia.crea-pi.org.br\/index.php\/wp-json\/wp\/v2\/users\/3"}],"replies":[{"embeddable":true,"href":"https:\/\/transparencia.crea-pi.org.br\/index.php\/wp-json\/wp\/v2\/comments?post=376"}],"version-history":[{"count":63,"href":"https:\/\/transparencia.crea-pi.org.br\/index.php\/wp-json\/wp\/v2\/pages\/376\/revisions"}],"predecessor-version":[{"id":7252,"href":"https:\/\/transparencia.crea-pi.org.br\/index.php\/wp-json\/wp\/v2\/pages\/376\/revisions\/7252"}],"wp:attachment":[{"href":"https:\/\/transparencia.crea-pi.org.br\/index.php\/wp-json\/wp\/v2\/media?parent=376"}],"curies":[{"name":"wp","href":"https:\/\/api.w.org\/{rel}","templated":true}]}}