{"id":264,"date":"2021-07-17T15:22:46","date_gmt":"2021-07-17T18:22:46","guid":{"rendered":"http:\/\/transparencia.crea-pi.org.br\/?page_id=264"},"modified":"2025-02-13T14:50:14","modified_gmt":"2025-02-13T17:50:14","slug":"calendario-de-reunioes","status":"publish","type":"page","link":"https:\/\/transparencia.crea-pi.org.br\/index.php\/calendario-de-reunioes\/","title":{"rendered":"Calend\u00e1rio de Reuni\u00f5es"},"content":{"rendered":"<p>As reuni\u00f5es obedecem a um calend\u00e1rio fixado anualmente com registro de uma reuni\u00e3o mensal da Plen\u00e1ria e duas das C\u00e2maras. Em caso de necessidade s\u00e3o convocadas reuni\u00f5es extraordin\u00e1rias.<\/p>\n<p><a href=\"http:\/\/transparencia.crea-pi.org.br\/wp-content\/uploads\/2025\/02\/CALENDARIO-DE-REUNIOES-2025-5.pdf\">Calend\u00e1rio de Reunioes 2025<\/a><\/p>\n","protected":false},"excerpt":{"rendered":"<p>As reuni\u00f5es obedecem a um calend\u00e1rio fixado anualmente com registro de uma reuni\u00e3o mensal da Plen\u00e1ria e duas das C\u00e2maras. Em caso de necessidade s\u00e3o convocadas reuni\u00f5es extraordin\u00e1rias. Calend\u00e1rio de Reunioes 2025<\/p>\n","protected":false},"author":3,"featured_media":0,"parent":0,"menu_order":0,"comment_status":"closed","ping_status":"closed","template":"","meta":{"om_disable_all_campaigns":false,"_monsterinsights_skip_tracking":false,"_monsterinsights_sitenote_active":false,"_monsterinsights_sitenote_note":"","_monsterinsights_sitenote_category":0,"_kad_post_transparent":"default","_kad_post_title":"default","_kad_post_layout":"default","_kad_post_sidebar_id":"","_kad_post_content_style":"default","_kad_post_vertical_padding":"default","_kad_post_feature":"","_kad_post_feature_position":"","_kad_post_header":false,"_kad_post_footer":false,"footnotes":""},"aioseo_notices":[],"_links":{"self":[{"href":"https:\/\/transparencia.crea-pi.org.br\/index.php\/wp-json\/wp\/v2\/pages\/264"}],"collection":[{"href":"https:\/\/transparencia.crea-pi.org.br\/index.php\/wp-json\/wp\/v2\/pages"}],"about":[{"href":"https:\/\/transparencia.crea-pi.org.br\/index.php\/wp-json\/wp\/v2\/types\/page"}],"author":[{"embeddable":true,"href":"https:\/\/transparencia.crea-pi.org.br\/index.php\/wp-json\/wp\/v2\/users\/3"}],"replies":[{"embeddable":true,"href":"https:\/\/transparencia.crea-pi.org.br\/index.php\/wp-json\/wp\/v2\/comments?post=264"}],"version-history":[{"count":12,"href":"https:\/\/transparencia.crea-pi.org.br\/index.php\/wp-json\/wp\/v2\/pages\/264\/revisions"}],"predecessor-version":[{"id":5945,"href":"https:\/\/transparencia.crea-pi.org.br\/index.php\/wp-json\/wp\/v2\/pages\/264\/revisions\/5945"}],"wp:attachment":[{"href":"https:\/\/transparencia.crea-pi.org.br\/index.php\/wp-json\/wp\/v2\/media?parent=264"}],"curies":[{"name":"wp","href":"https:\/\/api.w.org\/{rel}","templated":true}]}}