{"id":257,"date":"2021-07-17T15:16:13","date_gmt":"2021-07-17T18:16:13","guid":{"rendered":"http:\/\/transparencia.crea-pi.org.br\/?page_id=257"},"modified":"2021-07-17T15:16:13","modified_gmt":"2021-07-17T18:16:13","slug":"politica-de-cookies","status":"publish","type":"page","link":"https:\/\/transparencia.crea-pi.org.br\/index.php\/politica-de-cookies\/","title":{"rendered":"POL\u00cdTICA DE COOKIES"},"content":{"rendered":"<div data-raofz=\"14\">\n<p data-raofz=\"14\">Esta Pol\u00edtica de Cookies explica o que s\u00e3o cookies e como os usamos. Voc\u00ea deve ler esta pol\u00edtica para entender o que s\u00e3o cookies, como os usamos, os tipos de cookies que usamos, ou seja, as informa\u00e7\u00f5es que coletamos usando cookies e como essas informa\u00e7\u00f5es s\u00e3o usadas e como controlar as prefer\u00eancias de cookies. Para mais informa\u00e7\u00f5es sobre como usamos, armazenamos e mantemos seus dados pessoais seguros, consulte nossa\u00a0<a role=\"link\" href=\"https:\/\/www.crea-pi.org.br\/politica-de-privacidade\/\" data-raofz=\"14\">Pol\u00edtica de Privacidade<\/a>.<\/p>\n<p data-raofz=\"14\">Voc\u00ea pode a qualquer momento alterar ou retirar seu consentimento da Declara\u00e7\u00e3o de Cookies em nosso site.<br \/>\nSaiba mais sobre quem somos, como voc\u00ea pode entrar em contato conosco e como processamos dados pessoais em nossa Pol\u00edtica de Privacidade.<br \/>\nSeu consentimento se aplica aos seguintes dom\u00ednios:\u00a0<a role=\"link\" href=\"https:\/\/www.crea-pi.org.br\/\" data-raofz=\"14\">www.crea-pi.org.br<\/a><\/p>\n<\/div>\n<h3 data-raofz=\"24\">O que s\u00e3o cookies ?<\/h3>\n<p data-raofz=\"14\">Cookies s\u00e3o pequenos arquivos de texto usados \u200b\u200bpara armazenar informa\u00e7\u00f5es. Os cookies s\u00e3o armazenados no seu dispositivo quando o site \u00e9 carregado no seu navegador. Esses cookies nos ajudam a fazer o site funcionar corretamente, tornar o site mais seguro, proporcionar uma melhor experi\u00eancia ao usu\u00e1rio e entender como o site funciona e analisar o que funciona e onde precisa ser aprimorado.<\/p>\n<h3 data-raofz=\"24\">Como usamos cookies?<\/h3>\n<p data-raofz=\"14\">Como a maioria dos servi\u00e7os on-line, nosso site usa cookies de terceiros para diversas finalidades. Os cookies prim\u00e1rios s\u00e3o principalmente necess\u00e1rios para que o site funcione da maneira correta e n\u00e3o coletam nenhum dos seus dados de identifica\u00e7\u00e3o pessoal.<\/p>\n<p data-raofz=\"14\">Os cookies de terceiros usados \u200b\u200bem nossos sites s\u00e3o usados \u200b\u200bprincipalmente para entender o desempenho do site, como voc\u00ea interage com nosso site, mant\u00e9m nossos servi\u00e7os seguros, fornece an\u00fancios relevantes para voc\u00ea e, em geral, fornece uma melhor e melhorada experi\u00eancia do usu\u00e1rio e ajude a acelerar suas futuras intera\u00e7\u00f5es com nosso site.<\/p>\n<h3 data-raofz=\"24\">Que tipos de cookies usamos?<\/h3>\n<p data-raofz=\"14\"><strong>Essencial:<\/strong>\u00a0alguns cookies s\u00e3o essenciais para que voc\u00ea possa experimentar todas as funcionalidades do nosso site. Eles nos permitem manter sess\u00f5es de usu\u00e1rios e evitar amea\u00e7as \u00e0 seguran\u00e7a. Eles n\u00e3o coletam ou armazenam nenhuma informa\u00e7\u00e3o pessoal. Por exemplo, esses cookies permitem que voc\u00ea fa\u00e7a login na sua conta e adicione produtos \u00e0 sua cesta e fa\u00e7a o checkout com seguran\u00e7a.<\/p>\n<p data-raofz=\"14\"><strong>Estat\u00edsticas:<\/strong>\u00a0esses cookies armazenam informa\u00e7\u00f5es como o n\u00famero de visitantes do site, o n\u00famero de visitantes \u00fanicos, quais p\u00e1ginas do site foram visitadas, a fonte da visita etc. Esses dados nos ajudam a entender e analisar o desempenho e desempenho do site. onde precisa de melhorias.<\/p>\n<p data-raofz=\"14\"><strong>Marketing:<\/strong>\u00a0Nosso site exibe an\u00fancios. Esses cookies s\u00e3o usados \u200b\u200bpara personalizar os an\u00fancios que mostramos a voc\u00ea para que sejam significativos para voc\u00ea. Esses cookies tamb\u00e9m nos ajudam a acompanhar a efici\u00eancia dessas campanhas publicit\u00e1rias.<br \/>\nAs informa\u00e7\u00f5es armazenadas nesses cookies tamb\u00e9m podem ser usadas por fornecedores de an\u00fancios terceirizados para mostrar an\u00fancios em outros sites tamb\u00e9m no navegador.<\/p>\n<p data-raofz=\"14\"><strong>Funcionais:<\/strong>\u00a0estes s\u00e3o os cookies que ajudam certas funcionalidades n\u00e3o essenciais em nosso site. Essas funcionalidades incluem incorporar conte\u00fado como v\u00eddeos ou compartilhar conte\u00fado no site nas plataformas de m\u00eddia social.<\/p>\n<p data-raofz=\"14\"><strong>Prefer\u00eancias:<\/strong>\u00a0esses cookies nos ajudam a armazenar suas configura\u00e7\u00f5es e prefer\u00eancias de navega\u00e7\u00e3o, como prefer\u00eancias de idioma, para que voc\u00ea tenha uma experi\u00eancia melhor e eficiente em futuras visitas ao site.<\/p>\n<h3 data-raofz=\"24\">Como posso controlar as prefer\u00eancias de cookies?<\/h3>\n<p data-raofz=\"14\">Caso decida alterar suas prefer\u00eancias posteriormente na sess\u00e3o de navega\u00e7\u00e3o, clique na guia \u201cPol\u00edtica de Privacidade e Cookies\u201d na tela. Isso exibir\u00e1 o aviso de consentimento novamente, permitindo que voc\u00ea altere suas prefer\u00eancias ou retire seu consentimento completamente.<\/p>\n<p data-raofz=\"14\">Al\u00e9m disso, navegadores diferentes fornecem m\u00e9todos diferentes para bloquear e excluir cookies usados \u200b\u200bpelos sites. Voc\u00ea pode alterar as configura\u00e7\u00f5es do seu navegador para bloquear \/ excluir os cookies. Para saber mais sobre como gerenciar e excluir cookies, visite\u00a0<a role=\"link\" href=\"https:\/\/pt.wikipedia.org\/wiki\/Cookie\" rel=\"noopener noreferrer\" data-raofz=\"14\">https:\/\/pt.wikipedia.org\/wiki\/Cookie<\/a><\/p>\n","protected":false},"excerpt":{"rendered":"<p>Esta Pol\u00edtica de Cookies explica o que s\u00e3o cookies e como os usamos. Voc\u00ea deve ler esta pol\u00edtica para entender o que s\u00e3o cookies, como os usamos, os tipos de cookies que usamos, ou seja, as informa\u00e7\u00f5es que coletamos usando cookies e como essas informa\u00e7\u00f5es s\u00e3o usadas e como controlar as prefer\u00eancias de cookies. Para&#8230;<\/p>\n","protected":false},"author":1,"featured_media":0,"parent":0,"menu_order":0,"comment_status":"closed","ping_status":"closed","template":"","meta":{"om_disable_all_campaigns":false,"_monsterinsights_skip_tracking":false,"_monsterinsights_sitenote_active":false,"_monsterinsights_sitenote_note":"","_monsterinsights_sitenote_category":0,"_kad_post_transparent":"default","_kad_post_title":"default","_kad_post_layout":"default","_kad_post_sidebar_id":"","_kad_post_content_style":"default","_kad_post_vertical_padding":"default","_kad_post_feature":"","_kad_post_feature_position":"","_kad_post_header":false,"_kad_post_footer":false,"footnotes":""},"aioseo_notices":[],"_links":{"self":[{"href":"https:\/\/transparencia.crea-pi.org.br\/index.php\/wp-json\/wp\/v2\/pages\/257"}],"collection":[{"href":"https:\/\/transparencia.crea-pi.org.br\/index.php\/wp-json\/wp\/v2\/pages"}],"about":[{"href":"https:\/\/transparencia.crea-pi.org.br\/index.php\/wp-json\/wp\/v2\/types\/page"}],"author":[{"embeddable":true,"href":"https:\/\/transparencia.crea-pi.org.br\/index.php\/wp-json\/wp\/v2\/users\/1"}],"replies":[{"embeddable":true,"href":"https:\/\/transparencia.crea-pi.org.br\/index.php\/wp-json\/wp\/v2\/comments?post=257"}],"version-history":[{"count":1,"href":"https:\/\/transparencia.crea-pi.org.br\/index.php\/wp-json\/wp\/v2\/pages\/257\/revisions"}],"predecessor-version":[{"id":258,"href":"https:\/\/transparencia.crea-pi.org.br\/index.php\/wp-json\/wp\/v2\/pages\/257\/revisions\/258"}],"wp:attachment":[{"href":"https:\/\/transparencia.crea-pi.org.br\/index.php\/wp-json\/wp\/v2\/media?parent=257"}],"curies":[{"name":"wp","href":"https:\/\/api.w.org\/{rel}","templated":true}]}}