{"id":153,"date":"2021-07-17T11:49:42","date_gmt":"2021-07-17T14:49:42","guid":{"rendered":"http:\/\/transparencia.crea-pi.org.br\/?page_id=153"},"modified":"2021-07-21T16:02:45","modified_gmt":"2021-07-21T19:02:45","slug":"convenios-confea-mutua","status":"publish","type":"page","link":"https:\/\/transparencia.crea-pi.org.br\/index.php\/convenios-confea-mutua\/","title":{"rendered":"CONV\u00caNIOS CONFEA\/M\u00daTUA"},"content":{"rendered":"<p style=\"text-align: justify;\">Nesta se\u00e7\u00e3o s\u00e3o divulgadas informa\u00e7\u00f5es sobre os conv\u00eanios Confea\/M\u00fatua firmados com o Crea-PI onde h\u00e1 recebimento de repasses e transfer\u00eancias de recursos ao Crea-PI.<\/p>\n<p><a href=\"http:\/\/transparencia.crea-pi.org.br\/wp-content\/uploads\/2021\/07\/CONVENIOS-CONFEA-E-MUTUA-2015.pdf\" target=\"_blank\" rel=\"noopener\">CONV\u00caNIOS CONFEA\/M\u00daTUA &#8211; EXERC\u00cdCIO 2015<\/a><\/p>\n<p><a href=\"http:\/\/transparencia.crea-pi.org.br\/wp-content\/uploads\/2021\/07\/CONVENIOS-CONFEA-E-MUTUA-2016.pdf\">CONV\u00caNIOS CONFEA\/M\u00daTUA &#8211; EXERC\u00cdCIO 2016<\/a><\/p>\n<p><a href=\"http:\/\/transparencia.crea-pi.org.br\/wp-content\/uploads\/2021\/07\/CONVENIOS-CONFEA-E-MUTUA-2017.pdf\" target=\"_blank\" rel=\"noopener\">CONV\u00caNIOS CONFEA\/M\u00daTUA &#8211; EXERC\u00cdCIO 2017<\/a><\/p>\n<p><a href=\"http:\/\/transparencia.crea-pi.org.br\/wp-content\/uploads\/2021\/07\/CONVENIOS-CONFEA-E-MUTUA-2018.pdf\" target=\"_blank\" rel=\"noopener\">CONV\u00caNIOS CONFEA\/M\u00daTUA &#8211; EXERC\u00cdCIO 2018<\/a><\/p>\n","protected":false},"excerpt":{"rendered":"<p>Nesta se\u00e7\u00e3o s\u00e3o divulgadas informa\u00e7\u00f5es sobre os conv\u00eanios Confea\/M\u00fatua firmados com o Crea-PI onde h\u00e1 recebimento de repasses e transfer\u00eancias de recursos ao Crea-PI. CONV\u00caNIOS CONFEA\/M\u00daTUA &#8211; EXERC\u00cdCIO 2015 CONV\u00caNIOS CONFEA\/M\u00daTUA &#8211; EXERC\u00cdCIO 2016 CONV\u00caNIOS CONFEA\/M\u00daTUA &#8211; EXERC\u00cdCIO 2017 CONV\u00caNIOS CONFEA\/M\u00daTUA &#8211; EXERC\u00cdCIO 2018<\/p>\n","protected":false},"author":1,"featured_media":0,"parent":0,"menu_order":0,"comment_status":"closed","ping_status":"closed","template":"","meta":{"om_disable_all_campaigns":false,"_monsterinsights_skip_tracking":false,"_monsterinsights_sitenote_active":false,"_monsterinsights_sitenote_note":"","_monsterinsights_sitenote_category":0,"_kad_post_transparent":"default","_kad_post_title":"hide","_kad_post_layout":"fullwidth","_kad_post_sidebar_id":"","_kad_post_content_style":"unboxed","_kad_post_vertical_padding":"hide","_kad_post_feature":"hide","_kad_post_feature_position":"","_kad_post_header":false,"_kad_post_footer":false,"footnotes":""},"aioseo_notices":[],"_links":{"self":[{"href":"https:\/\/transparencia.crea-pi.org.br\/index.php\/wp-json\/wp\/v2\/pages\/153"}],"collection":[{"href":"https:\/\/transparencia.crea-pi.org.br\/index.php\/wp-json\/wp\/v2\/pages"}],"about":[{"href":"https:\/\/transparencia.crea-pi.org.br\/index.php\/wp-json\/wp\/v2\/types\/page"}],"author":[{"embeddable":true,"href":"https:\/\/transparencia.crea-pi.org.br\/index.php\/wp-json\/wp\/v2\/users\/1"}],"replies":[{"embeddable":true,"href":"https:\/\/transparencia.crea-pi.org.br\/index.php\/wp-json\/wp\/v2\/comments?post=153"}],"version-history":[{"count":16,"href":"https:\/\/transparencia.crea-pi.org.br\/index.php\/wp-json\/wp\/v2\/pages\/153\/revisions"}],"predecessor-version":[{"id":606,"href":"https:\/\/transparencia.crea-pi.org.br\/index.php\/wp-json\/wp\/v2\/pages\/153\/revisions\/606"}],"wp:attachment":[{"href":"https:\/\/transparencia.crea-pi.org.br\/index.php\/wp-json\/wp\/v2\/media?parent=153"}],"curies":[{"name":"wp","href":"https:\/\/api.w.org\/{rel}","templated":true}]}}