{"id":134,"date":"2021-07-17T11:28:37","date_gmt":"2021-07-17T14:28:37","guid":{"rendered":"http:\/\/transparencia.crea-pi.org.br\/?page_id=134"},"modified":"2021-07-28T13:00:26","modified_gmt":"2021-07-28T16:00:26","slug":"relatorio-de-gestao","status":"publish","type":"page","link":"https:\/\/transparencia.crea-pi.org.br\/index.php\/relatorio-de-gestao\/","title":{"rendered":"RELAT\u00d3RIO DE GEST\u00c3O"},"content":{"rendered":"<p>Nesta se\u00e7\u00e3o s\u00e3o divulgadas informa\u00e7\u00f5es referentes a Relat\u00f3rio de Gest\u00e3o do Crea-PI<\/p>\n\n<!-- Generated using Document Gallery. Get yours here: http:\/\/wordpress.org\/extend\/plugins\/document-gallery -->\n<div id=\"document-gallery-1\" class=\"document-gallery dg-paginate-wrapper\" data-shortcode='{\"id\":134,\"include\":\"841,840,839,837,838,836,835\",\"exclude\":\"\",\"attachment_pg\":false,\"columns\":4,\"descriptions\":false,\"fancy\":true,\"limit\":4,\"mime_types\":\"application,video,text,audio,image\",\"new_window\":false,\"order\":\"ASC\",\"orderby\":\"post__in\",\"paginate\":true,\"post_status\":\"any\",\"post_type\":\"attachment\",\"relation\":\"AND\",\"skip\":0}' style='--dg-icon-width: 24%'>\n<div class='document-icon-row'>\n   <div class=\"document-icon\">\n      <a href=\"https:\/\/transparencia.crea-pi.org.br\/wp-content\/uploads\/2021\/07\/Relatorio-Gestao-2020.pdf\" target=\"_self\">\n         <img decoding=\"async\" src=\"http:\/\/transparencia.crea-pi.org.br\/wp-content\/uploads\/2021\/07\/Relatorio-Gestao-2020-thumb.png\" title=\"Relat\u00f3rio de Gest\u00e3o Crea &#8211; PI 2020\" alt=\"Relat\u00f3rio de Gest\u00e3o Crea &#8211; PI 2020\" data-ext=\"pdf\"\/>\n         <span class=\"title\">Relat\u00f3rio de Gest\u00e3o Crea &#8211; PI 2020<\/span>\n      <\/a>\n   <\/div>\n   <div class=\"document-icon\">\n      <a href=\"https:\/\/transparencia.crea-pi.org.br\/wp-content\/uploads\/2021\/07\/Relatorio-Gestao-Crea-PI-2019.pdf\" target=\"_self\">\n         <img decoding=\"async\" src=\"http:\/\/transparencia.crea-pi.org.br\/wp-content\/uploads\/2021\/07\/Relatorio-Gestao-Crea-PI-2019-thumb.png\" title=\"Relatorio Gestao Crea-PI 2019\" alt=\"Relatorio Gestao Crea-PI 2019\" data-ext=\"pdf\"\/>\n         <span class=\"title\">Relatorio Gestao Crea-PI 2019<\/span>\n      <\/a>\n   <\/div>\n   <div class=\"document-icon\">\n      <a href=\"https:\/\/transparencia.crea-pi.org.br\/wp-content\/uploads\/2021\/07\/Relatorio-de-Gestao-Crea-PI-2018.pdf\" target=\"_self\">\n         <img decoding=\"async\" src=\"http:\/\/transparencia.crea-pi.org.br\/wp-content\/uploads\/2021\/07\/Relatorio-de-Gestao-Crea-PI-2018-thumb.png\" title=\"Relat\u00f3rio de Gest\u00e3o Crea-PI 2018\" alt=\"Relat\u00f3rio de Gest\u00e3o Crea-PI 2018\" data-ext=\"pdf\"\/>\n         <span class=\"title\">Relat\u00f3rio de Gest\u00e3o Crea-PI 2018<\/span>\n      <\/a>\n   <\/div>\n   <div class=\"document-icon\">\n      <a href=\"https:\/\/transparencia.crea-pi.org.br\/wp-content\/uploads\/2021\/07\/Relatorio-de-Gestao-Crea-PI-2017.pdf\" target=\"_self\">\n         <img decoding=\"async\" src=\"http:\/\/transparencia.crea-pi.org.br\/wp-content\/uploads\/2021\/07\/Relatorio-de-Gestao-Crea-PI-2017-thumb.png\" title=\"Relat\u00f3rio de Gest\u00e3o Crea-PI 2017\" alt=\"Relat\u00f3rio de Gest\u00e3o Crea-PI 2017\" data-ext=\"pdf\"\/>\n         <span class=\"title\">Relat\u00f3rio de Gest\u00e3o Crea-PI 2017<\/span>\n      <\/a>\n   <\/div>\n\n<\/div>\n<div class=\"paginate\"><span aria-current=\"page\" class=\"page-numbers current\">1<\/span>\n<a class=\"page-numbers\" href=\"#dg_page=2\">2<\/a>\n<a class=\"next page-numbers\" href=\"#dg_page=2\">&raquo;<\/a><\/div><\/div>\n","protected":false},"excerpt":{"rendered":"<p>Nesta se\u00e7\u00e3o s\u00e3o divulgadas informa\u00e7\u00f5es referentes a Relat\u00f3rio de Gest\u00e3o do Crea-PI<\/p>\n","protected":false},"author":1,"featured_media":0,"parent":0,"menu_order":0,"comment_status":"closed","ping_status":"closed","template":"","meta":{"om_disable_all_campaigns":false,"_monsterinsights_skip_tracking":false,"_monsterinsights_sitenote_active":false,"_monsterinsights_sitenote_note":"","_monsterinsights_sitenote_category":0,"_kad_post_transparent":"default","_kad_post_title":"hide","_kad_post_layout":"fullwidth","_kad_post_sidebar_id":"","_kad_post_content_style":"unboxed","_kad_post_vertical_padding":"hide","_kad_post_feature":"hide","_kad_post_feature_position":"","_kad_post_header":false,"_kad_post_footer":false,"footnotes":""},"aioseo_notices":[],"_links":{"self":[{"href":"https:\/\/transparencia.crea-pi.org.br\/index.php\/wp-json\/wp\/v2\/pages\/134"}],"collection":[{"href":"https:\/\/transparencia.crea-pi.org.br\/index.php\/wp-json\/wp\/v2\/pages"}],"about":[{"href":"https:\/\/transparencia.crea-pi.org.br\/index.php\/wp-json\/wp\/v2\/types\/page"}],"author":[{"embeddable":true,"href":"https:\/\/transparencia.crea-pi.org.br\/index.php\/wp-json\/wp\/v2\/users\/1"}],"replies":[{"embeddable":true,"href":"https:\/\/transparencia.crea-pi.org.br\/index.php\/wp-json\/wp\/v2\/comments?post=134"}],"version-history":[{"count":19,"href":"https:\/\/transparencia.crea-pi.org.br\/index.php\/wp-json\/wp\/v2\/pages\/134\/revisions"}],"predecessor-version":[{"id":843,"href":"https:\/\/transparencia.crea-pi.org.br\/index.php\/wp-json\/wp\/v2\/pages\/134\/revisions\/843"}],"wp:attachment":[{"href":"https:\/\/transparencia.crea-pi.org.br\/index.php\/wp-json\/wp\/v2\/media?parent=134"}],"curies":[{"name":"wp","href":"https:\/\/api.w.org\/{rel}","templated":true}]}}