{"id":130,"date":"2021-07-17T11:27:20","date_gmt":"2021-07-17T14:27:20","guid":{"rendered":"http:\/\/transparencia.crea-pi.org.br\/?page_id=130"},"modified":"2024-02-29T16:59:11","modified_gmt":"2024-02-29T19:59:11","slug":"cartas-de-servicos","status":"publish","type":"page","link":"https:\/\/transparencia.crea-pi.org.br\/index.php\/cartas-de-servicos\/","title":{"rendered":"CARTAS DE SERVI\u00c7OS"},"content":{"rendered":"<h3>INSTRU\u00c7\u00d5ES E FORMUL\u00c1RIOS<\/h3>\n<h5>SOLICITA\u00c7OES GERAIS:<\/h5>\n<p><a href=\"http:\/\/transparencia.crea-pi.org.br\/wp-content\/uploads\/2024\/02\/REQUERIMENTO-GERAL-CREA-PI.pdf\">Requerimento Geral\u00a0<\/a><\/p>\n<p><a href=\"http:\/\/transparencia.crea-pi.org.br\/wp-content\/uploads\/2024\/02\/Requerimento_Pessoa_Fisica.pdf\">Requerimento Pessoa F\u00edsica\u00a0<\/a><\/p>\n<p><a href=\"http:\/\/transparencia.crea-pi.org.br\/wp-content\/uploads\/2024\/02\/REQUERIMENTO-PF-2020.pdf\">Requerimento Profissional\u00a0<\/a><\/p>\n<p><a href=\"http:\/\/transparencia.crea-pi.org.br\/wp-content\/uploads\/2024\/02\/Declaracao-interrupcao-de-registro-profisisonal.pdf\">Declara\u00e7\u00e3o de interrup\u00e7\u00e3o de registro\u00a0<\/a><\/p>\n<p><a href=\"http:\/\/transparencia.crea-pi.org.br\/wp-content\/uploads\/2024\/02\/Alteracao-de-e-mail.pdf\">Requerimento Altera\u00e7\u00e3o de E mail\u00a0<\/a><\/p>\n","protected":false},"excerpt":{"rendered":"<p>INSTRU\u00c7\u00d5ES E FORMUL\u00c1RIOS SOLICITA\u00c7OES GERAIS: Requerimento Geral\u00a0 Requerimento Pessoa F\u00edsica\u00a0 Requerimento Profissional\u00a0 Declara\u00e7\u00e3o de interrup\u00e7\u00e3o de registro\u00a0 Requerimento Altera\u00e7\u00e3o de E mail\u00a0<\/p>\n","protected":false},"author":1,"featured_media":0,"parent":0,"menu_order":0,"comment_status":"closed","ping_status":"closed","template":"","meta":{"om_disable_all_campaigns":false,"_monsterinsights_skip_tracking":false,"_monsterinsights_sitenote_active":false,"_monsterinsights_sitenote_note":"","_monsterinsights_sitenote_category":0,"_kad_post_transparent":"default","_kad_post_title":"default","_kad_post_layout":"default","_kad_post_sidebar_id":"","_kad_post_content_style":"default","_kad_post_vertical_padding":"default","_kad_post_feature":"","_kad_post_feature_position":"","_kad_post_header":false,"_kad_post_footer":false,"footnotes":""},"aioseo_notices":[],"_links":{"self":[{"href":"https:\/\/transparencia.crea-pi.org.br\/index.php\/wp-json\/wp\/v2\/pages\/130"}],"collection":[{"href":"https:\/\/transparencia.crea-pi.org.br\/index.php\/wp-json\/wp\/v2\/pages"}],"about":[{"href":"https:\/\/transparencia.crea-pi.org.br\/index.php\/wp-json\/wp\/v2\/types\/page"}],"author":[{"embeddable":true,"href":"https:\/\/transparencia.crea-pi.org.br\/index.php\/wp-json\/wp\/v2\/users\/1"}],"replies":[{"embeddable":true,"href":"https:\/\/transparencia.crea-pi.org.br\/index.php\/wp-json\/wp\/v2\/comments?post=130"}],"version-history":[{"count":16,"href":"https:\/\/transparencia.crea-pi.org.br\/index.php\/wp-json\/wp\/v2\/pages\/130\/revisions"}],"predecessor-version":[{"id":4584,"href":"https:\/\/transparencia.crea-pi.org.br\/index.php\/wp-json\/wp\/v2\/pages\/130\/revisions\/4584"}],"wp:attachment":[{"href":"https:\/\/transparencia.crea-pi.org.br\/index.php\/wp-json\/wp\/v2\/media?parent=130"}],"curies":[{"name":"wp","href":"https:\/\/api.w.org\/{rel}","templated":true}]}}