{"id":128,"date":"2021-07-17T11:26:59","date_gmt":"2021-07-17T14:26:59","guid":{"rendered":"http:\/\/transparencia.crea-pi.org.br\/?page_id=128"},"modified":"2024-02-21T15:43:52","modified_gmt":"2024-02-21T18:43:52","slug":"audiencias-e-consultas-publicas","status":"publish","type":"page","link":"https:\/\/transparencia.crea-pi.org.br\/index.php\/audiencias-e-consultas-publicas\/","title":{"rendered":"AUDI\u00caNCIAS E CONSULTAS P\u00daBLICAS"},"content":{"rendered":"<h6 data-raofz=\"14\"><\/h6>\n<p data-raofz=\"14\">O Crea-PI n\u00e3o realizou audi\u00eancias ou consultas p\u00fablicas\u00a0\u00a0nos \u00faltimos 12 meses.<\/p>\n<h6 data-raofz=\"14\"><\/h6>\n","protected":false},"excerpt":{"rendered":"<p>O Crea-PI n\u00e3o realizou audi\u00eancias ou consultas p\u00fablicas\u00a0\u00a0nos \u00faltimos 12 meses.<\/p>\n","protected":false},"author":1,"featured_media":0,"parent":0,"menu_order":0,"comment_status":"closed","ping_status":"closed","template":"","meta":{"om_disable_all_campaigns":false,"_monsterinsights_skip_tracking":false,"_monsterinsights_sitenote_active":false,"_monsterinsights_sitenote_note":"","_monsterinsights_sitenote_category":0,"_kad_post_transparent":"default","_kad_post_title":"default","_kad_post_layout":"default","_kad_post_sidebar_id":"","_kad_post_content_style":"default","_kad_post_vertical_padding":"default","_kad_post_feature":"","_kad_post_feature_position":"","_kad_post_header":false,"_kad_post_footer":false,"footnotes":""},"aioseo_notices":[],"_links":{"self":[{"href":"https:\/\/transparencia.crea-pi.org.br\/index.php\/wp-json\/wp\/v2\/pages\/128"}],"collection":[{"href":"https:\/\/transparencia.crea-pi.org.br\/index.php\/wp-json\/wp\/v2\/pages"}],"about":[{"href":"https:\/\/transparencia.crea-pi.org.br\/index.php\/wp-json\/wp\/v2\/types\/page"}],"author":[{"embeddable":true,"href":"https:\/\/transparencia.crea-pi.org.br\/index.php\/wp-json\/wp\/v2\/users\/1"}],"replies":[{"embeddable":true,"href":"https:\/\/transparencia.crea-pi.org.br\/index.php\/wp-json\/wp\/v2\/comments?post=128"}],"version-history":[{"count":3,"href":"https:\/\/transparencia.crea-pi.org.br\/index.php\/wp-json\/wp\/v2\/pages\/128\/revisions"}],"predecessor-version":[{"id":4537,"href":"https:\/\/transparencia.crea-pi.org.br\/index.php\/wp-json\/wp\/v2\/pages\/128\/revisions\/4537"}],"wp:attachment":[{"href":"https:\/\/transparencia.crea-pi.org.br\/index.php\/wp-json\/wp\/v2\/media?parent=128"}],"curies":[{"name":"wp","href":"https:\/\/api.w.org\/{rel}","templated":true}]}}