{"id":125,"date":"2021-07-17T11:25:55","date_gmt":"2021-07-17T14:25:55","guid":{"rendered":"http:\/\/transparencia.crea-pi.org.br\/?page_id=125"},"modified":"2026-03-20T17:38:08","modified_gmt":"2026-03-20T20:38:08","slug":"portarias","status":"publish","type":"page","link":"https:\/\/transparencia.crea-pi.org.br\/index.php\/portarias\/","title":{"rendered":"PORTARIAS"},"content":{"rendered":"<ul>\n<li style=\"list-style-type: none;\">\n<ul>\n<li><a href=\"http:\/\/transparencia.crea-pi.org.br\/wp-content\/uploads\/2021\/07\/PORTARIA-001_2018-A-PORTARIA-030_2018.pdf\" target=\"_blank\" rel=\"noopener\">Portaria 001_2018 \u00e0 Portaria 030_2018<\/a><\/li>\n<li><a href=\"http:\/\/transparencia.crea-pi.org.br\/wp-content\/uploads\/2021\/07\/PORTARIA-031_2018-A-PORTARIA-055_2018.pdf\" target=\"_blank\" rel=\"noopener\">Portaria 031_2018 \u00e0 Portaria 055_2018<\/a><\/li>\n<li><a href=\"http:\/\/transparencia.crea-pi.org.br\/wp-content\/uploads\/2021\/07\/PORTARIA-056_2018-A-PORTARIA-68_2018.pdf\" target=\"_blank\" rel=\"noopener\">Portaria 056_2018 \u00e0 Portaria 068_2018<\/a><\/li>\n<li><a href=\"http:\/\/transparencia.crea-pi.org.br\/wp-content\/uploads\/2021\/07\/PORTARIA-069_2018-A-PORTARIA-095_2018.pdf\" target=\"_blank\" rel=\"noopener\">Portaria 069_2018 \u00e0 Portaria 095_2018<\/a><\/li>\n<li><a href=\"http:\/\/transparencia.crea-pi.org.br\/wp-content\/uploads\/2021\/07\/Portaria-Crea-PI-33-Acesso-a-Informacao.pdf\" target=\"_blank\" rel=\"noopener\">Portaria CREA-PI Acesso \u00e0 informa\u00e7\u00e3o<\/a><\/li>\n<li><a href=\"http:\/\/transparencia.crea-pi.org.br\/wp-content\/uploads\/2021\/07\/PORTARIAS-2019.pdf\" target=\"_blank\" rel=\"noopener\">Portarias de 2019 \u00a0<\/a><a href=\"http:\/\/transparencia.crea-pi.org.br\/wp-content\/uploads\/2024\/01\/Decisao-PL-Homologacao-das-eleicoes-e-Termo-de-Posse-Presidente-CREA-PI.pdf\">Decis\u00e3o PL Homologa\u00e7\u00e3o das elei\u00e7\u00f5es e Termo de Posse Presidente H\u00e9rcules Medeiros &#8211; CREA-PI<\/a><\/li>\n<li><a href=\"http:\/\/transparencia.crea-pi.org.br\/wp-content\/uploads\/2026\/03\/PORTARIA-023-2026-Banco-do-Brasil.pdf\">PORTARIA 023 -2026 &#8211; Banco do Brasil<\/a><\/li>\n<li><a href=\"http:\/\/transparencia.crea-pi.org.br\/wp-content\/uploads\/2026\/03\/PORTARIA-024-2026-C-E-F.pdf\">PORTARIA 024 &#8211; 2026 &#8211; C E F<\/a><\/li>\n<\/ul>\n<\/li>\n<\/ul>\n","protected":false},"excerpt":{"rendered":"<p>Portaria 001_2018 \u00e0 Portaria 030_2018 Portaria 031_2018 \u00e0 Portaria 055_2018 Portaria 056_2018 \u00e0 Portaria 068_2018 Portaria 069_2018 \u00e0 Portaria 095_2018 Portaria CREA-PI Acesso \u00e0 informa\u00e7\u00e3o Portarias de 2019 \u00a0Decis\u00e3o PL Homologa\u00e7\u00e3o das elei\u00e7\u00f5es e Termo de Posse Presidente H\u00e9rcules Medeiros &#8211; CREA-PI PORTARIA 023 -2026 &#8211; Banco do Brasil PORTARIA 024 &#8211; 2026 &#8211; C&#8230;<\/p>\n","protected":false},"author":1,"featured_media":0,"parent":0,"menu_order":0,"comment_status":"closed","ping_status":"closed","template":"","meta":{"om_disable_all_campaigns":false,"_monsterinsights_skip_tracking":false,"_monsterinsights_sitenote_active":false,"_monsterinsights_sitenote_note":"","_monsterinsights_sitenote_category":0,"_kad_post_transparent":"default","_kad_post_title":"default","_kad_post_layout":"default","_kad_post_sidebar_id":"","_kad_post_content_style":"default","_kad_post_vertical_padding":"default","_kad_post_feature":"","_kad_post_feature_position":"","_kad_post_header":false,"_kad_post_footer":false,"footnotes":""},"aioseo_notices":[],"_links":{"self":[{"href":"https:\/\/transparencia.crea-pi.org.br\/index.php\/wp-json\/wp\/v2\/pages\/125"}],"collection":[{"href":"https:\/\/transparencia.crea-pi.org.br\/index.php\/wp-json\/wp\/v2\/pages"}],"about":[{"href":"https:\/\/transparencia.crea-pi.org.br\/index.php\/wp-json\/wp\/v2\/types\/page"}],"author":[{"embeddable":true,"href":"https:\/\/transparencia.crea-pi.org.br\/index.php\/wp-json\/wp\/v2\/users\/1"}],"replies":[{"embeddable":true,"href":"https:\/\/transparencia.crea-pi.org.br\/index.php\/wp-json\/wp\/v2\/comments?post=125"}],"version-history":[{"count":25,"href":"https:\/\/transparencia.crea-pi.org.br\/index.php\/wp-json\/wp\/v2\/pages\/125\/revisions"}],"predecessor-version":[{"id":7498,"href":"https:\/\/transparencia.crea-pi.org.br\/index.php\/wp-json\/wp\/v2\/pages\/125\/revisions\/7498"}],"wp:attachment":[{"href":"https:\/\/transparencia.crea-pi.org.br\/index.php\/wp-json\/wp\/v2\/media?parent=125"}],"curies":[{"name":"wp","href":"https:\/\/api.w.org\/{rel}","templated":true}]}}