{"id":1242,"date":"2021-08-10T19:06:11","date_gmt":"2021-08-10T22:06:11","guid":{"rendered":"http:\/\/transparencia.crea-pi.org.br\/?page_id=1242"},"modified":"2026-04-08T17:51:31","modified_gmt":"2026-04-08T20:51:31","slug":"planejamento-e-resultados","status":"publish","type":"page","link":"https:\/\/transparencia.crea-pi.org.br\/index.php\/planejamento-e-resultados\/","title":{"rendered":"PLANEJAMENTO E RESULTADOS"},"content":{"rendered":"\t\t<div data-elementor-type=\"wp-page\" data-elementor-id=\"1242\" class=\"elementor elementor-1242\" data-elementor-post-type=\"page\">\n\t\t\t\t\t\t<section class=\"elementor-section elementor-top-section elementor-element elementor-element-62f3e3a2 elementor-section-boxed elementor-section-height-default elementor-section-height-default\" data-id=\"62f3e3a2\" data-element_type=\"section\">\n\t\t\t\t\t\t<div class=\"elementor-container elementor-column-gap-default\">\n\t\t\t\t\t<div class=\"elementor-column elementor-col-100 elementor-top-column elementor-element elementor-element-4bbe42f8\" data-id=\"4bbe42f8\" data-element_type=\"column\">\n\t\t\t<div class=\"elementor-widget-wrap elementor-element-populated\">\n\t\t\t\t\t\t<div class=\"elementor-element elementor-element-7440db2 elementor-widget elementor-widget-text-editor\" data-id=\"7440db2\" data-element_type=\"widget\" data-widget_type=\"text-editor.default\">\n\t\t\t\t<div class=\"elementor-widget-container\">\n\t\t\t\t\t\t\t\t\t<h1>Planejamento<\/h1><p>O processo de planejamento leva as organiza\u00e7\u00f5es a definirem seus objetivos e assim pensarem em algo antes de ser executado, ou em sua forma de execu\u00e7\u00e3o para atingir a suas metas.<\/p><p><a href=\"https:\/\/www.confea.org.br\/midias\/uploads-imce\/Planejamento-Transpar%C3%AAncia\/Agenda%20Estrat%C3%A9gica%202011-2022.pdf\" target=\"_blank\" rel=\"noopener\">AGENDA ESTRAT\u00c9GICA DO SISTEMA CONFEA\/CREA\u00a02011 \u2013 2022 &#8211; Divulga\u00e7\u00e3o<\/a><\/p><p><a href=\"http:\/\/transparencia.crea-pi.org.br\/wp-content\/uploads\/2026\/04\/Plano-Estrategico-CreaPI-2022-2027.pdf\">PLANEJAMENTO ESTRAT\u00c9GICO DO CREA-PI 2022 a 2027<\/a><\/p><p><a href=\"http:\/\/transparencia.crea-pi.org.br\/wp-content\/uploads\/2026\/04\/PPA-CREA-PI-2025-2027.pdf\">PLANO PLURIANUAL (PPA) DO CREA-PI 2025 a 2027<\/a><\/p>\t\t\t\t\t\t\t\t<\/div>\n\t\t\t\t<\/div>\n\t\t\t\t<div class=\"elementor-element elementor-element-51b3012 elementor-widget elementor-widget-heading\" data-id=\"51b3012\" data-element_type=\"widget\" data-widget_type=\"heading.default\">\n\t\t\t\t<div class=\"elementor-widget-container\">\n\t\t\t\t\t<h2 class=\"elementor-heading-title elementor-size-default\">Resultados <\/h2>\t\t\t\t<\/div>\n\t\t\t\t<\/div>\n\t\t\t\t<div class=\"elementor-element elementor-element-9a3a882 elementor-widget elementor-widget-text-editor\" data-id=\"9a3a882\" data-element_type=\"widget\" data-widget_type=\"text-editor.default\">\n\t\t\t\t<div class=\"elementor-widget-container\">\n\t\t\t\t\t\t\t\t\t<h5 style=\"text-align: center;\"><span style=\"text-decoration: underline; color: #009dc4;\"><a style=\"text-decoration: underline; color: #009dc4;\" href=\"https:\/\/transparencia.crea-pi.org.br\/index.php\/prestacao-de-contas-anual\/\">RELAT\u00d3RIOS DE GEST\u00c3O<\/a><\/span><\/h5>\t\t\t\t\t\t\t\t<\/div>\n\t\t\t\t<\/div>\n\t\t\t\t<div class=\"elementor-element elementor-element-4072371 elementor-widget elementor-widget-text-editor\" data-id=\"4072371\" data-element_type=\"widget\" data-widget_type=\"text-editor.default\">\n\t\t\t\t<div class=\"elementor-widget-container\">\n\t\t\t\t\t\t\t\t\t<h5 style=\"text-align: center;\"><span style=\"color: #000080;\">RESULTADOS DOS<\/span><span style=\"color: #000080;\"> PROCESSOS<\/span><span style=\"color: #000080;\"> FINAL\u00cdSTICOS DO CREA-PI\u00a0<\/span><\/h5>\t\t\t\t\t\t\t\t<\/div>\n\t\t\t\t<\/div>\n\t\t\t\t\t<\/div>\n\t\t<\/div>\n\t\t\t\t\t<\/div>\n\t\t<\/section>\n\t\t\t\t<section class=\"elementor-section elementor-top-section elementor-element elementor-element-8c9be31 elementor-section-boxed elementor-section-height-default elementor-section-height-default\" data-id=\"8c9be31\" data-element_type=\"section\">\n\t\t\t\t\t\t<div class=\"elementor-container elementor-column-gap-default\">\n\t\t\t\t\t<div class=\"elementor-column elementor-col-100 elementor-top-column elementor-element elementor-element-505a693\" data-id=\"505a693\" data-element_type=\"column\">\n\t\t\t<div class=\"elementor-widget-wrap elementor-element-populated\">\n\t\t\t\t\t\t<section class=\"elementor-section elementor-inner-section elementor-element elementor-element-8160f78 elementor-section-full_width elementor-section-content-middle elementor-section-height-default elementor-section-height-default\" data-id=\"8160f78\" data-element_type=\"section\">\n\t\t\t\t\t\t<div class=\"elementor-container elementor-column-gap-narrow\">\n\t\t\t\t\t<div class=\"elementor-column elementor-col-50 elementor-inner-column elementor-element elementor-element-f017a48\" data-id=\"f017a48\" data-element_type=\"column\">\n\t\t\t<div class=\"elementor-widget-wrap elementor-element-populated\">\n\t\t\t\t\t\t<div class=\"elementor-element elementor-element-837fae4 elementor-widget elementor-widget-text-editor\" data-id=\"837fae4\" data-element_type=\"widget\" data-widget_type=\"text-editor.default\">\n\t\t\t\t<div class=\"elementor-widget-container\">\n\t\t\t\t\t\t\t\t\t<p style=\"text-align: center;\"><a href=\"http:\/\/transparencia.crea-pi.org.br\/wp-content\/uploads\/2026\/04\/Relacao-Dados-e-Indicadores-Resultados-Sistema-CREA-PI-2024.xlsx\">2024<\/a><\/p><p style=\"text-align: center;\"><a href=\"http:\/\/transparencia.crea-pi.org.br\/wp-content\/uploads\/2026\/04\/Relacao-Dados-e-Indicadores-Resultados-Sistema-CREA-PI-2023.xlsx\">2023<\/a><\/p>\t\t\t\t\t\t\t\t<\/div>\n\t\t\t\t<\/div>\n\t\t\t\t\t<\/div>\n\t\t<\/div>\n\t\t\t\t<div class=\"elementor-column elementor-col-50 elementor-inner-column elementor-element elementor-element-3ff96cf\" data-id=\"3ff96cf\" data-element_type=\"column\">\n\t\t\t<div class=\"elementor-widget-wrap elementor-element-populated\">\n\t\t\t\t\t\t<div class=\"elementor-element elementor-element-d85bb18 elementor-widget elementor-widget-text-editor\" data-id=\"d85bb18\" data-element_type=\"widget\" data-widget_type=\"text-editor.default\">\n\t\t\t\t<div class=\"elementor-widget-container\">\n\t\t\t\t\t\t\t\t\t<p style=\"text-align: center;\"><a href=\"http:\/\/transparencia.crea-pi.org.br\/wp-content\/uploads\/2026\/04\/Planilha-Dados-e-Indicadores-CREA-PI-2021.xlsx\">2021<\/a><\/p><p style=\"text-align: center;\"><a href=\"http:\/\/transparencia.crea-pi.org.br\/wp-content\/uploads\/2026\/04\/Planilha-de-dados-finalisticos-Crea-PI-2020.xlsx\">2020<\/a><\/p><p style=\"text-align: center;\"><a href=\"http:\/\/transparencia.crea-pi.org.br\/wp-content\/uploads\/2026\/04\/Planilha-Confea-Resultados-Levantamento-Crea-PI-2019.xlsx\">2019<\/a><\/p>\t\t\t\t\t\t\t\t<\/div>\n\t\t\t\t<\/div>\n\t\t\t\t\t<\/div>\n\t\t<\/div>\n\t\t\t\t\t<\/div>\n\t\t<\/section>\n\t\t\t\t\t<\/div>\n\t\t<\/div>\n\t\t\t\t\t<\/div>\n\t\t<\/section>\n\t\t\t\t<\/div>\n\t\t","protected":false},"excerpt":{"rendered":"<p>Planejamento O processo de planejamento leva as organiza\u00e7\u00f5es a definirem seus objetivos e assim pensarem em algo antes de ser executado, ou em sua forma de execu\u00e7\u00e3o para atingir a suas metas. AGENDA ESTRAT\u00c9GICA DO SISTEMA CONFEA\/CREA\u00a02011 \u2013 2022 &#8211; Divulga\u00e7\u00e3o PLANEJAMENTO ESTRAT\u00c9GICO DO CREA-PI 2022 a 2027 PLANO PLURIANUAL (PPA) DO CREA-PI 2025 a&#8230;<\/p>\n","protected":false},"author":1,"featured_media":0,"parent":0,"menu_order":0,"comment_status":"closed","ping_status":"closed","template":"","meta":{"om_disable_all_campaigns":false,"_monsterinsights_skip_tracking":false,"_monsterinsights_sitenote_active":false,"_monsterinsights_sitenote_note":"","_monsterinsights_sitenote_category":0,"_kad_post_transparent":"default","_kad_post_title":"default","_kad_post_layout":"default","_kad_post_sidebar_id":"","_kad_post_content_style":"default","_kad_post_vertical_padding":"default","_kad_post_feature":"","_kad_post_feature_position":"","_kad_post_header":false,"_kad_post_footer":false,"footnotes":""},"aioseo_notices":[],"_links":{"self":[{"href":"https:\/\/transparencia.crea-pi.org.br\/index.php\/wp-json\/wp\/v2\/pages\/1242"}],"collection":[{"href":"https:\/\/transparencia.crea-pi.org.br\/index.php\/wp-json\/wp\/v2\/pages"}],"about":[{"href":"https:\/\/transparencia.crea-pi.org.br\/index.php\/wp-json\/wp\/v2\/types\/page"}],"author":[{"embeddable":true,"href":"https:\/\/transparencia.crea-pi.org.br\/index.php\/wp-json\/wp\/v2\/users\/1"}],"replies":[{"embeddable":true,"href":"https:\/\/transparencia.crea-pi.org.br\/index.php\/wp-json\/wp\/v2\/comments?post=1242"}],"version-history":[{"count":18,"href":"https:\/\/transparencia.crea-pi.org.br\/index.php\/wp-json\/wp\/v2\/pages\/1242\/revisions"}],"predecessor-version":[{"id":7579,"href":"https:\/\/transparencia.crea-pi.org.br\/index.php\/wp-json\/wp\/v2\/pages\/1242\/revisions\/7579"}],"wp:attachment":[{"href":"https:\/\/transparencia.crea-pi.org.br\/index.php\/wp-json\/wp\/v2\/media?parent=1242"}],"curies":[{"name":"wp","href":"https:\/\/api.w.org\/{rel}","templated":true}]}}