{"id":121,"date":"2021-07-17T11:25:27","date_gmt":"2021-07-17T14:25:27","guid":{"rendered":"http:\/\/transparencia.crea-pi.org.br\/?page_id=121"},"modified":"2021-07-21T16:56:56","modified_gmt":"2021-07-21T19:56:56","slug":"decisoes-plenarias","status":"publish","type":"page","link":"https:\/\/transparencia.crea-pi.org.br\/index.php\/decisoes-plenarias\/","title":{"rendered":"DECIS\u00d5ES PLEN\u00c1RIAS"},"content":{"rendered":"<p style=\"text-align: center;\">Para poder ter acesso \u00e0 estas informa\u00e7\u00f5es, por favor, solicite seu acesso pelo link abaixo:<\/p>\n<p style=\"text-align: center;\"><a class=\"button\" href=\"http:\/\/transparencia.crea-pi.org.br\/index.php\/formulario-de-acesso-aos-dados\/\">ACESSO \u00c0 SOLICITA\u00c7\u00c3O DE DADOS<\/a><\/p>\n","protected":false},"excerpt":{"rendered":"<p>Para poder ter acesso \u00e0 estas informa\u00e7\u00f5es, por favor, solicite seu acesso pelo link abaixo: ACESSO \u00c0 SOLICITA\u00c7\u00c3O DE DADOS<\/p>\n","protected":false},"author":1,"featured_media":0,"parent":0,"menu_order":0,"comment_status":"closed","ping_status":"closed","template":"","meta":{"om_disable_all_campaigns":false,"_monsterinsights_skip_tracking":false,"_monsterinsights_sitenote_active":false,"_monsterinsights_sitenote_note":"","_monsterinsights_sitenote_category":0,"_kad_post_transparent":"default","_kad_post_title":"default","_kad_post_layout":"default","_kad_post_sidebar_id":"","_kad_post_content_style":"default","_kad_post_vertical_padding":"default","_kad_post_feature":"","_kad_post_feature_position":"","_kad_post_header":false,"_kad_post_footer":false,"footnotes":""},"aioseo_notices":[],"_links":{"self":[{"href":"https:\/\/transparencia.crea-pi.org.br\/index.php\/wp-json\/wp\/v2\/pages\/121"}],"collection":[{"href":"https:\/\/transparencia.crea-pi.org.br\/index.php\/wp-json\/wp\/v2\/pages"}],"about":[{"href":"https:\/\/transparencia.crea-pi.org.br\/index.php\/wp-json\/wp\/v2\/types\/page"}],"author":[{"embeddable":true,"href":"https:\/\/transparencia.crea-pi.org.br\/index.php\/wp-json\/wp\/v2\/users\/1"}],"replies":[{"embeddable":true,"href":"https:\/\/transparencia.crea-pi.org.br\/index.php\/wp-json\/wp\/v2\/comments?post=121"}],"version-history":[{"count":8,"href":"https:\/\/transparencia.crea-pi.org.br\/index.php\/wp-json\/wp\/v2\/pages\/121\/revisions"}],"predecessor-version":[{"id":646,"href":"https:\/\/transparencia.crea-pi.org.br\/index.php\/wp-json\/wp\/v2\/pages\/121\/revisions\/646"}],"wp:attachment":[{"href":"https:\/\/transparencia.crea-pi.org.br\/index.php\/wp-json\/wp\/v2\/media?parent=121"}],"curies":[{"name":"wp","href":"https:\/\/api.w.org\/{rel}","templated":true}]}}