{"id":117,"date":"2021-07-17T11:24:11","date_gmt":"2021-07-17T14:24:11","guid":{"rendered":"http:\/\/transparencia.crea-pi.org.br\/?page_id=117"},"modified":"2024-08-09T15:56:31","modified_gmt":"2024-08-09T18:56:31","slug":"legislacao","status":"publish","type":"page","link":"https:\/\/transparencia.crea-pi.org.br\/index.php\/legislacao\/","title":{"rendered":"LEGISLA\u00c7\u00d5ES"},"content":{"rendered":"<h6 style=\"text-align: justify;\" data-raofz=\"14\"><a role=\"link\" href=\"http:\/\/legislacao.planalto.gov.br\/legisla\/legislacao.nsf\/Viw_Identificacao\/lei%205.194-1966?OpenDocument\" target=\"_blank\" rel=\"noopener\" data-raofz=\"14\"><small><strong>LEI N\u00ba 5.194, DE 24 DE DEZEMBRO DE 1966 \u2013 Regula o exerc\u00edcio das profiss\u00f5es de Engenheiro e Engenheiro Agr\u00f4nomo, e d\u00e1 outras provid\u00eancias.<\/strong><\/small><\/a><\/h6>\n<p data-raofz=\"14\"><a role=\"link\" href=\"http:\/\/www.planalto.gov.br\/ccivil_03\/Decreto-Lei\/Del0241.htm\" target=\"_blank\" rel=\"noopener\" data-raofz=\"14\">Vide Decreto Lei n\u00ba 241, de 1967<\/a><br \/>\n<a role=\"link\" href=\"http:\/\/www.planalto.gov.br\/ccivil_03\/decreto\/Antigos\/D79137.htm\" target=\"_blank\" rel=\"noopener\" data-raofz=\"14\">Vide Decreto 79.137, de 1977<\/a><br \/>\n<a role=\"link\" href=\"http:\/\/www.planalto.gov.br\/ccivil_03\/leis\/1989_1994\/L8195.htm\" target=\"_blank\" rel=\"noopener\" data-raofz=\"14\">Vide Lei n\u00ba 8.195, de 1991<\/a><br \/>\n<a role=\"link\" href=\"http:\/\/www.planalto.gov.br\/ccivil_03\/_Ato2007-2010\/2010\/Lei\/L12378.htm#art64\" target=\"_blank\" rel=\"noopener\" data-raofz=\"14\">Vide Lei n\u00ba 12.378, de 2010<\/a><\/p>\n<p data-raofz=\"14\"><strong>CONFEA<\/strong><\/p>\n<p data-raofz=\"14\"><a role=\"link\" href=\"https:\/\/crea-pi.org.br\/wp-content\/uploads\/2021\/07\/Regimento-Crea-PI-Vigente.pdf\" target=\"_blank\" rel=\"noopener\" data-raofz=\"14\">Resolu\u00e7\u00f5es e legisla\u00e7\u00e3o do Sistema Confea\/Crea<\/a><\/p>\n<p data-raofz=\"14\"><a role=\"link\" href=\"https:\/\/www.confea.org.br\/atuacao\/etica-profissional\" target=\"_blank\" rel=\"noopener\" data-raofz=\"14\">C\u00f3digo de \u00c9tica Profissional do Sistema Confea\/Crea<\/a><\/p>\n<p data-raofz=\"14\"><strong>CREA-PI<\/strong><\/p>\n<p data-raofz=\"14\"><a href=\"http:\/\/transparencia.crea-pi.org.br\/wp-content\/uploads\/2023\/01\/REGIMENTO-INTERNO-CREA-PI-2022.pdf\">Regimento Interno <\/a><\/p>\n<p data-raofz=\"14\"><a href=\"http:\/\/transparencia.crea-pi.org.br\/wp-content\/uploads\/2024\/08\/Regulamento-Auxiliar.pdf\">Regulamento Auxiliar<\/a><\/p>\n","protected":false},"excerpt":{"rendered":"<p>LEI N\u00ba 5.194, DE 24 DE DEZEMBRO DE 1966 \u2013 Regula o exerc\u00edcio das profiss\u00f5es de Engenheiro e Engenheiro Agr\u00f4nomo, e d\u00e1 outras provid\u00eancias. Vide Decreto Lei n\u00ba 241, de 1967 Vide Decreto 79.137, de 1977 Vide Lei n\u00ba 8.195, de 1991 Vide Lei n\u00ba 12.378, de 2010 CONFEA Resolu\u00e7\u00f5es e legisla\u00e7\u00e3o do Sistema Confea\/Crea&#8230;<\/p>\n","protected":false},"author":1,"featured_media":0,"parent":0,"menu_order":0,"comment_status":"closed","ping_status":"closed","template":"","meta":{"om_disable_all_campaigns":false,"_monsterinsights_skip_tracking":false,"_monsterinsights_sitenote_active":false,"_monsterinsights_sitenote_note":"","_monsterinsights_sitenote_category":0,"_kad_post_transparent":"default","_kad_post_title":"default","_kad_post_layout":"default","_kad_post_sidebar_id":"","_kad_post_content_style":"default","_kad_post_vertical_padding":"default","_kad_post_feature":"","_kad_post_feature_position":"","_kad_post_header":false,"_kad_post_footer":false,"footnotes":""},"aioseo_notices":[],"_links":{"self":[{"href":"https:\/\/transparencia.crea-pi.org.br\/index.php\/wp-json\/wp\/v2\/pages\/117"}],"collection":[{"href":"https:\/\/transparencia.crea-pi.org.br\/index.php\/wp-json\/wp\/v2\/pages"}],"about":[{"href":"https:\/\/transparencia.crea-pi.org.br\/index.php\/wp-json\/wp\/v2\/types\/page"}],"author":[{"embeddable":true,"href":"https:\/\/transparencia.crea-pi.org.br\/index.php\/wp-json\/wp\/v2\/users\/1"}],"replies":[{"embeddable":true,"href":"https:\/\/transparencia.crea-pi.org.br\/index.php\/wp-json\/wp\/v2\/comments?post=117"}],"version-history":[{"count":18,"href":"https:\/\/transparencia.crea-pi.org.br\/index.php\/wp-json\/wp\/v2\/pages\/117\/revisions"}],"predecessor-version":[{"id":5185,"href":"https:\/\/transparencia.crea-pi.org.br\/index.php\/wp-json\/wp\/v2\/pages\/117\/revisions\/5185"}],"wp:attachment":[{"href":"https:\/\/transparencia.crea-pi.org.br\/index.php\/wp-json\/wp\/v2\/media?parent=117"}],"curies":[{"name":"wp","href":"https:\/\/api.w.org\/{rel}","templated":true}]}}