{"id":109,"date":"2021-07-17T11:09:42","date_gmt":"2021-07-17T14:09:42","guid":{"rendered":"http:\/\/transparencia.crea-pi.org.br\/?page_id=109"},"modified":"2025-08-21T12:02:11","modified_gmt":"2025-08-21T15:02:11","slug":"funcionarios-e-assessores","status":"publish","type":"page","link":"https:\/\/transparencia.crea-pi.org.br\/index.php\/funcionarios-e-assessores\/","title":{"rendered":"FUNCION\u00c1RIOS E ASSESSORES"},"content":{"rendered":"<p><em><strong>Presid\u00eancia<\/strong><\/em><br \/>\n<strong><em>Presidente:<\/em><\/strong> <em>Hercules Lima de Medeiros<\/em><br \/>\nE-mail:\u00a0<a href=\"mailto:presidencia@crea-pi.org.br\">presidencia@crea-pi.org.br<\/a><\/p>\n<p><strong>Superintend\u00eancia<\/strong><br \/>\n<em>Wellysson da Silva Souza<\/em><br \/>\nE-mail:\u00a0<a href=\"mailto:superintendencia@crea-pi.org.br\">superintendencia@crea-pi.org.br<\/a><\/p>\n<p><em><strong>Assessoria da Presid\u00eancia:<\/strong> Arysson Thiago Santana de Sousa<\/em><\/p>\n<p><strong>Gabinete da Presid\u00eancia<\/strong><\/p>\n<p><strong><em>Chefe de Gabinete:<\/em><\/strong><em> Maria do Socorro Oliveira Ara\u00fajo\u00a0<\/em><\/p>\n<p><em><strong>Assessoria de Imprensa e Cerimonial\u00a0<\/strong><\/em><\/p>\n<p><em><strong>Chefe de Imprensa e Cerimonial<\/strong><\/em><strong>:<\/strong> <em>Jane Eyre de Oliveira Correia\u00a0<\/em><\/p>\n<p><strong><em>Assessoria de Imprensa e Cerimonial:<\/em><\/strong>\u00a0<em>Anna Jescika Araujo Lima<\/em><br \/>\nE-mail:\u00a0<a href=\"mailto:comunicacao@crea-pi.org.br\">comunicacao@crea-pi.org.br<\/a><\/p>\n<p><em><strong>Coordenador de Eventos:<\/strong> Thiago Rodrigues Lima<\/em><\/p>\n<p>E mail: eventos@crea-pi.org.br<\/p>\n<p><em><strong>Coordenador de Cobran\u00e7a:<\/strong> Pedro Ivan Felinto Silva<\/em><\/p>\n<p>E mail: cobranca@crea-pi.org.br<\/p>\n<p><strong><em>Assessor T\u00e9cnico das C\u00e2maras Especializadas:<\/em><\/strong> <em>Claudimar Leal da Silva\u00a0<\/em><\/p>\n<p>E- mail: gabinete@crea-pi.org.br<\/p>\n<p><strong><em>Assessor t\u00e9cnico das C\u00e2maras Especializadas: <\/em><\/strong><em>Samuel Pimentel Costa<\/em><\/p>\n<p><strong><em>Assessor t\u00e9cnico das C\u00e2maras Especializadas: <\/em><\/strong><em>Jo\u00e3o Jos\u00e9 da Luz<\/em><\/p>\n<p><em><strong>Assessor de Planejamento: <\/strong>Renan Costa Felinto<\/em><\/p>\n<p>E mail: licitacao@crea-pi.org.br<\/p>\n<p><em><strong>Assessor de Rela\u00e7\u00f5es: Institucionais:<\/strong> Francisco de Assis Carvalho<\/em><\/p>\n<p><em><strong>Divis\u00e3o de Apoio Administrativo<\/strong><\/em><br \/>\n<strong><em>Gerente:<\/em><\/strong>\u00a0<em>Marcus Aur\u00e9lio Lopes<\/em><br \/>\nE-mail: a<a href=\"mailto:poioadmt@crea-pi.org.br\">poioadmt@crea-pi.org.br<\/a><\/p>\n<p><em><strong>Departamento T\u00e9cnico Operacional\u00a0<\/strong><\/em><\/p>\n<p><em><strong>Chefe : <\/strong>Manoel Coelho Soares Filho\u00a0<\/em><\/p>\n<p><strong><em>Assessor T\u00e9cnico: <\/em><\/strong><em>Josevaldo Nascimento<\/em><br \/>\nE-mail:\u00a0<a href=\"mailto:asstecnica@crea-pi.org.br\">asstecnica@crea-pi.org.br<\/a><br \/>\n<em><strong>Assessor T\u00e9cnico:<\/strong> Raimundo Mozart Filho<\/em><br \/>\nE-mail:\u00a0<a href=\"mailto:asstecnica@crea-pi.org.br\">asstecnica@crea-pi.org.br<\/a><\/p>\n<p><strong>Divis\u00e3o Jur\u00eddica<\/strong><br \/>\n<strong><em>Procurador:<\/em><\/strong> <em>Gabriel de Andrade Pierote\u00a0<\/em><\/p>\n<p><strong><em>Procuradora Adjunta:<\/em><\/strong> <em>Lairys Grazielle Bezerra de Oliveira<\/em><br \/>\nTelefone: (86) 2107-9280<br \/>\nE-mail:\u00a0<a href=\"mailto:juridico@crea-pi.org.br\">juridico@crea-pi.org.br<\/a><\/p>\n<p><strong>Controladoria<\/strong><br \/>\n<strong><em>Controladora:<\/em><\/strong>\u00a0<em>Alexsandra Melo<\/em><br \/>\nE-mail:\u00a0<a href=\"mailto:controladoria@crea-pi.org.br\">controladoria@crea-pi.org.br<\/a><\/p>\n<p><strong>Departamento Administrativo e Financeiro<\/strong><br \/>\n<strong><em>Chefe do Departamento:<\/em><\/strong><em> Francisca Torres<\/em><br \/>\nE-mail:\u00a0<a href=\"mailto:administrativo@crea-pi.org.br\">administrativo@crea-pi.org.br<\/a><\/p>\n<p><strong>Divis\u00e3o de Apoio \u00e0s Inspetorias<\/strong><br \/>\n<strong><em>Gerente:<\/em><\/strong>\u00a0<em>Marcelo Gon\u00e7alves Nunes de O. M. Filho<\/em><br \/>\nE-mail:\u00a0<a href=\"mailto:inspetorias@crea-pi.org.br\">inspetorias@crea-pi.org.br<\/a><\/p>\n<p><strong>Divis\u00e3o de Gest\u00e3o de Pessoas<\/strong><br \/>\n<strong><em>Gerente:<\/em><\/strong>\u00a0<em>Luis Barbosa<\/em><br \/>\nE-mail:\u00a0<a href=\"mailto:pessoal@crea-pi.org.br\">pessoal@crea-pi.org.br<\/a><\/p>\n<p><strong>Divis\u00e3o de Tesouraria<\/strong><br \/>\n<strong><em>Chefe:<\/em><\/strong><em> L\u00facia Eliene Parentes F. Dourado<\/em><br \/>\nE-mail:\u00a0<a href=\"mailto:tesouraria@crea-pi.org.br\">tesouraria@crea-pi.org.br<\/a><\/p>\n<p><strong>Departamento de Contabilidade<\/strong><br \/>\n<strong><em>Contador:<\/em><\/strong>\u00a0<em>Erivaldo Batista<\/em><br \/>\nE-mail:\u00a0<a href=\"mailto:contabilidade@crea-pi.org.br\">contabilidade@crea-pi.org.br<\/a><\/p>\n<p><strong><em>Divis\u00e3o de Art<\/em><\/strong><\/p>\n<p><em><strong>Coordenador:<\/strong> Hiroshi Cavalcante Medeiros Koseki\u00a0<\/em><\/p>\n<p><em><strong>Gerente:<\/strong> Francisco Eugenio Alves Sep\u00falveda\u00a0<\/em><\/p>\n<p>E- mail:art@crea-pi.org.br<\/p>\n<p><strong>Divis\u00e3o de Registro e Cadastro<\/strong><br \/>\n<strong><em>Gerente:<\/em><\/strong>\u00a0<em>Maria das Neves<\/em><br \/>\nE-mail:\u00a0<a href=\"mailto:registrocadastro@crea-pi.org.br\">registrocadastro@crea-pi.org.br<\/a><\/p>\n<p><strong>Divis\u00e3o de Fiscaliza\u00e7\u00e3o<\/strong><br \/>\n<strong><em>Chefe do Departamento: Gilson Lopes de Souza J\u00fanior\u00a0<\/em><\/strong><br \/>\nE-mail:\u00a0<a href=\"mailto:fiscalizacao@crea-pi.org.br\">fiscalizacao@crea-pi.org.br<\/a><\/p>\n<p><em><strong>Divis\u00e3o de gest\u00e3o de tecnologia\u00a0<\/strong><\/em><br \/>\n<strong><em>Coordenador:<\/em><\/strong>\u00a0<em style=\"font-family: var(--global-body-font-family);\">\u00a0<\/em><em><span style=\"font-family: var(--global-body-font-family);\">Jos\u00e9 Alcides Oquendo Filho<\/span><\/em><br \/>\nE-mail:\u00a0<a href=\"mailto:suporte@crea-pi.org.br\">suporte@crea-pi.org.br\u2028<\/a> (E-mail para resolu\u00e7\u00f5es de quest\u00f5es de inform\u00e1tica)<\/p>\n<p><em><strong>Assessor de\u00a0 Tecnologia e Seguran\u00e7a da Informa\u00e7\u00e3o:<\/strong> Silas Vasconcelos Cruz<\/em><\/p>\n<p><em><strong>Assessora de Tecnologia e Seguran\u00e7a da Informa\u00e7\u00e3o:<\/strong> Juliana Beatriz Marques<\/em><\/p>\n<p><strong>Atendimento ao Profissional<\/strong><br \/>\n<strong><em>Gerente:<\/em><\/strong><em> Milena Ara\u00fajo<\/em><br \/>\nE-mail:\u00a0<a href=\"mailto:atendimento@crea-pi.org.br\">atendimento@crea-pi.org.br<\/a><\/p>\n<p><em><strong>SIC \u2013 Recadastramento<\/strong><\/em><br \/>\nE-mail:\u00a0<a href=\"mailto:sic@crea-pi.org.br\">sic@crea-pi.org.br<\/a><\/p>\n<p><em><strong>Servi\u00e7o de Malote<\/strong><\/em><br \/>\n<strong><em>Servi\u00e7o de Malote: <\/em><\/strong><em>Maria do Assun\u00e7\u00e3o Ara\u00fajo Lima Cruz\u00a0<\/em><\/p>\n","protected":false},"excerpt":{"rendered":"<p>Presid\u00eancia Presidente: Hercules Lima de Medeiros E-mail:\u00a0presidencia@crea-pi.org.br Superintend\u00eancia Wellysson da Silva Souza E-mail:\u00a0superintendencia@crea-pi.org.br Assessoria da Presid\u00eancia: Arysson Thiago Santana de Sousa Gabinete da Presid\u00eancia Chefe de Gabinete: Maria do Socorro Oliveira Ara\u00fajo\u00a0 Assessoria de Imprensa e Cerimonial\u00a0 Chefe de Imprensa e Cerimonial: Jane Eyre de Oliveira Correia\u00a0 Assessoria de Imprensa e Cerimonial:\u00a0Anna Jescika Araujo Lima&#8230;<\/p>\n","protected":false},"author":3,"featured_media":0,"parent":0,"menu_order":0,"comment_status":"closed","ping_status":"closed","template":"","meta":{"om_disable_all_campaigns":false,"_monsterinsights_skip_tracking":false,"_monsterinsights_sitenote_active":false,"_monsterinsights_sitenote_note":"","_monsterinsights_sitenote_category":0,"_kad_post_transparent":"default","_kad_post_title":"default","_kad_post_layout":"default","_kad_post_sidebar_id":"","_kad_post_content_style":"default","_kad_post_vertical_padding":"default","_kad_post_feature":"","_kad_post_feature_position":"","_kad_post_header":false,"_kad_post_footer":false,"footnotes":""},"aioseo_notices":[],"_links":{"self":[{"href":"https:\/\/transparencia.crea-pi.org.br\/index.php\/wp-json\/wp\/v2\/pages\/109"}],"collection":[{"href":"https:\/\/transparencia.crea-pi.org.br\/index.php\/wp-json\/wp\/v2\/pages"}],"about":[{"href":"https:\/\/transparencia.crea-pi.org.br\/index.php\/wp-json\/wp\/v2\/types\/page"}],"author":[{"embeddable":true,"href":"https:\/\/transparencia.crea-pi.org.br\/index.php\/wp-json\/wp\/v2\/users\/3"}],"replies":[{"embeddable":true,"href":"https:\/\/transparencia.crea-pi.org.br\/index.php\/wp-json\/wp\/v2\/comments?post=109"}],"version-history":[{"count":23,"href":"https:\/\/transparencia.crea-pi.org.br\/index.php\/wp-json\/wp\/v2\/pages\/109\/revisions"}],"predecessor-version":[{"id":6726,"href":"https:\/\/transparencia.crea-pi.org.br\/index.php\/wp-json\/wp\/v2\/pages\/109\/revisions\/6726"}],"wp:attachment":[{"href":"https:\/\/transparencia.crea-pi.org.br\/index.php\/wp-json\/wp\/v2\/media?parent=109"}],"curies":[{"name":"wp","href":"https:\/\/api.w.org\/{rel}","templated":true}]}}