{"id":107,"date":"2021-07-17T11:08:54","date_gmt":"2021-07-17T14:08:54","guid":{"rendered":"http:\/\/transparencia.crea-pi.org.br\/?page_id=107"},"modified":"2026-04-10T08:31:47","modified_gmt":"2026-04-10T11:31:47","slug":"conselheiros","status":"publish","type":"page","link":"https:\/\/transparencia.crea-pi.org.br\/index.php\/conselheiros\/","title":{"rendered":"CONSELHEIROS"},"content":{"rendered":"<h3 data-path-to-node=\"2\"><b data-path-to-node=\"2\" data-index-in-node=\"0\">1) Associa\u00e7\u00e3o dos Engenheiros Agrimensores &#8211; APEAG<\/b><\/h3>\n<p data-path-to-node=\"3\"><b data-path-to-node=\"3\" data-index-in-node=\"0\">01 TITULAR: Eng. Agrimensor L\u00daCIO VIEIRA DE BRITO<\/b><\/p>\n<p data-path-to-node=\"3\">E-mail: brivito44@yahoo.com.br<\/p>\n<p data-path-to-node=\"3\">Mandato: 08\/01\/2025 a 31\/12\/2027<\/p>\n<hr data-path-to-node=\"5\" \/>\n<h3 data-path-to-node=\"6\"><b data-path-to-node=\"6\" data-index-in-node=\"0\">2) Clube de Engenharia do Piau\u00ed \u2013 CEPI<\/b><\/h3>\n<p data-path-to-node=\"7\"><b data-path-to-node=\"7\" data-index-in-node=\"0\">02 TITULAR: Eng. Eletricista GABRIEL PIRES ASSUN\u00c7\u00c3O J\u00daNIOR<\/b><\/p>\n<p data-path-to-node=\"7\">E-mail: gabrieljr.7@hotmail.com<\/p>\n<p data-path-to-node=\"7\">Mandato: 15\/01\/2024 a 31\/12\/2026<\/p>\n<p data-path-to-node=\"8\"><b data-path-to-node=\"8\" data-index-in-node=\"0\">SUPLENTE: Eng. Eletricista JOSELITO F\u00c9LIX SILVA FILHO<\/b><\/p>\n<p data-path-to-node=\"8\">E-mail: joselitof37@gmail.com<\/p>\n<p data-path-to-node=\"8\">Mandato: 15\/02\/2024 a 31\/12\/2026<\/p>\n<p data-path-to-node=\"9\"><b data-path-to-node=\"9\" data-index-in-node=\"0\">03 TITULAR: Eng. Civil J\u00daLIO RODRIGUES DE BRITO FILHO<\/b><\/p>\n<p data-path-to-node=\"9\">E-mail: juliorodrigues@gmail.com<\/p>\n<p data-path-to-node=\"9\">Mandato: 12\/01\/2026 a 31\/12\/2028<\/p>\n<p data-path-to-node=\"10\"><b data-path-to-node=\"10\" data-index-in-node=\"0\">SUPLENTE: Eng. Civil JOS\u00c9 RIBAMAR BASTOS<\/b><\/p>\n<p data-path-to-node=\"10\">E-mail: Ribamar.bastos@hotmail.com<\/p>\n<p data-path-to-node=\"10\">Mandato: 12\/01\/2026 a 31\/12\/2028<\/p>\n<p data-path-to-node=\"11\"><b data-path-to-node=\"11\" data-index-in-node=\"0\">04 TITULAR: Eng. Civil LAILSON ANCELMO<\/b><\/p>\n<p data-path-to-node=\"11\">E-mail: ancelmoengenharia@hotmail.com<\/p>\n<p data-path-to-node=\"11\">Mandato: 12\/01\/2026 a 31\/12\/2028<\/p>\n<p data-path-to-node=\"12\"><b data-path-to-node=\"12\" data-index-in-node=\"0\">SUPLENTE: Eng. Civil FRANCISCO CARLOS TORRES SILVA<\/b><\/p>\n<p data-path-to-node=\"12\">E-mail: francaconstrucoespi@gmail.com<\/p>\n<p data-path-to-node=\"12\">Mandato: 12\/01\/2026 a 31\/12\/2028<\/p>\n<hr data-path-to-node=\"13\" \/>\n<h3 data-path-to-node=\"14\"><b data-path-to-node=\"14\" data-index-in-node=\"0\">3) Instituto Brasileiro de Avalia\u00e7\u00f5es e Per\u00edcias de Engenharia do Piau\u00ed &#8211; IBAPE<\/b><\/h3>\n<p data-path-to-node=\"15\"><b data-path-to-node=\"15\" data-index-in-node=\"0\">05 TITULAR: <\/b><\/p>\n<p data-path-to-node=\"15\">\n<p data-path-to-node=\"16\"><b data-path-to-node=\"16\" data-index-in-node=\"0\">SUPLENTE: Eng. Civil JO\u00c3O DE DEUS SOUSA<\/b><\/p>\n<p data-path-to-node=\"16\">E-mail: joaodedeuseng@yahoo.com.br<\/p>\n<p data-path-to-node=\"16\">Mandato: 15\/01\/2024 a 31\/12\/2026<\/p>\n<hr data-path-to-node=\"17\" \/>\n<h3 data-path-to-node=\"18\"><b data-path-to-node=\"18\" data-index-in-node=\"0\">4) Sindicato dos Engenheiros do Estado do Piau\u00ed &#8211; SENGE\/PI<\/b><\/h3>\n<p data-path-to-node=\"19\"><b data-path-to-node=\"19\" data-index-in-node=\"0\">06 TITULAR: Eng. Civil OLIVAN ARA\u00daJO GON\u00c7ALVES<\/b><\/p>\n<p data-path-to-node=\"19\">E-mail: ollivann@yahoo.com.br<\/p>\n<p data-path-to-node=\"19\">Mandato: 12\/01\/2026 a 31\/12\/2028<\/p>\n<p data-path-to-node=\"20\"><b data-path-to-node=\"20\" data-index-in-node=\"0\">SUPLENTE: Eng. Civil AYRTON MENDES DOS SANTOS BARROS<\/b><\/p>\n<p data-path-to-node=\"20\">Email: ayrton.mendes@hotmail.com<\/p>\n<p data-path-to-node=\"20\">Mandato: 12\/01\/2026 a 31\/12\/2028<\/p>\n<p data-path-to-node=\"21\"><b data-path-to-node=\"21\" data-index-in-node=\"0\">07 TITULAR: Eng. Civil RAIMUNDO JOSE DA SILVA SANTOS<\/b><\/p>\n<p data-path-to-node=\"21\">E-mail: santosmundico70@gmail.com<\/p>\n<p data-path-to-node=\"21\">Mandato: 12\/01\/2026 a 31\/12\/2028<\/p>\n<p data-path-to-node=\"22\"><b data-path-to-node=\"22\" data-index-in-node=\"0\">SUPLENTE: Eng. Civil LENO DE LIMA PORTELA<\/b><\/p>\n<p data-path-to-node=\"22\">E-mail: lenoportela47@gmail.com<\/p>\n<p data-path-to-node=\"22\">Mandato: 12\/01\/2026 a 31\/12\/2028<\/p>\n<hr data-path-to-node=\"23\" \/>\n<h3 data-path-to-node=\"24\"><b data-path-to-node=\"24\" data-index-in-node=\"0\">5) Associa\u00e7\u00e3o dos Engenheiros Agr\u00f4nomos do Piau\u00ed \u2013 AEAPI<\/b><\/h3>\n<p data-path-to-node=\"25\"><b data-path-to-node=\"25\" data-index-in-node=\"0\">08 TITULAR: Eng. Agr\u00f4nomo GILBERVAL VIEIRA FERREIRA DA SILVA<\/b><\/p>\n<p data-path-to-node=\"25\">E-mail: gilbervalvieira13@hotmail.com<\/p>\n<p data-path-to-node=\"25\">Mandato: 15\/01\/2024 a 31\/12\/2026<\/p>\n<p data-path-to-node=\"26\"><b data-path-to-node=\"26\" data-index-in-node=\"0\">SUPLENTE: Eng. Agr\u00f4nomo LEOV\u00c2NIO RODRIGUES BARBOSA<\/b><\/p>\n<p data-path-to-node=\"26\">E-mail: leovaniobarbosa@hotmail.com<\/p>\n<p data-path-to-node=\"26\">Mandato: 15\/01\/2024 a 31\/12\/2026<\/p>\n<hr data-path-to-node=\"27\" \/>\n<h3 data-path-to-node=\"28\"><b data-path-to-node=\"28\" data-index-in-node=\"0\">6) Associa\u00e7\u00e3o dos Ge\u00f3logos do Piau\u00ed &#8211; AGEPI<\/b><\/h3>\n<p data-path-to-node=\"29\"><b data-path-to-node=\"29\" data-index-in-node=\"0\">09 TITULAR: Ge\u00f3logo JAIME DA PAZ FILHO &#8211; SEM SUPLENTE<\/b><\/p>\n<p data-path-to-node=\"29\">E-mail: jaimefpaz@hotmail.com<\/p>\n<p data-path-to-node=\"29\">Mandato: 15\/01\/2024 a 31\/12\/2026<\/p>\n<hr data-path-to-node=\"30\" \/>\n<h3 data-path-to-node=\"31\"><b data-path-to-node=\"31\" data-index-in-node=\"0\">7) Associa\u00e7\u00e3o Piauiense dos Engenheiros de Seguran\u00e7a do Trabalho &#8211; APIEST<\/b><\/h3>\n<p data-path-to-node=\"32\"><b data-path-to-node=\"32\" data-index-in-node=\"0\">10 TITULAR: Eng. Seg. Trab. WALTERWILSON CARVALHO LEITE<\/b><\/p>\n<p data-path-to-node=\"32\">E-mail: wleite5@gmail.com Mandato: 08\/01\/2025 a 31\/12\/2027<\/p>\n<p data-path-to-node=\"33\"><b data-path-to-node=\"33\" data-index-in-node=\"0\">SUPLENTE: V\u00cdCTOR VIRG\u00cdLIO DE LIMA MEDEIROS<\/b><\/p>\n<p data-path-to-node=\"33\">E-mail: virgilio_medeiros@hotmail.com<\/p>\n<p data-path-to-node=\"33\">Mandato: 08\/01\/2025 a 31\/12\/2027<\/p>\n<hr data-path-to-node=\"34\" \/>\n<h3 data-path-to-node=\"35\"><b data-path-to-node=\"35\" data-index-in-node=\"0\">8) Associa\u00e7\u00e3o Profissional dos Engenheiros do Piau\u00ed &#8211; ASPENP<\/b><\/h3>\n<p data-path-to-node=\"36\"><b data-path-to-node=\"36\" data-index-in-node=\"0\">11 TITULAR: Eng. Civil LEONARDO BORGES DE MOURA<\/b><\/p>\n<p data-path-to-node=\"36\">Email: leonmsn11@hotmail.com<\/p>\n<p data-path-to-node=\"36\">Mandato: 15\/01\/2024 a 31\/12\/2026<\/p>\n<p data-path-to-node=\"37\"><b data-path-to-node=\"37\" data-index-in-node=\"0\">SUPLENTE: Eng. Civil FRANCISCO JOS\u00c9 DE BRITO<\/b><\/p>\n<p data-path-to-node=\"37\">E-mail: francisco-brito13@hotmail.com<\/p>\n<p data-path-to-node=\"37\">Mandato: 15\/01\/2024 a 31\/12\/2026<\/p>\n<p data-path-to-node=\"38\"><b data-path-to-node=\"38\" data-index-in-node=\"0\">12 TITULAR: Eng. Civil MARCO ANT\u00d4NIO FRAZ\u00c3O MOURA F\u00c9<\/b><\/p>\n<p data-path-to-node=\"38\">E-mail: marcomfe@hotmail.com<\/p>\n<p data-path-to-node=\"38\">Mandato: 12\/01\/2026 a 31\/12\/2028<\/p>\n<p data-path-to-node=\"39\"><b data-path-to-node=\"39\" data-index-in-node=\"0\">SUPLENTE: Eng. Civil GUSTAVO JOS\u00c9 DE CARVALHO ALBUQUERQUE SANTOS<\/b><\/p>\n<p data-path-to-node=\"39\">E-mail: engcivilgustavoalbuquerque@hotmail.com<\/p>\n<p data-path-to-node=\"39\">Mandato: 12\/01\/2026 a 31\/12\/2028<\/p>\n<p data-path-to-node=\"40\"><b data-path-to-node=\"40\" data-index-in-node=\"0\">13 TITULAR: Eng. de Produ\u00e7\u00e3o THA\u00cdSE CEC\u00cdLIA CABRAL CHAVES ALVES<\/b><\/p>\n<p data-path-to-node=\"40\">E-mail: eng.thaise.alves@gmail.com<\/p>\n<p data-path-to-node=\"40\">Mandato: 12\/01\/2026 a 31\/12\/2028<\/p>\n<p data-path-to-node=\"41\"><b data-path-to-node=\"41\" data-index-in-node=\"0\">SUPLENTE: Eng. de Produ\u00e7\u00e3o MANOEL LINO DOS SANTOS NETO<\/b><\/p>\n<p data-path-to-node=\"41\">E-mail: manoellino_25@hotmail.com<\/p>\n<p data-path-to-node=\"41\">Mandato: 12\/01\/2026 a 31\/12\/2028<\/p>\n<hr data-path-to-node=\"42\" \/>\n<h3 data-path-to-node=\"43\"><b data-path-to-node=\"43\" data-index-in-node=\"0\">9) Associa\u00e7\u00e3o Brasileira dos Engenheiros Civis &#8211; Departamento Piau\u00ed \u2013 ABENC-PI<\/b><\/h3>\n<p data-path-to-node=\"44\"><b data-path-to-node=\"44\" data-index-in-node=\"0\">14 TITULAR: Eng. Civil FRANK PESSOA AVELINO<\/b><\/p>\n<p data-path-to-node=\"44\">E-mail: frankpessoa@gmail.com<\/p>\n<p data-path-to-node=\"44\">Mandato: 15\/01\/2024 a 31\/12\/2026<\/p>\n<p data-path-to-node=\"45\"><b data-path-to-node=\"45\" data-index-in-node=\"0\">SUPLENTE: Eng. Civil ANTONIO CARLOS LOPES MORAIS<\/b><\/p>\n<p data-path-to-node=\"45\">E-mail: acprojetos2008@hotmail.com<\/p>\n<p data-path-to-node=\"45\">Mandato: 24\/01\/2024 a 31\/12\/2026<\/p>\n<p data-path-to-node=\"46\"><b data-path-to-node=\"46\" data-index-in-node=\"0\">15 TITULAR: Eng. Civil DOMINIQUE DE OLIVEIRA MOURA<\/b><\/p>\n<p data-path-to-node=\"46\">Email: dominiqueoliveira7@hotmail.com<\/p>\n<p data-path-to-node=\"46\">Mandato: 15\/01\/2024 a 31\/12\/2026<\/p>\n<p data-path-to-node=\"47\"><b data-path-to-node=\"47\" data-index-in-node=\"0\">SUPLENTE: Eng. Civil GIL EANNES VIEIRA ROCHA<\/b><\/p>\n<p data-path-to-node=\"47\">E-mail: gileannes@hotmail.com<\/p>\n<p data-path-to-node=\"47\">Mandato: 15\/01\/2024 a 31\/12\/2026<\/p>\n<p data-path-to-node=\"48\"><b data-path-to-node=\"48\" data-index-in-node=\"0\">16 TITULAR: Eng. Civil AURINO CESAR DE BARROS<\/b><\/p>\n<p data-path-to-node=\"48\">E-mail: _acbn10@yahoo.com.br<\/p>\n<p data-path-to-node=\"48\">Mandato: 15\/01\/2024 a 31\/12\/2026<\/p>\n<p data-path-to-node=\"49\"><b data-path-to-node=\"49\" data-index-in-node=\"0\">SUPLENTE: Eng. Civil CARLOS ORESTES ARA\u00daJO CAVALCANTE<\/b><\/p>\n<p data-path-to-node=\"49\">E-mail: orestescavalcante@hotmail.com<\/p>\n<p data-path-to-node=\"49\">Mandato: 15\/01\/2024 a 31\/12\/2026<\/p>\n<p data-path-to-node=\"50\"><b data-path-to-node=\"50\" data-index-in-node=\"0\">17 TITULAR: Eng. Civil JOYCE MEDEIROS DE BRITO COUTINHO<\/b><\/p>\n<p data-path-to-node=\"50\">E-mail: eng.joycemedeiros@gmail.com<\/p>\n<p data-path-to-node=\"50\">Mandato: 12\/01\/2026 a 31\/12\/2028<\/p>\n<p data-path-to-node=\"51\"><b data-path-to-node=\"51\" data-index-in-node=\"0\">SUPLENTE: Eng. Civil BRUNO MARINHO SOARES DE OLIVEIRA<\/b><\/p>\n<p data-path-to-node=\"51\">E-mail: eng.bmarinho@gmail.com<\/p>\n<p data-path-to-node=\"51\">Mandato: 12\/01\/2026 a 31\/12\/2028<\/p>\n<p data-path-to-node=\"52\"><b data-path-to-node=\"52\" data-index-in-node=\"0\">18 TITULAR: Eng. Civil ERIC MARINHO DO NASCIMENTO<\/b><\/p>\n<p data-path-to-node=\"52\">Email: ericmarinhonascimento@hotmail.com<\/p>\n<p data-path-to-node=\"52\">Mandato: 12\/01\/2026 a 31\/12\/2028<\/p>\n<p data-path-to-node=\"53\"><b data-path-to-node=\"53\" data-index-in-node=\"0\">SUPLENTE: Eng. Civil GIL ALVES DOS SANTOS JUNIOR<\/b><\/p>\n<p data-path-to-node=\"53\">E-mail: prof.giljunior@gmail.com<\/p>\n<p data-path-to-node=\"53\">Mandato: 12\/01\/2026 a 31\/12\/2028<\/p>\n<hr data-path-to-node=\"54\" \/>\n<h3 data-path-to-node=\"55\"><b data-path-to-node=\"55\" data-index-in-node=\"0\">10) Associa\u00e7\u00e3o dos Engenheiros Agr\u00f4nomos da Macrorregi\u00e3o de Picos &#8211; AEAMP<\/b><\/h3>\n<p data-path-to-node=\"56\"><b data-path-to-node=\"56\" data-index-in-node=\"0\">19 TITULAR: Eng. Agr\u00f4nomo JOS\u00c9 DE OLIVEIRA ALBANO J\u00daNIOR<\/b><\/p>\n<p data-path-to-node=\"56\">Email: ALBANOJUNIOR00@gmail.com.br<\/p>\n<p data-path-to-node=\"56\">Mandato: 12\/01\/2026 a 31\/12\/2028<\/p>\n<p data-path-to-node=\"57\"><b data-path-to-node=\"57\" data-index-in-node=\"0\">SUPLENTE: Eng. Agr\u00f4nomo LINDERBERG CIPRIANO DE MOURA<\/b><\/p>\n<p data-path-to-node=\"57\">E-mail: lindembergagro25@gmail.com<\/p>\n<p data-path-to-node=\"57\">Mandato: 12\/01\/2026 a 31\/12\/2028<\/p>\n<hr data-path-to-node=\"58\" \/>\n<h3 data-path-to-node=\"59\"><b data-path-to-node=\"59\" data-index-in-node=\"0\">11) Associa\u00e7\u00e3o dos Engenheiros do Norte do Piau\u00ed &#8211; AENPI<\/b><\/h3>\n<p data-path-to-node=\"60\"><b data-path-to-node=\"60\" data-index-in-node=\"0\">20 TITULAR: Eng. Agr\u00f4noma JOS\u00c9LIA CORREIA DAMASCENO GALV\u00c3O<\/b><\/p>\n<p data-path-to-node=\"60\">E-mail: joseliadamasceno@yahoo.com.br<\/p>\n<p data-path-to-node=\"60\">Mandato: 08\/01\/2025 a 31\/12\/2027<\/p>\n<p data-path-to-node=\"61\"><b data-path-to-node=\"61\" data-index-in-node=\"0\">SUPLENTE: Eng. Agr\u00f4noma ANA PAULA SILVA DE ALMEIDA<\/b><\/p>\n<p data-path-to-node=\"61\">E-mail: anapalmeidajus@gmail.com<\/p>\n<p data-path-to-node=\"61\">Mandato: 08\/01\/2025 a 31\/12\/2027<\/p>\n<hr data-path-to-node=\"62\" \/>\n<h3 data-path-to-node=\"63\"><b data-path-to-node=\"63\" data-index-in-node=\"0\">12) Associa\u00e7\u00e3o Brasileira de Engenheiros Eletricistas &#8211; Se\u00e7\u00e3o Piau\u00ed \u2013 ABEE-PI<\/b><\/h3>\n<p data-path-to-node=\"64\"><b data-path-to-node=\"64\" data-index-in-node=\"0\">21 TITULAR: Eng. Eletricista MOACYR FREITAS DE ALMENDRA GAYOSO JUNIOR<\/b><\/p>\n<p data-path-to-node=\"64\">E-mail: moacyrgayoso@gmail.com<\/p>\n<p data-path-to-node=\"64\">Mandato: 12\/01\/2026 a 31\/12\/2028<\/p>\n<p data-path-to-node=\"65\"><b data-path-to-node=\"65\" data-index-in-node=\"0\">SUPLENTE: Eng. Eletricista ANTONIO WENDELL BRAGA DE OLIVEIRA JUNIOR<\/b><\/p>\n<p data-path-to-node=\"65\">E-mail: wenndelljr14@gmail.com<\/p>\n<p data-path-to-node=\"65\">Mandato: 12\/01\/2026 a 31\/12\/2028<\/p>\n<hr data-path-to-node=\"66\" \/>\n<h3 data-path-to-node=\"67\"><b data-path-to-node=\"67\" data-index-in-node=\"0\">REPRESENTANTES DE INSTITUI\u00c7\u00d5ES DE ENSINO<\/b><\/h3>\n<p data-path-to-node=\"68\"><b data-path-to-node=\"68\" data-index-in-node=\"0\">1) Universidade Federal do Piau\u00ed &#8211; UFPI<\/b><\/p>\n<p data-path-to-node=\"69\"><b data-path-to-node=\"69\" data-index-in-node=\"0\">22 TITULAR: Eng. Agrimensor LEANDRO ITALO BARBOSA DE MEDEIROS<\/b><\/p>\n<p data-path-to-node=\"69\">E-mail: eng.leandromedeiros@gmail.com<\/p>\n<p data-path-to-node=\"69\">Mandato: 08\/01\/2025 a 31\/12\/2027<\/p>\n<p data-path-to-node=\"70\"><b data-path-to-node=\"70\" data-index-in-node=\"0\">SUPLENTE: Eng. Agrimensor DENIEZIO DOS SANTOS GOMES<\/b><\/p>\n<p data-path-to-node=\"70\">E-mail: deniezio@hotmail.com<\/p>\n<p data-path-to-node=\"70\">Mandato: 08\/01\/2025 a 31\/12\/2027<\/p>\n<p data-path-to-node=\"71\"><b data-path-to-node=\"71\" data-index-in-node=\"0\">23 TITULAR: <\/b><\/p>\n<p data-path-to-node=\"72\"><b data-path-to-node=\"72\" data-index-in-node=\"0\">SUPLENTE: Eng. Agr\u00f4nomo LUIS ALFREDO PINHEIRO LEAL NUNES<\/b><\/p>\n<p data-path-to-node=\"72\">E-mail: luisalfredo@ufpi.edu.br<\/p>\n<p data-path-to-node=\"72\">Mandato: 15\/01\/2024 a 31\/12\/2026<\/p>\n<p data-path-to-node=\"73\"><b data-path-to-node=\"73\" data-index-in-node=\"0\">2) Universidade Estadual do Piau\u00ed &#8211; UESPI<\/b><\/p>\n<p data-path-to-node=\"74\"><b data-path-to-node=\"74\" data-index-in-node=\"0\">24 TITULAR: Eng. Agr\u00f4nomo FERNANDO SILVA ARAUJO<\/b><\/p>\n<p data-path-to-node=\"74\">Email: fernandoaraujo@phb.uespi.br<\/p>\n<p data-path-to-node=\"74\">Mandato: 29\/01\/2024 a 31\/12\/2026<\/p>\n<p data-path-to-node=\"75\"><b data-path-to-node=\"75\" data-index-in-node=\"0\">SUPLENTE: Eng. Agr\u00f4nomo SAMMY SIDNEY ROCHA MATIAS<\/b><\/p>\n<p data-path-to-node=\"75\">E-mail: ymmas2001@yahoo.com.br<\/p>\n<p data-path-to-node=\"75\">Mandato: 29\/01\/2024 a 31\/12\/2026<\/p>\n<p data-path-to-node=\"76\"><b data-path-to-node=\"76\" data-index-in-node=\"0\">25 TITULAR: Eng. Eletricista JOS\u00c9 DE OLIVEIRA BRITO NETO<\/b><\/p>\n<p data-path-to-node=\"76\">E-mail: jbritoneto@ctu.uespi.br<\/p>\n<p data-path-to-node=\"76\">Mandato: 08\/01\/2025 a 31\/12\/2027<\/p>\n<p data-path-to-node=\"77\"><b data-path-to-node=\"77\" data-index-in-node=\"0\">SUPLENTE: Eng. Eletricista JUAN DE AGUIAR GON\u00c7ALVES<\/b><\/p>\n<p data-path-to-node=\"77\">E-mail: juan@ctu.uespi.br<\/p>\n<p data-path-to-node=\"77\">Mandato: 08\/01\/2025 a 31\/12\/2027<\/p>\n<p data-path-to-node=\"78\"><b data-path-to-node=\"78\" data-index-in-node=\"0\">3) Instituto Federal de Educa\u00e7\u00e3o, Ci\u00eancia e Tecnologia do Piau\u00ed &#8211; IFPI<\/b><\/p>\n<p data-path-to-node=\"79\"><b data-path-to-node=\"79\" data-index-in-node=\"0\">26 EFETIVO: Eng. Agrimensor JOSEAM CABRAL DE MORAES<\/b><\/p>\n<p data-path-to-node=\"79\">E-mail: joseancabral@hotmail.com<\/p>\n<p data-path-to-node=\"79\">Mandato: 12\/01\/2026 a 31\/12\/2028<\/p>\n<p data-path-to-node=\"80\"><b data-path-to-node=\"80\" data-index-in-node=\"0\">SUPLENTE: Eng. Agrimensor ISRAEL DE OLIVEIRA COSTA<\/b><\/p>\n<p data-path-to-node=\"80\">E-mail: israel.costa@ifpi.edu.br<\/p>\n<p data-path-to-node=\"80\">Mandato: 12\/01\/2026 a 31\/12\/2028<\/p>\n<p data-path-to-node=\"81\"><b data-path-to-node=\"81\" data-index-in-node=\"0\">27 TITULAR: Eng. Agr\u00f4nomo FABR\u00cdCIO NAPOLE\u00c3O ANDRADE<\/b><\/p>\n<p data-path-to-node=\"81\">E-mail: fabricio.andrade@ifpi.edu.br<\/p>\n<p data-path-to-node=\"81\">Mandato: 08\/01\/2025 a 31\/12\/2027<\/p>\n<p data-path-to-node=\"82\"><b data-path-to-node=\"82\" data-index-in-node=\"0\">SUPLENTE: Eng. Agr\u00f4nomo SEBASTI\u00c3O PEREIRA DO NASCIMENTO<\/b><\/p>\n<p data-path-to-node=\"82\">E-mail: spnascimento@ifpi.edu.br<\/p>\n<p data-path-to-node=\"82\">Mandato: 08\/01\/2025 a 31\/12\/2027<\/p>\n<p data-path-to-node=\"83\"><b data-path-to-node=\"83\" data-index-in-node=\"0\">4) Centro Universit\u00e1rio FACID WYDEN \u2013 UNIFACID WYDEN<\/b><\/p>\n<p data-path-to-node=\"84\"><b data-path-to-node=\"84\" data-index-in-node=\"0\">28 TITULAR: Eng. Eletricista \u00cdTALO RODRIGO MONTE SOARES<\/b><\/p>\n<p data-path-to-node=\"84\">E-mail: italo_pi@yahoo.com<\/p>\n<p data-path-to-node=\"84\">Mandato: 08\/01\/2025 a 31\/12\/2027<\/p>\n<p data-path-to-node=\"85\"><b data-path-to-node=\"85\" data-index-in-node=\"0\">SUPLENTE: Eng. Eletricista F\u00c1BIO DE ARA\u00daJO LEITE<\/b><\/p>\n<p data-path-to-node=\"85\">E-mail: farleite@terra.com.br<\/p>\n<p data-path-to-node=\"85\">Mandato: 08\/01\/2025 a 31\/12\/2027<\/p>\n<p data-path-to-node=\"86\"><b data-path-to-node=\"86\" data-index-in-node=\"0\">5) Centro Universit\u00e1rio UNINOVAFAPI<\/b><\/p>\n<p data-path-to-node=\"87\"><b data-path-to-node=\"87\" data-index-in-node=\"0\">29 TITULAR: Eng. Civil RENAN MAYCON MENDES GOMES<\/b><\/p>\n<p data-path-to-node=\"87\">E-mail: renan.gomes@uninovafapi.edu.br<\/p>\n<p data-path-to-node=\"87\">Mandato: 08\/01\/2025 a 31\/12\/2027<\/p>\n<p data-path-to-node=\"88\"><b data-path-to-node=\"88\" data-index-in-node=\"0\">SUPLENTE: Eng. Civil NAT\u00c1SSIA DA SILVA SALES<\/b><\/p>\n<p data-path-to-node=\"88\">E-mail: natassia.sales@uninovafapi.edu.br<\/p>\n<p data-path-to-node=\"88\">Mandato: 08\/01\/2025 a 31\/12\/2027<\/p>\n<p data-path-to-node=\"89\"><b data-path-to-node=\"89\" data-index-in-node=\"0\">6) Centro de Ensino Superior do Vale do Parna\u00edba &#8211; CESVALE<\/b><\/p>\n<p data-path-to-node=\"90\"><b data-path-to-node=\"90\" data-index-in-node=\"0\">30 TITULAR: Eng. Seg.Trab. EDILSON ROCHA DE SOUSA<\/b><\/p>\n<p data-path-to-node=\"90\">E-mail: edilsonsousa04@gmail.com<\/p>\n<p data-path-to-node=\"90\">Mandato: 08\/01\/2025 a 31\/12\/2027<\/p>\n<p data-path-to-node=\"91\"><b data-path-to-node=\"91\" data-index-in-node=\"0\">SUPLENTE: Eng. Seg.Trab. MAURO LUIS FERNANDES DE SOUSA<\/b><\/p>\n<p data-path-to-node=\"91\">E-mail: mauro-pi@hotmail.com<\/p>\n<p data-path-to-node=\"91\">Mandato: 08\/01\/2025 a 31\/12\/2027<\/p>\n<p data-path-to-node=\"92\"><b data-path-to-node=\"92\" data-index-in-node=\"0\">7) Faculdade Est\u00e1cio de Teresina \u2013 Est\u00e1cio Teresina<\/b><\/p>\n<p data-path-to-node=\"93\"><b data-path-to-node=\"93\" data-index-in-node=\"0\">31 SUPLENTE: Eng. Civil BRUNO BANDEIRA CARDOSO<\/b><\/p>\n<p data-path-to-node=\"93\">E-mail: bandeirabruno012@gmail.com<\/p>\n<p data-path-to-node=\"93\">Mandato: 08\/01\/2025 a 31\/12\/2027<\/p>\n<div data-raofz=\"14\"><\/div>\n<div data-raofz=\"14\"><\/div>\n","protected":false},"excerpt":{"rendered":"<p>1) Associa\u00e7\u00e3o dos Engenheiros Agrimensores &#8211; APEAG 01 TITULAR: Eng. Agrimensor L\u00daCIO VIEIRA DE BRITO E-mail: brivito44@yahoo.com.br Mandato: 08\/01\/2025 a 31\/12\/2027 2) Clube de Engenharia do Piau\u00ed \u2013 CEPI 02 TITULAR: Eng. Eletricista GABRIEL PIRES ASSUN\u00c7\u00c3O J\u00daNIOR E-mail: gabrieljr.7@hotmail.com Mandato: 15\/01\/2024 a 31\/12\/2026 SUPLENTE: Eng. Eletricista JOSELITO F\u00c9LIX SILVA FILHO E-mail: joselitof37@gmail.com Mandato: 15\/02\/2024 a&#8230;<\/p>\n","protected":false},"author":3,"featured_media":0,"parent":0,"menu_order":0,"comment_status":"closed","ping_status":"closed","template":"","meta":{"om_disable_all_campaigns":false,"_monsterinsights_skip_tracking":false,"_monsterinsights_sitenote_active":false,"_monsterinsights_sitenote_note":"","_monsterinsights_sitenote_category":0,"_kad_post_transparent":"default","_kad_post_title":"default","_kad_post_layout":"default","_kad_post_sidebar_id":"","_kad_post_content_style":"default","_kad_post_vertical_padding":"default","_kad_post_feature":"","_kad_post_feature_position":"","_kad_post_header":false,"_kad_post_footer":false,"footnotes":""},"aioseo_notices":[],"_links":{"self":[{"href":"https:\/\/transparencia.crea-pi.org.br\/index.php\/wp-json\/wp\/v2\/pages\/107"}],"collection":[{"href":"https:\/\/transparencia.crea-pi.org.br\/index.php\/wp-json\/wp\/v2\/pages"}],"about":[{"href":"https:\/\/transparencia.crea-pi.org.br\/index.php\/wp-json\/wp\/v2\/types\/page"}],"author":[{"embeddable":true,"href":"https:\/\/transparencia.crea-pi.org.br\/index.php\/wp-json\/wp\/v2\/users\/3"}],"replies":[{"embeddable":true,"href":"https:\/\/transparencia.crea-pi.org.br\/index.php\/wp-json\/wp\/v2\/comments?post=107"}],"version-history":[{"count":19,"href":"https:\/\/transparencia.crea-pi.org.br\/index.php\/wp-json\/wp\/v2\/pages\/107\/revisions"}],"predecessor-version":[{"id":7580,"href":"https:\/\/transparencia.crea-pi.org.br\/index.php\/wp-json\/wp\/v2\/pages\/107\/revisions\/7580"}],"wp:attachment":[{"href":"https:\/\/transparencia.crea-pi.org.br\/index.php\/wp-json\/wp\/v2\/media?parent=107"}],"curies":[{"name":"wp","href":"https:\/\/api.w.org\/{rel}","templated":true}]}}